{"id":3589,"date":"2015-09-25T21:10:24","date_gmt":"2015-09-25T19:10:24","guid":{"rendered":"http:\/\/www.contibelt.com\/?page_id=3589"},"modified":"2025-10-16T11:03:35","modified_gmt":"2025-10-16T09:03:35","slug":"disclaimer","status":"publish","type":"page","link":"https:\/\/contibelt.com\/fr\/disclaimer\/","title":{"rendered":"Disclaimer"},"content":{"rendered":"<div id='av_section_1'  class='avia-section av-2ggnts-69e0a498340ce26714e6a53604589bc4 main_color avia-section-default avia-no-border-styling  avia-builder-el-0  avia-builder-el-no-sibling  avia-bg-style-scroll container_wrap fullsize'  ><div class='container av-section-cont-open' ><main  role=\"main\" itemprop=\"mainContentOfPage\"  class='template-page content  av-content-full alpha units'><div class='post-entry post-entry-type-page post-entry-3589'><div class='entry-content-wrapper clearfix'>\n<section  class='av_textblock_section av-mgs033wp-1d84ac6b8d5125c6dc72e2845acdbc3e '   itemscope=\"itemscope\" itemtype=\"https:\/\/schema.org\/CreativeWork\" ><div class='avia_textblock'  itemprop=\"text\" ><h1><em>Disclaimer<\/em><\/h1>\n<p>Contibelt est membre de la chambre de commerce Autrichienne. Pour recevoir plus d\u2019information sur notre soci\u00e9t\u00e9 comme pr\u00e9scrit dans la loi Autrichienne sur le commerce \u00e9lectronique (Informationspflicht lt. \u00a75 E-Commerce Gesetz, \u00a714 Unternehmensgesetzbuch bzw. \u00a763 Gewerbeordnung und Offenlegungspflicht lt. \u00a725 Mediengesetz), veuillez suivre ce <a href=\"http:\/\/firmena-z.wko.at\/ecg.asp?mg=1184507\" target=\"_blank\" rel=\"noopener noreferrer\">lien<\/a>. <\/p>\n<h2><em>Disclaimer &amp; Privacy Policy:<\/em><\/h2>\n<p>Il nous n\u2019est pas impossible de garantir l\u2019authenticit\u00e9, l\u2019exactitude et l\u2019int\u00e9gralit\u00e9 des informations mises \u00e0 disposition sur Internet.<br \/>En aucun cas Contibelt ne saurait \u00eatre engag\u00e9, ni tenu pour responsable, et, de ce fait d\u00e9cline toutes responsabilit\u00e9s juridiques, financi\u00e8res ou autres, pour l\u2019utilisation des donn\u00e9es, ou des informations se trouvant sur ce site Internet, et ce, quelque soit leur origine.<br \/>Sans accord \u00e9crit pr\u00e9alable, il est interdit d\u2019utiliser du data mining, des robots ou autres outils de collecte de donn\u00e9es ou d\u2019extraction sur le contenu sur nos serveurs. Exclus de cette interdiction sont des robots et spiders des outils de r\u00e9cherche internet.  <\/p>\n<p>Contibelt vous rappelle que vous disposez d\u2019un droit d\u2019acc\u00e8s, de modification, de rectification et de suppression des donn\u00e9es qui vous concernent (art. 34 de la loi \u00ab Informatique et Libert\u00e9s \u00bb n\u00b078-17 du 16 janvier 1978). Pour exercer ce droit, vous pouvez vous adresser \u00e0 Contibelt Band Systeme GmbH, Heid-Werkstrasse 3, A-2000 Stockerau, Autriche.<\/p>\n<h2><em>Cookies:<\/em><\/h2>\n<p>Le site que vous visitez utilise des traceurs (cookies). Un traceurs est un petit fichier de donn\u00e9es envoy\u00e9 \u00e0 votre navigateur lorsque vous consultez notre site.<br \/>Vous pouvez bloquer les cookies en activant le param\u00e8tre de votre navigateur vous permettant de refuser tout ou certains des cookies. Si vous choisissez de bloquer tous les cookies vous ne serez plus en mesure d\u2019acc\u00e9der \u00e0 tout ou partie de notre site.       <\/p>\n<h2><em>Contacter Contibelt :<\/em><\/h2>\n<p>Si vous nous contactez par e-mail, nous pouvons conserver les coordonn\u00e9es que vous nous fournissez pendant une p\u00e9riode de six mois. Cela nous permet de mieux r\u00e9pondre \u00e0 vos questions. Nous utiliserons les coordonn\u00e9es que vous nous fournissez uniquement \u00e0 des fins internes et ne les transmettrons pas \u00e0 des tiers sans votre consentement.  <\/p>\n<h2><em>Google Analytics:<\/em><\/h2>\n<p>Ce site internet utilise Google Analytics. Veuillez cliquer sur le lien suivant pour apprendre des details sur Google Analytics: <a href=\"https:\/\/www.google.com\/analytics\/terms\/\">https:\/\/www.google.com\/analytics\/terms\/<\/a> <\/p>\n<p>De plus, vous pouvez \u00e9viter l\u2019enregistrement des donn\u00e9es g\u00e9n\u00e9r\u00e9es par des cookies Google et leur traitement par Google en t\u00e9l\u00e9chargeant et en installant le plug-in pour navigateur disponible au lien suivant : <a href=\"https:\/\/tools.google.com\/dlpage\/gaoptout\">tools.google.com\/dlpage\/gaoptout.<\/a><\/p>\n<p>Ce site utilise Google Analytics avec l\u2019extension de fonction \u00ab ga(\u2019set\u2018, \u201aanonymizeIp\u2018, true); \u00bb. Les adresses IP ne seront trait\u00e9es que dans leur forme abr\u00e9g\u00e9e par Google Analytics, ce qui fait impossible l\u2019identification de l\u2019utilisateur par son adresse IP.<\/p>\n<\/div><\/section>\n\n","protected":false},"excerpt":{"rendered":"","protected":false},"author":2,"featured_media":0,"parent":0,"menu_order":0,"comment_status":"closed","ping_status":"closed","template":"","meta":{"footnotes":""},"class_list":["post-3589","page","type-page","status-publish","hentry"],"_links":{"self":[{"href":"https:\/\/contibelt.com\/fr\/wp-json\/wp\/v2\/pages\/3589","targetHints":{"allow":["GET"]}}],"collection":[{"href":"https:\/\/contibelt.com\/fr\/wp-json\/wp\/v2\/pages"}],"about":[{"href":"https:\/\/contibelt.com\/fr\/wp-json\/wp\/v2\/types\/page"}],"author":[{"embeddable":true,"href":"https:\/\/contibelt.com\/fr\/wp-json\/wp\/v2\/users\/2"}],"replies":[{"embeddable":true,"href":"https:\/\/contibelt.com\/fr\/wp-json\/wp\/v2\/comments?post=3589"}],"version-history":[{"count":3,"href":"https:\/\/contibelt.com\/fr\/wp-json\/wp\/v2\/pages\/3589\/revisions"}],"predecessor-version":[{"id":297529,"href":"https:\/\/contibelt.com\/fr\/wp-json\/wp\/v2\/pages\/3589\/revisions\/297529"}],"wp:attachment":[{"href":"https:\/\/contibelt.com\/fr\/wp-json\/wp\/v2\/media?parent=3589"}],"curies":[{"name":"wp","href":"https:\/\/api.w.org\/{rel}","templated":true}]}}