{"id":297975,"date":"2025-10-16T13:21:05","date_gmt":"2025-10-16T11:21:05","guid":{"rendered":"https:\/\/contibelt.baldneu.at\/courroies-trapezoidales-2\/"},"modified":"2025-10-16T13:58:15","modified_gmt":"2025-10-16T11:58:15","slug":"courroies-trapezoidales","status":"publish","type":"page","link":"https:\/\/contibelt.com\/fr\/courroies-trapezoidales\/","title":{"rendered":"Courroies trap\u00e9zo\u00efdales"},"content":{"rendered":"<div id='av_section_1'  class='avia-section av-g6830k-c51febb5e67c3b83a15a9a62378139a6 main_color avia-section-default avia-no-shadow  avia-builder-el-0  avia-builder-el-no-sibling  avia-bg-style-scroll container_wrap fullsize'  ><div class='container av-section-cont-open' ><main  role=\"main\" itemprop=\"mainContentOfPage\"  class='template-page content  av-content-full alpha units'><div class='post-entry post-entry-type-page post-entry-297975'><div class='entry-content-wrapper clearfix'>\n<div  class='flex_column av-e0n36c-7bd77e2bf3011b64b7ffb640f96267ab av_one_half  avia-builder-el-1  el_before_av_one_half  avia-builder-el-first  first flex_column_div  '     ><style type=\"text\/css\" data-created_by=\"avia_inline_auto\" id=\"style-css-av-mgs4brtw-0ed90ae611e442af6724e8c8d4cc595d\">\n.avia-image-container.av-mgs4brtw-0ed90ae611e442af6724e8c8d4cc595d img.avia_image{\nbox-shadow:none;\n}\n.avia-image-container.av-mgs4brtw-0ed90ae611e442af6724e8c8d4cc595d .av-image-caption-overlay-center{\ncolor:#ffffff;\n}\n<\/style>\n<div  class='avia-image-container av-mgs4brtw-0ed90ae611e442af6724e8c8d4cc595d av-styling- avia_animated_image av-animated-when-visible-95 left-to-right avia-align-right  avia-builder-el-2  avia-builder-el-no-sibling '   itemprop=\"image\" itemscope=\"itemscope\" itemtype=\"https:\/\/schema.org\/ImageObject\" ><div class=\"avia-image-container-inner\"><div class=\"avia-image-overlay-wrap\"><img decoding=\"async\" fetchpriority=\"high\" class='wp-image-2775 avia-img-lazy-loading-not-2775 avia_image ' src=\"https:\/\/contibelt.com\/wp-content\/uploads\/2015\/07\/9_Keilriemen.jpg\" alt='' title='9_Keilriemen'  height=\"800\" width=\"1200\"  itemprop=\"thumbnailUrl\"  \/><\/div><\/div><\/div><\/div><div  class='flex_column av-cv08uc-25f364b55d7e9cad83041c442172f752 av_one_half  avia-builder-el-3  el_after_av_one_half  el_before_av_hr  flex_column_div  '     ><section  class='av_textblock_section av-mgs4ae85-0a2f3bb4cfee3a2b12b372e000eb94d0 '   itemscope=\"itemscope\" itemtype=\"https:\/\/schema.org\/CreativeWork\" ><div class='avia_textblock'  itemprop=\"text\" ><h1>Courroies trap\u00e9zo\u00efdales<\/h1>\n<\/div><\/section><br \/>\n<div  class='hr av-asykc4-ecb07c9f9f60a2777c56dd692e90e2d2 hr-short  avia-builder-el-5  el_after_av_textblock  el_before_av_textblock  hr-left'><span class='hr-inner '><span class=\"hr-inner-style\"><\/span><\/span><\/div><br \/>\n<section  class='av_textblock_section av-mgs4almd-437ba137aeeafc286f23f6b5b2013403 '   itemscope=\"itemscope\" itemtype=\"https:\/\/schema.org\/CreativeWork\" ><div class='avia_textblock'  itemprop=\"text\" ><p>Dans les presses \u00e0 vulcaniser le caoutchouc ou autres \u00e9lastom\u00e8res, appel\u00e9es aussi \u00ab ROTOCURE \u00bb la bande en acier est un \u00e9l\u00e9ment essentiel pour obtenir un bon produit.Des bandes avec de hautes r\u00e9sistances m\u00e9caniques participent \u00e0 ce r\u00e9sultat. Les bandes ont une fonction de transfert de chaleur, et pressage, en m\u00eame temps. Comme la bande acier a une influence directe sur la qualit\u00e9 du produit final, cette application impose une bande en acier avec une uniformit\u00e9 d\u2019\u00e9paisseur, un fini de surface. Pour plus de renseignements, veuillez consulter les documents ci-dessous: <strong><a href=\"http:\/\/www.contibelt.com\/wp-content\/uploads\/2015\/11\/application-rotocure.pdf\" target=\"_blank\" rel=\"noopener\">Courroies Trapezoidales<\/a><\/strong><\/p>\n<\/div><\/section><br \/>\n<div  class='hr av-8w0zx0-0e8ae84b47ab6ae2df0d7db6eac3ed2b hr-short  avia-builder-el-7  el_after_av_textblock  el_before_av_textblock  hr-left'><span class='hr-inner '><span class=\"hr-inner-style\"><\/span><\/span><\/div><br \/>\n<section  class='av_textblock_section av-mgs4b7d2-7b12d2d4cdbbe8fdc5c2f798f21fbd6d '   itemscope=\"itemscope\" itemtype=\"https:\/\/schema.org\/CreativeWork\" ><div class='avia_textblock'  itemprop=\"text\" ><h3>T\u00e9l\u00e9charger les documents :<\/h3>\n<p><a href=\"\/wp-content\/uploads\/2015\/11\/Material-Data-Sheet-CB-630-SGM.pdf\" target=\"_blank\" rel=\"noopener\">Material Data Sheet: CB 630 SGM<\/a><\/p>\n<\/div><\/section><\/p><\/div><div  class='hr av-77751g-b7e777389dc507845fe947f23f241da1 hr-full  avia-builder-el-9  el_after_av_one_half  el_before_av_textblock  hr-no-shadow'><span class='hr-inner '><span class=\"hr-inner-style\"><\/span><\/span><\/div>\n<section  class='av_textblock_section av-5dkbb8-c49608e566bd744e90ff45bba163ab04 '   itemscope=\"itemscope\" itemtype=\"https:\/\/schema.org\/CreativeWork\" ><div class='avia_textblock'  itemprop=\"text\" ><h2 style=\"text-align: center;\">Vous pourriez \u00e9galement \u00eatre int\u00e9ress\u00e9 par :<\/h2>\n<\/div><\/section>\n<div  class='avia-content-slider-element-container av-mgs4drwx-a16b5e74624b6215422929c93f33d5d3 avia-content-slider-element-slider avia-content-slider avia-smallarrow-slider avia-content-slider-active avia-content-slider-odd  avia-builder-el-11  el_after_av_textblock  avia-builder-el-last  av-slideshow-ui av-control-default av-nav-arrows-visible av-nav-dots-visible av-no-slider-navigation av-slideshow-manual av-loop-once av-loop-manual-endless avia-content-slider1' data-slideshow-options=\"{&quot;animation&quot;:&quot;slide&quot;,&quot;autoplay&quot;:false,&quot;loop_autoplay&quot;:&quot;once&quot;,&quot;interval&quot;:5,&quot;loop_manual&quot;:&quot;manual-endless&quot;,&quot;autoplay_stopper&quot;:false,&quot;noNavigation&quot;:false,&quot;bg_slider&quot;:false,&quot;keep_padding&quot;:&quot;&quot;,&quot;hoverpause&quot;:false,&quot;show_slide_delay&quot;:30}\"><div class='avia-smallarrow-slider-heading  no-content-slider-heading '><div class='new-special-heading'>&nbsp;<\/div><\/div><div class=\"avia-content-slider-inner\"><div class=\"slide-entry-wrap\"><section class='slide-entry av-dbrck-1eabe87f92f2e760d1cf080880ecb94e flex_column av_one_third post-entry slide-entry-overview slide-loop-1 slide-parity-odd  first'  itemscope=\"itemscope\" itemtype=\"https:\/\/schema.org\/CreativeWork\" ><h3 class='slide-entry-title entry-title '  itemprop=\"headline\" ><a href='https:\/\/contibelt.com\/fr\/joint-en-caoutchouc\/'  title='Feuilles de caoutchouc'>Feuilles de caoutchouc<\/a><\/h3><div class='slide-entry-excerpt entry-content'  itemprop=\"text\" ><p><a href=\"https:\/\/contibelt.com\/fr\/joint-en-caoutchouc\/\"><img loading=\"lazy\" decoding=\"async\" class=\"size-medium wp-image-3516\" src=\"https:\/\/contibelt.com\/wp-content\/uploads\/2015\/09\/iStock_000031959226XLarge_-Dichtungen_800_versuch-300x146.jpg\" alt=\"\" width=\"300\" height=\"146\" srcset=\"https:\/\/contibelt.com\/wp-content\/uploads\/2015\/09\/iStock_000031959226XLarge_-Dichtungen_800_versuch-300x146.jpg 300w, https:\/\/contibelt.com\/wp-content\/uploads\/2015\/09\/iStock_000031959226XLarge_-Dichtungen_800_versuch-1024x500.jpg 1024w, https:\/\/contibelt.com\/wp-content\/uploads\/2015\/09\/iStock_000031959226XLarge_-Dichtungen_800_versuch.jpg 1650w\" sizes=\"auto, (max-width: 300px) 100vw, 300px\" \/><\/a><\/p>\n<\/div><\/section><section class='slide-entry av-3b0784-f12657db2dbd4585cd59eec0e75a1167 flex_column av_one_third post-entry slide-entry-overview slide-loop-2 slide-parity-even  '  itemscope=\"itemscope\" itemtype=\"https:\/\/schema.org\/CreativeWork\" ><h3 class='slide-entry-title entry-title '  itemprop=\"headline\" ><a href='https:\/\/contibelt.com\/fr\/membrane\/'  title='Membranes'>Membranes<\/a><\/h3><div class='slide-entry-excerpt entry-content'  itemprop=\"text\" ><p><a href=\"https:\/\/contibelt.com\/fr\/membrane\/\"><img loading=\"lazy\" decoding=\"async\" class=\"alignnone size-medium wp-image-3476\" src=\"https:\/\/contibelt.com\/wp-content\/uploads\/2015\/09\/nasenspray-versuch-drei-ganz-wei%C3%9F-_1200_800_versuch-300x200.jpg\" alt=\"\" width=\"300\" height=\"200\"\/><\/a><\/p>\n<\/div><\/section><section class='slide-entry av-mgs4dqca-f5067c581607a4973e1b4b44503afe20 flex_column av_one_third post-entry slide-entry-overview slide-loop-3 slide-parity-odd  post-entry-last  '  itemscope=\"itemscope\" itemtype=\"https:\/\/schema.org\/CreativeWork\" ><h3 class='slide-entry-title entry-title '  itemprop=\"headline\" ><a href='https:\/\/contibelt.com\/fr\/revetement-de-sol-en-caoutchouc\/'  title='Rev\u00eatement de Sol en Caoutchouc'>Rev\u00eatement de Sol en Caoutchouc<\/a><\/h3><div class='slide-entry-excerpt entry-content'  itemprop=\"text\" ><p><a href=\"https:\/\/contibelt.com\/fr\/revetement-de-sol-en-caoutchouc\/\"><img loading=\"lazy\" decoding=\"async\" class=\"size-medium wp-image-3520\" src=\"https:\/\/contibelt.com\/wp-content\/uploads\/2015\/09\/iStock_000028530502_1200_800_Gummibelag_versuch-300x200.jpg\" alt=\"\" width=\"300\" height=\"200\" srcset=\"https:\/\/contibelt.com\/wp-content\/uploads\/2015\/09\/iStock_000028530502_1200_800_Gummibelag_versuch-300x200.jpg 300w, https:\/\/contibelt.com\/wp-content\/uploads\/2015\/09\/iStock_000028530502_1200_800_Gummibelag_versuch-1024x683.jpg 1024w, https:\/\/contibelt.com\/wp-content\/uploads\/2015\/09\/iStock_000028530502_1200_800_Gummibelag_versuch-500x333.jpg 500w, https:\/\/contibelt.com\/wp-content\/uploads\/2015\/09\/iStock_000028530502_1200_800_Gummibelag_versuch.jpg 1200w\" sizes=\"auto, (max-width: 300px) 100vw, 300px\" \/><\/a><\/p>\n<\/div><\/section><\/div><\/div><\/div>\n\n","protected":false},"excerpt":{"rendered":"","protected":false},"author":2,"featured_media":0,"parent":0,"menu_order":0,"comment_status":"open","ping_status":"open","template":"","meta":{"footnotes":""},"class_list":["post-297975","page","type-page","status-publish","hentry"],"_links":{"self":[{"href":"https:\/\/contibelt.com\/fr\/wp-json\/wp\/v2\/pages\/297975","targetHints":{"allow":["GET"]}}],"collection":[{"href":"https:\/\/contibelt.com\/fr\/wp-json\/wp\/v2\/pages"}],"about":[{"href":"https:\/\/contibelt.com\/fr\/wp-json\/wp\/v2\/types\/page"}],"author":[{"embeddable":true,"href":"https:\/\/contibelt.com\/fr\/wp-json\/wp\/v2\/users\/2"}],"replies":[{"embeddable":true,"href":"https:\/\/contibelt.com\/fr\/wp-json\/wp\/v2\/comments?post=297975"}],"version-history":[{"count":16,"href":"https:\/\/contibelt.com\/fr\/wp-json\/wp\/v2\/pages\/297975\/revisions"}],"predecessor-version":[{"id":298338,"href":"https:\/\/contibelt.com\/fr\/wp-json\/wp\/v2\/pages\/297975\/revisions\/298338"}],"wp:attachment":[{"href":"https:\/\/contibelt.com\/fr\/wp-json\/wp\/v2\/media?parent=297975"}],"curies":[{"name":"wp","href":"https:\/\/api.w.org\/{rel}","templated":true}]}}