{"id":297916,"date":"2025-10-16T12:22:05","date_gmt":"2025-10-16T10:22:05","guid":{"rendered":"https:\/\/contibelt.baldneu.at\/surimi-2\/"},"modified":"2025-10-16T13:37:23","modified_gmt":"2025-10-16T11:37:23","slug":"surimi","status":"publish","type":"page","link":"https:\/\/contibelt.com\/fr\/surimi\/","title":{"rendered":"Surimi"},"content":{"rendered":"<div id='av_section_1'  class='avia-section av-h1ypag-fc5637125ffb87fb63c125071d58e958 main_color avia-section-default avia-no-shadow  avia-builder-el-0  avia-builder-el-no-sibling  avia-bg-style-scroll container_wrap fullsize'  ><div class='container av-section-cont-open' ><main  role=\"main\" itemprop=\"mainContentOfPage\"  class='template-page content  av-content-full alpha units'><div class='post-entry post-entry-type-page post-entry-297916'><div class='entry-content-wrapper clearfix'>\n<div  class='flex_column av-g49kg8-e11b1f2a9e1e18d765e5043b94ec30b6 av_one_half  avia-builder-el-1  el_before_av_one_half  avia-builder-el-first  first flex_column_div  '     ><style type=\"text\/css\" data-created_by=\"avia_inline_auto\" id=\"style-css-av-mgs3za67-523a881c0c321e124867703466c95b2f\">\n.avia-image-container.av-mgs3za67-523a881c0c321e124867703466c95b2f img.avia_image{\nbox-shadow:none;\n}\n.avia-image-container.av-mgs3za67-523a881c0c321e124867703466c95b2f .av-image-caption-overlay-center{\ncolor:#ffffff;\n}\n<\/style>\n<div  class='avia-image-container av-mgs3za67-523a881c0c321e124867703466c95b2f av-styling- avia_animated_image av-animated-when-visible-95 left-to-right avia-align-right  avia-builder-el-2  avia-builder-el-no-sibling '   itemprop=\"image\" itemscope=\"itemscope\" itemtype=\"https:\/\/schema.org\/ImageObject\" ><div class=\"avia-image-container-inner\"><div class=\"avia-image-overlay-wrap\"><img decoding=\"async\" fetchpriority=\"high\" class='wp-image- avia-img-lazy-loading-not- avia_image ' src=\"https:\/\/contibelt.com\/wp-content\/uploads\/2015\/09\/iStock_000020951202Large_Surimi-1200_800-versuch-1024x683.jpg\" alt='' title=''   itemprop=\"thumbnailUrl\"  \/><\/div><\/div><\/div><\/div><div  class='flex_column av-dmzu08-15b96c67c2f676cf1e711eafb66df28c av_one_half  avia-builder-el-3  el_after_av_one_half  el_before_av_hr  flex_column_div  '     ><section  class='av_textblock_section av-mgs3yqxn-0355bd7278c892599f7ddc4fc9c90788 '   itemscope=\"itemscope\" itemtype=\"https:\/\/schema.org\/CreativeWork\" ><div class='avia_textblock'  itemprop=\"text\" ><h1>Surimi<\/h1>\n<\/div><\/section><br \/>\n<div  class='hr av-cq6muw-51684700d6eabcdf397a6ce7091740c2 hr-short  avia-builder-el-5  el_after_av_textblock  el_before_av_textblock  hr-left'><span class='hr-inner '><span class=\"hr-inner-style\"><\/span><\/span><\/div><br \/>\n<section  class='av_textblock_section av-mgs3yx9d-70dbc22bff0998df87af3aaaaed3a7c1 '   itemscope=\"itemscope\" itemtype=\"https:\/\/schema.org\/CreativeWork\" ><div class='avia_textblock'  itemprop=\"text\" ><p>Processed food like surimi is made in steam tunnels on Contibelt stainless steel belts. The hot steam slowly cooks the surimi paste efficiently and in a controlled manner. The belt transports the product and allows applying exact temperatures onto the surimi paste. Cleaning these belts is easy and efficient and our rubber tracking ropes (\u201cv-ropes\u201d) resist the temperatures of the hot steam while being made from a special rubber compound that is according to CFR 21 \u00a7177.2600 FDA. Please refer to this PDF for more information: <strong><br \/>\n  <a href=\"http:\/\/www.contibelt.com\/wp-content\/uploads\/2015\/11\/application-food.pdf\" target=\"_blank\" rel=\"noopener\">Surimi<\/a><br \/>\n<\/strong><\/p>\n<\/div><\/section><br \/>\n<div  class='hr av-arzmmw-7fd267c875083d4f9f5fbf5cf927c8a4 hr-short  avia-builder-el-7  el_after_av_textblock  el_before_av_textblock  hr-left'><span class='hr-inner '><span class=\"hr-inner-style\"><\/span><\/span><\/div><br \/>\n<section  class='av_textblock_section av-mgs3z2l9-cfdc0416adc49f6427d22f968df00307 '   itemscope=\"itemscope\" itemtype=\"https:\/\/schema.org\/CreativeWork\" ><div class='avia_textblock'  itemprop=\"text\" ><h3>T\u00e9l\u00e9charger les documents :<\/h3>\n<p><a href=\"http:\/\/www.contibelt.com\/wp-content\/uploads\/2015\/11\/Material-Data-Sheet-CB-301-SGA.pdf\" target=\"_blank\" rel=\"noopener\">Material Data Sheet: CB 301 SGA<\/a><\/p>\n<p><a href=\"http:\/\/www.contibelt.com\/wp-content\/uploads\/2015\/11\/Material-Data-Sheet-CB-316-SGA.pdf\" target=\"_blank\" rel=\"noopener\">Material Data Sheet: CB 316 SGA<\/a><\/p>\n<\/div><\/section><\/p><\/div><div  class='hr av-vr4jc-3dd6b1b3b06c144f5f264257b4706e72 hr-full  avia-builder-el-9  el_after_av_one_half  el_before_av_textblock  hr-no-shadow'><span class='hr-inner '><span class=\"hr-inner-style\"><\/span><\/span><\/div>\n<section  class='av_textblock_section av-72vbhk-e07b7ef5211b4fedd4361d76ae8ed5cf '   itemscope=\"itemscope\" itemtype=\"https:\/\/schema.org\/CreativeWork\" ><div class='avia_textblock'  itemprop=\"text\" ><h2 style=\"text-align: center;\">Vous pourriez \u00e9galement \u00eatre int\u00e9ress\u00e9 par :<\/h2>\n<\/div><\/section>\n<div  class='avia-content-slider-element-container av-mgs409w5-2632f983196a8b2f5ae5c06dca08a3d5 avia-content-slider-element-slider avia-content-slider avia-smallarrow-slider avia-content-slider-active avia-content-slider-odd  avia-builder-el-11  el_after_av_textblock  avia-builder-el-last  av-slideshow-ui av-control-default av-nav-arrows-visible av-nav-dots-visible av-no-slider-navigation av-slideshow-manual av-loop-once av-loop-manual-endless avia-content-slider1' data-slideshow-options=\"{&quot;animation&quot;:&quot;slide&quot;,&quot;autoplay&quot;:false,&quot;loop_autoplay&quot;:&quot;once&quot;,&quot;interval&quot;:5,&quot;loop_manual&quot;:&quot;manual-endless&quot;,&quot;autoplay_stopper&quot;:false,&quot;noNavigation&quot;:false,&quot;bg_slider&quot;:false,&quot;keep_padding&quot;:&quot;&quot;,&quot;hoverpause&quot;:false,&quot;show_slide_delay&quot;:30}\"><div class='avia-smallarrow-slider-heading  no-content-slider-heading '><div class='new-special-heading'>&nbsp;<\/div><\/div><div class=\"avia-content-slider-inner\"><div class=\"slide-entry-wrap\"><section class='slide-entry av-6a0nig-67632f579b3f84ccd4d6d558f1b65c24 flex_column av_one_third post-entry slide-entry-overview slide-loop-1 slide-parity-odd  first'  itemscope=\"itemscope\" itemtype=\"https:\/\/schema.org\/CreativeWork\" ><h3 class='slide-entry-title entry-title '  itemprop=\"headline\" ><a href='https:\/\/contibelt.com\/meatprocessing\/'  title='Transformation de la viande'>Transformation de la viande<\/a><\/h3><div class='slide-entry-excerpt entry-content'  itemprop=\"text\" ><p><a href=\"https:\/\/contibelt.com\/fr\/coupage-de-viande\/\"><img loading=\"lazy\" decoding=\"async\" class=\"size-medium wp-image-3444\" src=\"https:\/\/contibelt.com\/wp-content\/uploads\/2015\/09\/Fotolia_50102352_M_Fleisch-1200_800-versuch-300x200.jpg\" alt=\"\" width=\"300\" height=\"200\" srcset=\"https:\/\/contibelt.com\/wp-content\/uploads\/2015\/09\/Fotolia_50102352_M_Fleisch-1200_800-versuch-300x200.jpg 300w, https:\/\/contibelt.com\/wp-content\/uploads\/2015\/09\/Fotolia_50102352_M_Fleisch-1200_800-versuch-1024x683.jpg 1024w, https:\/\/contibelt.com\/wp-content\/uploads\/2015\/09\/Fotolia_50102352_M_Fleisch-1200_800-versuch-500x333.jpg 500w, https:\/\/contibelt.com\/wp-content\/uploads\/2015\/09\/Fotolia_50102352_M_Fleisch-1200_800-versuch.jpg 1200w\" sizes=\"auto, (max-width: 300px) 100vw, 300px\" \/><\/a><\/p>\n<\/div><\/section><section class='slide-entry av-48lowo-e2bd68856fc542db1d284e3b1ada3ea5 flex_column av_one_third post-entry slide-entry-overview slide-loop-2 slide-parity-even  '  itemscope=\"itemscope\" itemtype=\"https:\/\/schema.org\/CreativeWork\" ><h3 class='slide-entry-title entry-title '  itemprop=\"headline\" ><a href='https:\/\/contibelt.com\/frozen-food\/'  title='Aliments surgel\u00e9s'>Aliments surgel\u00e9s<\/a><\/h3><div class='slide-entry-excerpt entry-content'  itemprop=\"text\" ><p><a href=\"https:\/\/contibelt.com\/fr\/des-surgeles\/\"><img loading=\"lazy\" decoding=\"async\" class=\"size-medium wp-image-3448\" src=\"https:\/\/contibelt.com\/wp-content\/uploads\/2015\/09\/iStock_000047232570XLarge_-Tiefk%C3%BChlfr%C3%BCchte_nachbearbeitet_1200_800_versuch-300x200.jpg\" alt=\"\" width=\"300\" height=\"200\"\/><\/a><\/p>\n<\/div><\/section><section class='slide-entry av-2jnbzs-e5525281a894f19bbd0c63db3777ba9d flex_column av_one_third post-entry slide-entry-overview slide-loop-3 slide-parity-odd  post-entry-last  '  itemscope=\"itemscope\" itemtype=\"https:\/\/schema.org\/CreativeWork\" ><h3 class='slide-entry-title entry-title '  itemprop=\"headline\" ><a href='https:\/\/contibelt.com\/hardcandy\/'  title='Bonbons durs'>Bonbons durs<\/a><\/h3><div class='slide-entry-excerpt entry-content'  itemprop=\"text\" ><p><a href=\"https:\/\/contibelt.com\/fr\/bonbondur\/\"><img loading=\"lazy\" decoding=\"async\" class=\"size-medium wp-image-3464\" src=\"https:\/\/contibelt.com\/wp-content\/uploads\/2015\/09\/Fotolia_10831803_1200_800_-Zuckerl_versuch-300x200.jpg\" alt=\"\" width=\"300\" height=\"200\" srcset=\"https:\/\/contibelt.com\/wp-content\/uploads\/2015\/09\/Fotolia_10831803_1200_800_-Zuckerl_versuch-300x200.jpg 300w, https:\/\/contibelt.com\/wp-content\/uploads\/2015\/09\/Fotolia_10831803_1200_800_-Zuckerl_versuch-1024x683.jpg 1024w, https:\/\/contibelt.com\/wp-content\/uploads\/2015\/09\/Fotolia_10831803_1200_800_-Zuckerl_versuch-500x333.jpg 500w, https:\/\/contibelt.com\/wp-content\/uploads\/2015\/09\/Fotolia_10831803_1200_800_-Zuckerl_versuch.jpg 1200w\" sizes=\"auto, (max-width: 300px) 100vw, 300px\" \/><\/a><\/p>\n<\/div><\/section><\/div><\/div><\/div>\n\n","protected":false},"excerpt":{"rendered":"","protected":false},"author":2,"featured_media":0,"parent":0,"menu_order":0,"comment_status":"open","ping_status":"open","template":"","meta":{"footnotes":""},"class_list":["post-297916","page","type-page","status-publish","hentry"],"_links":{"self":[{"href":"https:\/\/contibelt.com\/fr\/wp-json\/wp\/v2\/pages\/297916","targetHints":{"allow":["GET"]}}],"collection":[{"href":"https:\/\/contibelt.com\/fr\/wp-json\/wp\/v2\/pages"}],"about":[{"href":"https:\/\/contibelt.com\/fr\/wp-json\/wp\/v2\/types\/page"}],"author":[{"embeddable":true,"href":"https:\/\/contibelt.com\/fr\/wp-json\/wp\/v2\/users\/2"}],"replies":[{"embeddable":true,"href":"https:\/\/contibelt.com\/fr\/wp-json\/wp\/v2\/comments?post=297916"}],"version-history":[{"count":11,"href":"https:\/\/contibelt.com\/fr\/wp-json\/wp\/v2\/pages\/297916\/revisions"}],"predecessor-version":[{"id":298119,"href":"https:\/\/contibelt.com\/fr\/wp-json\/wp\/v2\/pages\/297916\/revisions\/298119"}],"wp:attachment":[{"href":"https:\/\/contibelt.com\/fr\/wp-json\/wp\/v2\/media?parent=297916"}],"curies":[{"name":"wp","href":"https:\/\/api.w.org\/{rel}","templated":true}]}}