{"id":297882,"date":"2025-10-16T12:19:24","date_gmt":"2025-10-16T10:19:24","guid":{"rendered":"https:\/\/contibelt.baldneu.at\/service-2\/"},"modified":"2025-10-20T10:08:18","modified_gmt":"2025-10-20T08:08:18","slug":"service","status":"publish","type":"page","link":"https:\/\/contibelt.com\/fr\/service\/","title":{"rendered":"Service"},"content":{"rendered":"<div id='av_section_1'  class='avia-section av-fzglci-d3e27b8eb1a55aad4c2649e463724c6e main_color avia-section-default avia-no-shadow  avia-builder-el-0  avia-builder-el-no-sibling  avia-bg-style-scroll container_wrap fullsize'  ><div class='container av-section-cont-open' ><main  role=\"main\" itemprop=\"mainContentOfPage\"  class='template-page content  av-content-full alpha units'><div class='post-entry post-entry-type-page post-entry-297882'><div class='entry-content-wrapper clearfix'>\n\n<style type=\"text\/css\" data-created_by=\"avia_inline_auto\" id=\"style-css-av-dvv6o2-f58c49a970e09aadac6eeb90e61f30a1\">\n.flex_column.av-dvv6o2-f58c49a970e09aadac6eeb90e61f30a1{\npadding:0 0 40px 0;\n}\n<\/style>\n<div  class='flex_column av-dvv6o2-f58c49a970e09aadac6eeb90e61f30a1 av_one_half  avia-builder-el-1  el_before_av_one_half  avia-builder-el-first  first flex_column_div  '     ><style type=\"text\/css\" data-created_by=\"avia_inline_auto\" id=\"style-css-av-mgs3mdbo-36c41e7d0bd37f96af57db3aa018d528\">\n.avia-image-container.av-mgs3mdbo-36c41e7d0bd37f96af57db3aa018d528 img.avia_image{\nbox-shadow:none;\n}\n.avia-image-container.av-mgs3mdbo-36c41e7d0bd37f96af57db3aa018d528 .av-image-caption-overlay-center{\ncolor:#ffffff;\n}\n<\/style>\n<div  class='avia-image-container av-mgs3mdbo-36c41e7d0bd37f96af57db3aa018d528 av-styling- avia_animated_image av-animated-when-visible-95 left-to-right avia-align-right  avia-builder-el-2  avia-builder-el-no-sibling '   itemprop=\"image\" itemscope=\"itemscope\" itemtype=\"https:\/\/schema.org\/ImageObject\" ><div class=\"avia-image-container-inner\"><div class=\"avia-image-overlay-wrap\"><img decoding=\"async\" fetchpriority=\"high\" class='wp-image- avia-img-lazy-loading-not- avia_image ' src=\"https:\/\/contibelt.com\/wp-content\/uploads\/2015\/07\/6_service.jpg\" alt='' title=''   itemprop=\"thumbnailUrl\"  \/><\/div><\/div><\/div><\/div><div  class='flex_column av-c9yzsy-82c82199157e5b7aadff132065cd24b4 av_one_half  avia-builder-el-3  el_after_av_one_half  el_before_av_hr  flex_column_div  '     ><section  class='av_textblock_section av-mgs3ml3c-19026b39e72ae284a5d93738eb756359 '   itemscope=\"itemscope\" itemtype=\"https:\/\/schema.org\/CreativeWork\" ><div class='avia_textblock'  itemprop=\"text\" ><h1>Service<\/h1>\n<\/div><\/section><br \/>\n<div  class='hr av-alousy-cc76ea3626143e7991efdd0476579d9e hr-short  avia-builder-el-5  el_after_av_textblock  el_before_av_textblock  hr-left'><span class='hr-inner '><span class=\"hr-inner-style\"><\/span><\/span><\/div><br \/>\n<section  class='av_textblock_section av-mgs3mrnr-ec7004685efebb5ed582efb9d564f69e '   itemscope=\"itemscope\" itemtype=\"https:\/\/schema.org\/CreativeWork\" ><div class='avia_textblock'  itemprop=\"text\" ><p>Nous, chez Contibelt, savons que le service apr\u00e8s vente est au moins aussi important que de fournir des bandes en acier de haute qualit\u00e9. C\u2019est pourquoi, nos techniciens, cherchent, des solutions aux probl\u00e8mes qui peuvent influencer la dur\u00e9e de vie des bandes en acier. Notre succ\u00e8s, dans ce domaine, confirme l\u2019exactitude de notre philosophie de service. Pour la r\u00e9paration par soudure des fissures dans la bande, o\u00f9 de l\u2019insertion d\u2019une pi\u00e8ce en d\u2019acier dans votre bande \u2013 Contibelt aura des techniciens et soudeurs exp\u00e9riment\u00e9s \u00e0 votre disposition, soit localement soit \u00e0 partir de notre usine. Nous pouvons remplacer ou r\u00e9parer des nervures\/courroies de guidage sur vos bandes en acier. Au moyen d\u2019un moyen de shot-peening sp\u00e9cial, nous pouvons corriger des d\u00e9formations convexes dans votre bande. Ces d\u00e9formations peuvent arriver pendant l\u2019utilisation de la bande dans un environnement avec des temp\u00e9ratures o\u00f9 contraintes \u00e9lev\u00e9es. Dans le cas o\u00f9 ce proc\u00e9d\u00e9 serait applicable, la dur\u00e9e de vie de votre bande pourrait \u00eatre consid\u00e9rablement prolong\u00e9e.<\/p>\n<\/div><\/section><\/p><\/div><div  class='hr av-920tqq-17ec6d1657f55d513abccfb7f2d24cbd hr-short  avia-builder-el-7  el_after_av_one_half  el_before_av_textblock  hr-right'><span class='hr-inner '><span class=\"hr-inner-style\"><\/span><\/span><\/div>\n\n<style type=\"text\/css\" data-created_by=\"avia_inline_auto\" id=\"style-css-av-mgs3o2qi-5f3df599a4029c1373c61a560f0f4dea\">\n.av_textblock_section.av-mgs3o2qi-5f3df599a4029c1373c61a560f0f4dea{\nbackground-color:#ae2856;\n}\n#top .av_textblock_section.av-mgs3o2qi-5f3df599a4029c1373c61a560f0f4dea .avia_textblock{\npadding:30px 30px 30px 30px;\ncolor:#ffffff;\n}\n<\/style>\n<section  class='av_textblock_section av-mgs3o2qi-5f3df599a4029c1373c61a560f0f4dea '   itemscope=\"itemscope\" itemtype=\"https:\/\/schema.org\/CreativeWork\" ><div class='avia_textblock av_inherit_color'  itemprop=\"text\" ><p>Adresse e-mail: <a href=\"mailto:s&#101;&#114;&#118;&#105;&#99;&#101;&#64;&#99;&#111;&#110;&#x74;&#x69;&#x62;&#x65;&#x6c;&#x74;&#x2e;&#x63;&#x6f;&#x6d;\" target=\"_blank\" rel=\"noopener\"><strong>s&#101;&#x72;&#x76;i&#99;&#101;&#x40;&#x63;o&#110;&#x74;&#x69;b&#101;&#108;&#x74;&#x2e;c&#111;&#x6d;<\/strong>.<\/a>\u00a0Alternativement, vous pouvez appeler le bureau ou le repr\u00e9sentant Contibelt le plus proche. Nous traiterons votre demande dans les plus brefs d\u00e9lais.<\/p>\n<\/div><\/section>\n<div  class='hr av-7jj0qq-49d045526c626f816fb07a2b8a2c6122 hr-full  avia-builder-el-9  el_after_av_textblock  el_before_av_textblock  hr-no-shadow'><span class='hr-inner '><span class=\"hr-inner-style\"><\/span><\/span><\/div>\n<section  class='av_textblock_section av-5oxoqa-65ba8a6836178d6d117668386134f7a1 '   itemscope=\"itemscope\" itemtype=\"https:\/\/schema.org\/CreativeWork\" ><div class='avia_textblock'  itemprop=\"text\" ><h2 style=\"text-align: center;\">Vous pourriez \u00e9galement \u00eatre int\u00e9ress\u00e9 par :<\/h2>\n<\/div><\/section>\n<div  class='avia-content-slider-element-container av-mgs3pixd-0a0874708aef646728f90b98bdf64e11 avia-content-slider-element-slider avia-content-slider avia-smallarrow-slider avia-content-slider-active avia-content-slider-odd  avia-builder-el-11  el_after_av_textblock  avia-builder-el-last  av-slideshow-ui av-control-default av-nav-arrows-visible av-nav-dots-visible av-no-slider-navigation av-slideshow-manual av-loop-once av-loop-manual-endless avia-content-slider1' data-slideshow-options=\"{&quot;animation&quot;:&quot;slide&quot;,&quot;autoplay&quot;:false,&quot;loop_autoplay&quot;:&quot;once&quot;,&quot;interval&quot;:5,&quot;loop_manual&quot;:&quot;manual-endless&quot;,&quot;autoplay_stopper&quot;:false,&quot;noNavigation&quot;:false,&quot;bg_slider&quot;:false,&quot;keep_padding&quot;:&quot;&quot;,&quot;hoverpause&quot;:false,&quot;show_slide_delay&quot;:30}\"><div class='avia-smallarrow-slider-heading  no-content-slider-heading '><div class='new-special-heading'>&nbsp;<\/div><\/div><div class=\"avia-content-slider-inner\"><div class=\"slide-entry-wrap\"><section class='slide-entry av-4o0t82-9d61c2959848df8c6c400eb7ca139f38 flex_column av_one_third post-entry slide-entry-overview slide-loop-1 slide-parity-odd  first'  itemscope=\"itemscope\" itemtype=\"https:\/\/schema.org\/CreativeWork\" ><h3 class='slide-entry-title entry-title '  itemprop=\"headline\" ><a href='https:\/\/contibelt.com\/fr\/notre-enterprise\/'  title='\u00c0 propos de nous'>\u00c0 propos de nous<\/a><\/h3><div class='slide-entry-excerpt entry-content'  itemprop=\"text\" ><p><a href=\"https:\/\/contibelt.com\/fr\/notre-enterprise\/\"><img loading=\"lazy\" decoding=\"async\" class=\"alignnone size-full wp-image-2758\" src=\"https:\/\/contibelt.com\/wp-content\/uploads\/2015\/07\/2_about_us.jpg\" alt=\"\" width=\"1200\" height=\"800\" \/><\/a><\/p>\n<\/div><\/section><section class='slide-entry av-mgs3phdb-5ede777622b03f7b17db99d660bc209b flex_column av_one_third post-entry slide-entry-overview slide-loop-2 slide-parity-even  '  itemscope=\"itemscope\" itemtype=\"https:\/\/schema.org\/CreativeWork\" ><h3 class='slide-entry-title entry-title '  itemprop=\"headline\" ><a href='https:\/\/contibelt.com\/fr\/contactez-nous\/'  title='Contactez-nous'>Contactez-nous<\/a><\/h3><div class='slide-entry-excerpt entry-content'  itemprop=\"text\" ><p><a href=\"https:\/\/contibelt.com\/fr\/contactez-nous\/\"><img loading=\"lazy\" decoding=\"async\" class=\"alignnone size-medium wp-image-3556\" src=\"https:\/\/contibelt.com\/wp-content\/uploads\/2015\/09\/Fotolia_84420315_L_Kontakt_1200_800_versuch-300x200.jpg\" alt=\"\" width=\"300\" height=\"200\" srcset=\"https:\/\/contibelt.com\/wp-content\/uploads\/2015\/09\/Fotolia_84420315_L_Kontakt_1200_800_versuch-300x200.jpg 300w, https:\/\/contibelt.com\/wp-content\/uploads\/2015\/09\/Fotolia_84420315_L_Kontakt_1200_800_versuch-1024x683.jpg 1024w, https:\/\/contibelt.com\/wp-content\/uploads\/2015\/09\/Fotolia_84420315_L_Kontakt_1200_800_versuch-500x333.jpg 500w, https:\/\/contibelt.com\/wp-content\/uploads\/2015\/09\/Fotolia_84420315_L_Kontakt_1200_800_versuch.jpg 1200w\" sizes=\"auto, (max-width: 300px) 100vw, 300px\" \/><\/a><\/p>\n<\/div><\/section><section class='slide-entry av-2bobya-d191fef24de301725ab9a1ab3d042ea0 flex_column av_one_third post-entry slide-entry-overview slide-loop-3 slide-parity-odd  post-entry-last  '  itemscope=\"itemscope\" itemtype=\"https:\/\/schema.org\/CreativeWork\" ><h3 class='slide-entry-title entry-title '  itemprop=\"headline\" ><a href='https:\/\/contibelt.com\/fr\/telecharger\/'  title='T\u00e9l\u00e9chargements'>T\u00e9l\u00e9chargements<\/a><\/h3><div class='slide-entry-excerpt entry-content'  itemprop=\"text\" ><p><a href=\"https:\/\/contibelt.com\/fr\/telecharger\/\"><img loading=\"lazy\" decoding=\"async\" class=\"alignnone size-full wp-image-3965\" src=\"https:\/\/contibelt.com\/wp-content\/uploads\/2015\/07\/4_downloads.jpg\" alt=\"\" width=\"1200\" height=\"800\" \/><\/a><\/p>\n<\/div><\/section><\/div><\/div><\/div>\n\n","protected":false},"excerpt":{"rendered":"","protected":false},"author":2,"featured_media":0,"parent":0,"menu_order":0,"comment_status":"open","ping_status":"open","template":"","meta":{"footnotes":""},"class_list":["post-297882","page","type-page","status-publish","hentry"],"_links":{"self":[{"href":"https:\/\/contibelt.com\/fr\/wp-json\/wp\/v2\/pages\/297882","targetHints":{"allow":["GET"]}}],"collection":[{"href":"https:\/\/contibelt.com\/fr\/wp-json\/wp\/v2\/pages"}],"about":[{"href":"https:\/\/contibelt.com\/fr\/wp-json\/wp\/v2\/types\/page"}],"author":[{"embeddable":true,"href":"https:\/\/contibelt.com\/fr\/wp-json\/wp\/v2\/users\/2"}],"replies":[{"embeddable":true,"href":"https:\/\/contibelt.com\/fr\/wp-json\/wp\/v2\/comments?post=297882"}],"version-history":[{"count":20,"href":"https:\/\/contibelt.com\/fr\/wp-json\/wp\/v2\/pages\/297882\/revisions"}],"predecessor-version":[{"id":298878,"href":"https:\/\/contibelt.com\/fr\/wp-json\/wp\/v2\/pages\/297882\/revisions\/298878"}],"wp:attachment":[{"href":"https:\/\/contibelt.com\/fr\/wp-json\/wp\/v2\/media?parent=297882"}],"curies":[{"name":"wp","href":"https:\/\/api.w.org\/{rel}","templated":true}]}}