{"id":297734,"date":"2025-10-16T11:42:52","date_gmt":"2025-10-16T09:42:52","guid":{"rendered":"https:\/\/contibelt.baldneu.at\/actualites-2\/"},"modified":"2025-10-16T16:01:55","modified_gmt":"2025-10-16T14:01:55","slug":"actualites","status":"publish","type":"page","link":"https:\/\/contibelt.com\/fr\/actualites\/","title":{"rendered":"Actualit\u00e9s"},"content":{"rendered":"<div id='av_section_1'  class='avia-section av-cfqowm-ed8717b6423dd20122a26b9b4dfc4dc0 main_color avia-section-default avia-no-shadow  avia-builder-el-0  avia-builder-el-no-sibling  avia-bg-style-scroll container_wrap fullsize'  ><div class='container av-section-cont-open' ><main  role=\"main\" itemprop=\"mainContentOfPage\"  class='template-page content  av-content-full alpha units'><div class='post-entry post-entry-type-page post-entry-297734'><div class='entry-content-wrapper clearfix'>\n<div  class='flex_column av-auwfs6-51b3c68a39f18727fb1587a5f52f7ba4 av_one_half  avia-builder-el-1  el_before_av_one_half  avia-builder-el-first  first flex_column_div  '     ><style type=\"text\/css\" data-created_by=\"avia_inline_auto\" id=\"style-css-av-mgs2b988-ec42857c48a4373a077b429b38a68505\">\n.avia-image-container.av-mgs2b988-ec42857c48a4373a077b429b38a68505 img.avia_image{\nbox-shadow:none;\n}\n.avia-image-container.av-mgs2b988-ec42857c48a4373a077b429b38a68505 .av-image-caption-overlay-center{\ncolor:#ffffff;\n}\n<\/style>\n<div  class='avia-image-container av-mgs2b988-ec42857c48a4373a077b429b38a68505 av-styling- avia_animated_image av-animated-when-visible-95 left-to-right avia-align-right  avia-builder-el-2  avia-builder-el-no-sibling '   itemprop=\"image\" itemscope=\"itemscope\" itemtype=\"https:\/\/schema.org\/ImageObject\" ><div class=\"avia-image-container-inner\"><div class=\"avia-image-overlay-wrap\"><img decoding=\"async\" fetchpriority=\"high\" class='wp-image- avia-img-lazy-loading-not- avia_image ' src=\"https:\/\/contibelt.com\/wp-content\/uploads\/2015\/09\/Fotolia_82590029_1200_800_news_hell-1024x683.jpg\" alt='' title=''   itemprop=\"thumbnailUrl\"  \/><\/div><\/div><\/div><\/div><div  class='flex_column av-9nu5li-97a49c6d545d09488c4a74a8d24f660b av_one_half  avia-builder-el-3  el_after_av_one_half  el_before_av_hr  flex_column_div  '     ><section  class='av_textblock_section av-mgs2a4vc-3d6f4a27b9014307608e102b9568f0f7 '   itemscope=\"itemscope\" itemtype=\"https:\/\/schema.org\/CreativeWork\" ><div class='avia_textblock'  itemprop=\"text\" ><h1>Actualit\u00e9s<\/h1>\n<\/div><\/section><br \/>\n<div  class='hr av-r20km-32d484160496e95fc6882cf08f0e8cce hr-short  avia-builder-el-5  el_after_av_textblock  el_before_av_textblock  hr-left'><span class='hr-inner '><span class=\"hr-inner-style\"><\/span><\/span><\/div><br \/>\n<section  class='av_textblock_section av-mgs2ae6x-5298039568ee2c98f5876b4b7ffdf3f7 '   itemscope=\"itemscope\" itemtype=\"https:\/\/schema.org\/CreativeWork\" ><div class='avia_textblock'  itemprop=\"text\" ><p>Nous participons aux expositions suivantes :<\/p>\n<\/div><\/section><br \/>\n<div  class='hr av-5h9ezq-21d38c6243e93ddfbcb802aa2aeba2ac hr-short  avia-builder-el-7  el_after_av_textblock  el_before_av_textblock  hr-left'><span class='hr-inner '><span class=\"hr-inner-style\"><\/span><\/span><\/div><br \/>\n<section  class='av_textblock_section av-mgs2atvv-899bd470c6d584753694a6d6da7d7edf '   itemscope=\"itemscope\" itemtype=\"https:\/\/schema.org\/CreativeWork\" ><div class='avia_textblock'  itemprop=\"text\" ><p>Chem Show Javis Center<br \/>\n655 West 34th Street New York<br \/>\nNY 10001<br \/>\ndu 17 jusqu\u2019au 19. Novembre 2015<br \/>\n10:00-17:00<br \/>\n<a href=\"http:\/\/www.chemshow.com\/\" target=\"_blank\" rel=\"noopener\">www.chemshow.com<\/a><\/p>\n<\/div><\/section><\/p><\/div><div  class='hr av-3jip6u-ac3425f692ee22ac653b058ae17567d7 hr-full  avia-builder-el-9  el_after_av_one_half  el_before_av_textblock  hr-no-shadow'><span class='hr-inner '><span class=\"hr-inner-style\"><\/span><\/span><\/div>\n<section  class='av_textblock_section av-37itcm-5e1987a2745f6530ea4281d90f19c850 '   itemscope=\"itemscope\" itemtype=\"https:\/\/schema.org\/CreativeWork\" ><div class='avia_textblock'  itemprop=\"text\" ><h2 style=\"text-align: center;\">Vous pourriez \u00e9galement \u00eatre int\u00e9ress\u00e9 par :<\/h2>\n<\/div><\/section>\n<div  class='avia-content-slider-element-container av-mgs2envk-d8bf55cfb2a981175b56feda449756e1 avia-content-slider-element-slider avia-content-slider avia-smallarrow-slider avia-content-slider-active avia-content-slider-odd  avia-builder-el-11  el_after_av_textblock  avia-builder-el-last  av-slideshow-ui av-control-default av-nav-arrows-visible av-nav-dots-visible av-no-slider-navigation av-slideshow-manual av-loop-once av-loop-manual-endless avia-content-slider1' data-slideshow-options=\"{&quot;animation&quot;:&quot;slide&quot;,&quot;autoplay&quot;:false,&quot;loop_autoplay&quot;:&quot;once&quot;,&quot;interval&quot;:5,&quot;loop_manual&quot;:&quot;manual-endless&quot;,&quot;autoplay_stopper&quot;:false,&quot;noNavigation&quot;:false,&quot;bg_slider&quot;:false,&quot;keep_padding&quot;:&quot;&quot;,&quot;hoverpause&quot;:false,&quot;show_slide_delay&quot;:30}\"><div class='avia-smallarrow-slider-heading  no-content-slider-heading '><div class='new-special-heading'>&nbsp;<\/div><\/div><div class=\"avia-content-slider-inner\"><div class=\"slide-entry-wrap\"><section class='slide-entry av-mgs2ckw5-1df3c82d12bd06eeb06957c05e51ebb5 flex_column av_one_third post-entry slide-entry-overview slide-loop-1 slide-parity-odd  first'  itemscope=\"itemscope\" itemtype=\"https:\/\/schema.org\/CreativeWork\" ><h3 class='slide-entry-title entry-title '  itemprop=\"headline\" ><a href='https:\/\/contibelt.com\/fr\/contactez-nous\/'  title='Contactez-nous'>Contactez-nous<\/a><\/h3><div class='slide-entry-excerpt entry-content'  itemprop=\"text\" ><p><a href=\"https:\/\/contibelt.com\/fr\/contactez-nous\/\"><img loading=\"lazy\" decoding=\"async\" class=\"alignnone size-medium wp-image-3805\" src=\"https:\/\/contibelt.com\/wp-content\/uploads\/2015\/10\/Fotolia_84420315_L_Kontakt_1200_800_versuch-mit-rot-300x200.jpg\" alt=\"\" width=\"300\" height=\"200\" srcset=\"https:\/\/contibelt.com\/wp-content\/uploads\/2015\/10\/Fotolia_84420315_L_Kontakt_1200_800_versuch-mit-rot-300x200.jpg 300w, https:\/\/contibelt.com\/wp-content\/uploads\/2015\/10\/Fotolia_84420315_L_Kontakt_1200_800_versuch-mit-rot-1024x683.jpg 1024w, https:\/\/contibelt.com\/wp-content\/uploads\/2015\/10\/Fotolia_84420315_L_Kontakt_1200_800_versuch-mit-rot-500x333.jpg 500w, https:\/\/contibelt.com\/wp-content\/uploads\/2015\/10\/Fotolia_84420315_L_Kontakt_1200_800_versuch-mit-rot.jpg 1200w\" sizes=\"auto, (max-width: 300px) 100vw, 300px\" \/><\/a><\/p>\n<\/div><\/section><section class='slide-entry av-mgs2d939-c7673b0ca9046597ea02ce2038299142 flex_column av_one_third post-entry slide-entry-overview slide-loop-2 slide-parity-even  '  itemscope=\"itemscope\" itemtype=\"https:\/\/schema.org\/CreativeWork\" ><h3 class='slide-entry-title entry-title '  itemprop=\"headline\" ><a href='https:\/\/contibelt.com\/fr\/telecharger\/'  title='T\u00e9l\u00e9chargements'>T\u00e9l\u00e9chargements<\/a><\/h3><div class='slide-entry-excerpt entry-content'  itemprop=\"text\" ><p><a href=\"https:\/\/contibelt.com\/fr\/telecharger\/\"><img loading=\"lazy\" decoding=\"async\" class=\"alignnone size-medium wp-image-3560\" src=\"https:\/\/contibelt.com\/wp-content\/uploads\/2015\/07\/downloads-dokumente-bearbeitet-1200_800_versuch-300x200.jpg\" alt=\"\" width=\"300\" height=\"200\" srcset=\"https:\/\/contibelt.com\/wp-content\/uploads\/2015\/07\/downloads-dokumente-bearbeitet-1200_800_versuch-300x200.jpg 300w, https:\/\/contibelt.com\/wp-content\/uploads\/2015\/07\/downloads-dokumente-bearbeitet-1200_800_versuch-1024x683.jpg 1024w, https:\/\/contibelt.com\/wp-content\/uploads\/2015\/07\/downloads-dokumente-bearbeitet-1200_800_versuch-500x333.jpg 500w, https:\/\/contibelt.com\/wp-content\/uploads\/2015\/07\/downloads-dokumente-bearbeitet-1200_800_versuch.jpg 1200w\" sizes=\"auto, (max-width: 300px) 100vw, 300px\" \/><\/a><\/p>\n<\/div><\/section><section class='slide-entry av-mgs2emq6-79feb202b9eaf4bfd5b696812dd9bdb5 flex_column av_one_third post-entry slide-entry-overview slide-loop-3 slide-parity-odd  post-entry-last  '  itemscope=\"itemscope\" itemtype=\"https:\/\/schema.org\/CreativeWork\" ><h3 class='slide-entry-title entry-title '  itemprop=\"headline\" ><a href='https:\/\/contibelt.com\/fr\/service\/'  title='Service'>Service<\/a><\/h3><div class='slide-entry-excerpt entry-content'  itemprop=\"text\" ><p><a href=\"https:\/\/contibelt.com\/fr\/service\/\"><img loading=\"lazy\" decoding=\"async\" class=\"alignnone size-full wp-image-2771\" src=\"https:\/\/contibelt.com\/wp-content\/uploads\/2015\/07\/6_service.jpg\" alt=\"\" width=\"1200\" height=\"800\" \/><\/a><\/p>\n<\/div><\/section><\/div><\/div><\/div>\n\n","protected":false},"excerpt":{"rendered":"","protected":false},"author":2,"featured_media":0,"parent":0,"menu_order":0,"comment_status":"open","ping_status":"open","template":"","meta":{"footnotes":""},"class_list":["post-297734","page","type-page","status-publish","hentry"],"_links":{"self":[{"href":"https:\/\/contibelt.com\/fr\/wp-json\/wp\/v2\/pages\/297734","targetHints":{"allow":["GET"]}}],"collection":[{"href":"https:\/\/contibelt.com\/fr\/wp-json\/wp\/v2\/pages"}],"about":[{"href":"https:\/\/contibelt.com\/fr\/wp-json\/wp\/v2\/types\/page"}],"author":[{"embeddable":true,"href":"https:\/\/contibelt.com\/fr\/wp-json\/wp\/v2\/users\/2"}],"replies":[{"embeddable":true,"href":"https:\/\/contibelt.com\/fr\/wp-json\/wp\/v2\/comments?post=297734"}],"version-history":[{"count":22,"href":"https:\/\/contibelt.com\/fr\/wp-json\/wp\/v2\/pages\/297734\/revisions"}],"predecessor-version":[{"id":298734,"href":"https:\/\/contibelt.com\/fr\/wp-json\/wp\/v2\/pages\/297734\/revisions\/298734"}],"wp:attachment":[{"href":"https:\/\/contibelt.com\/fr\/wp-json\/wp\/v2\/media?parent=297734"}],"curies":[{"name":"wp","href":"https:\/\/api.w.org\/{rel}","templated":true}]}}