{"id":297690,"date":"2025-10-16T11:36:17","date_gmt":"2025-10-16T09:36:17","guid":{"rendered":"https:\/\/contibelt.baldneu.at\/transformation-de-la-viande\/"},"modified":"2025-10-16T13:54:58","modified_gmt":"2025-10-16T11:54:58","slug":"coupage-de-viande","status":"publish","type":"page","link":"https:\/\/contibelt.com\/fr\/coupage-de-viande\/","title":{"rendered":"Coupage de Viande"},"content":{"rendered":"<div id='av_section_1'  class='avia-section av-jexw87-ff0c744ba0c588fc067b3aec2c0fec12 main_color avia-section-default avia-no-shadow  avia-builder-el-0  avia-builder-el-no-sibling  avia-bg-style-scroll container_wrap fullsize'  ><div class='container av-section-cont-open' ><main  role=\"main\" itemprop=\"mainContentOfPage\"  class='template-page content  av-content-full alpha units'><div class='post-entry post-entry-type-page post-entry-297690'><div class='entry-content-wrapper clearfix'>\n<div  class='flex_column av-h9gr9z-2b56c20776bb4816e724aaea05cb9b74 av_one_half  avia-builder-el-1  el_before_av_one_half  avia-builder-el-first  first flex_column_div  '     ><style type=\"text\/css\" data-created_by=\"avia_inline_auto\" id=\"style-css-av-mgs1xz5e-2847f9c9d1ac7dfe44a09b7024611391\">\n.avia-image-container.av-mgs1xz5e-2847f9c9d1ac7dfe44a09b7024611391 img.avia_image{\nbox-shadow:none;\n}\n.avia-image-container.av-mgs1xz5e-2847f9c9d1ac7dfe44a09b7024611391 .av-image-caption-overlay-center{\ncolor:#ffffff;\n}\n<\/style>\n<div  class='avia-image-container av-mgs1xz5e-2847f9c9d1ac7dfe44a09b7024611391 av-styling- avia_animated_image av-animated-when-visible-95 left-to-right avia-align-right  avia-builder-el-2  avia-builder-el-no-sibling '   itemprop=\"image\" itemscope=\"itemscope\" itemtype=\"https:\/\/schema.org\/ImageObject\" ><div class=\"avia-image-container-inner\"><div class=\"avia-image-overlay-wrap\"><img decoding=\"async\" fetchpriority=\"high\" class='wp-image-2805 avia-img-lazy-loading-not-2805 avia_image ' src=\"https:\/\/contibelt.com\/wp-content\/uploads\/2015\/07\/24_Fleisch.jpg\" alt='' title='Fleisch'  height=\"800\" width=\"1200\"  itemprop=\"thumbnailUrl\"  \/><\/div><\/div><\/div><\/div><div  class='flex_column av-fopagn-601638ebcf20aaa6f3fec9f63bdb9880 av_one_half  avia-builder-el-3  el_after_av_one_half  el_before_av_hr  flex_column_div  '     ><section  class='av_textblock_section av-mgs1x9sj-49772c04f1b382fd85ab7da7dde97e9e '   itemscope=\"itemscope\" itemtype=\"https:\/\/schema.org\/CreativeWork\" ><div class='avia_textblock'  itemprop=\"text\" ><h1>Coupage de Viande<\/h1>\n<\/div><\/section><br \/>\n<div  class='hr av-dtxqon-2693ea4ff5b7e73e5d70cd4eabd82ded hr-short  avia-builder-el-5  el_after_av_textblock  el_before_av_textblock  hr-left'><span class='hr-inner '><span class=\"hr-inner-style\"><\/span><\/span><\/div><br \/>\n<section  class='av_textblock_section av-mgs1xm5u-59c9ac971c02736e07979f8f8fc9af6f '   itemscope=\"itemscope\" itemtype=\"https:\/\/schema.org\/CreativeWork\" ><div class='avia_textblock'  itemprop=\"text\" ><p>Les secteurs d\u00b4utilisation de nos bandes d\u2019acier vont des sites de d\u00e9coupage de la viande en passant par le transport et le conditionnement des l\u00e9gumes et jusqu\u00b4aux sites r\u00e9frig\u00e9r\u00e9s o\u00f9 les bandes d\u00b4acier sont essentiellement utilis\u00e9es. Pour les proc\u00e9dures de cuisson, pour le transport du chocolat ou d\u00b4autres processus de fabrication nous vous proposons des bandes sp\u00e9ciales. Pour plus de renseignements, veuillez consulter les documents ci-dessous: <a href=\"http:\/\/www.contibelt.com\/wp-content\/uploads\/2015\/11\/application-food.pdf\" target=\"_blank\" rel=\"noopener\">Coupage de Viande<\/a><\/p>\n<\/div><\/section><br \/>\n<div  class='hr av-cakuuv-f9abf668658a42399521683d0e414570 hr-short  avia-builder-el-7  el_after_av_textblock  el_before_av_textblock  hr-left'><span class='hr-inner '><span class=\"hr-inner-style\"><\/span><\/span><\/div><br \/>\n<section  class='av_textblock_section av-bbp2iv-0d315400296516d04caf0151f1f7f383 '   itemscope=\"itemscope\" itemtype=\"https:\/\/schema.org\/CreativeWork\" ><div class='avia_textblock'  itemprop=\"text\" ><h3>T\u00e9l\u00e9charger les documents :<\/h3>\n<p><a href=\"http:\/\/www.contibelt.com\/wp-content\/uploads\/2015\/11\/Material-Data-Sheet-CB-301-SGA.pdf\" target=\"_blank\" rel=\"noopener\">Material Data Sheet: CB 301 SGA<\/a><\/p>\n<p><a href=\"http:\/\/www.contibelt.com\/wp-content\/uploads\/2015\/11\/Material-Data-Sheet-CB-316-SGA.pdf\" target=\"_blank\" rel=\"noopener\">Material Data Sheet: CB 316 SGA<\/a><\/p>\n<p><a href=\"http:\/\/www.contibelt.com\/wp-content\/uploads\/2015\/11\/Material-Data-Sheet-CB-31-SGM.pdf\" target=\"_blank\" rel=\"noopener\">Material Data Sheet: CB 31 SGM<\/a><\/p>\n<\/div><\/section><\/p><\/div><div  class='hr av-9cm4lz-aa584146e6025838b80600d3cb6c2031 hr-full  avia-builder-el-9  el_after_av_one_half  el_before_av_textblock  hr-no-shadow'><span class='hr-inner '><span class=\"hr-inner-style\"><\/span><\/span><\/div>\n<section  class='av_textblock_section av-7bcyc7-d38755ccaed5cb156512384e31395911 '   itemscope=\"itemscope\" itemtype=\"https:\/\/schema.org\/CreativeWork\" ><div class='avia_textblock'  itemprop=\"text\" ><h2 style=\"text-align: center;\">Vous pourriez \u00e9galement \u00eatre int\u00e9ress\u00e9 par :<\/h2>\n<\/div><\/section>\n<div  class='avia-content-slider-element-container av-mgs1zo3i-1169c1594492d7ba9e32c35724b7906c avia-content-slider-element-slider avia-content-slider avia-smallarrow-slider avia-content-slider-active avia-content-slider-odd  avia-builder-el-11  el_after_av_textblock  avia-builder-el-last  av-slideshow-ui av-control-default av-nav-arrows-visible av-nav-dots-visible av-no-slider-navigation av-slideshow-manual av-loop-once av-loop-manual-endless avia-content-slider1' data-slideshow-options=\"{&quot;animation&quot;:&quot;slide&quot;,&quot;autoplay&quot;:false,&quot;loop_autoplay&quot;:&quot;once&quot;,&quot;interval&quot;:5,&quot;loop_manual&quot;:&quot;manual-endless&quot;,&quot;autoplay_stopper&quot;:false,&quot;noNavigation&quot;:false,&quot;bg_slider&quot;:false,&quot;keep_padding&quot;:&quot;&quot;,&quot;hoverpause&quot;:false,&quot;show_slide_delay&quot;:30}\"><div class='avia-smallarrow-slider-heading  no-content-slider-heading '><div class='new-special-heading'>&nbsp;<\/div><\/div><div class=\"avia-content-slider-inner\"><div class=\"slide-entry-wrap\"><section class='slide-entry av-5s0hxz-e4fa8c56f3a42f1877c3be9900b678b4 flex_column av_one_third post-entry slide-entry-overview slide-loop-1 slide-parity-odd  first'  itemscope=\"itemscope\" itemtype=\"https:\/\/schema.org\/CreativeWork\" ><h3 class='slide-entry-title entry-title '  itemprop=\"headline\" ><a href='https:\/\/contibelt.com\/fr\/surimi\/'  title='Surimi'>Surimi<\/a><\/h3><div class='slide-entry-excerpt entry-content'  itemprop=\"text\" ><p><a href=\"https:\/\/contibelt.com\/fr\/surimi\/\"><img loading=\"lazy\" decoding=\"async\" class=\"size-medium wp-image-3452\" src=\"https:\/\/contibelt.com\/wp-content\/uploads\/2015\/09\/iStock_000020951202Large_Surimi-1200_800-versuch-300x200.jpg\" alt=\"\" width=\"300\" height=\"200\" srcset=\"https:\/\/contibelt.com\/wp-content\/uploads\/2015\/09\/iStock_000020951202Large_Surimi-1200_800-versuch-300x200.jpg 300w, https:\/\/contibelt.com\/wp-content\/uploads\/2015\/09\/iStock_000020951202Large_Surimi-1200_800-versuch-1024x683.jpg 1024w, https:\/\/contibelt.com\/wp-content\/uploads\/2015\/09\/iStock_000020951202Large_Surimi-1200_800-versuch-500x333.jpg 500w, https:\/\/contibelt.com\/wp-content\/uploads\/2015\/09\/iStock_000020951202Large_Surimi-1200_800-versuch.jpg 1200w\" sizes=\"auto, (max-width: 300px) 100vw, 300px\" \/><\/a><\/p>\n<\/div><\/section><section class='slide-entry av-3y4vuv-1bda6731564e91dfb46b139248150285 flex_column av_one_third post-entry slide-entry-overview slide-loop-2 slide-parity-even  '  itemscope=\"itemscope\" itemtype=\"https:\/\/schema.org\/CreativeWork\" ><h3 class='slide-entry-title entry-title '  itemprop=\"headline\" ><a href='https:\/\/contibelt.com\/fr\/des-surgeles\/'  title='Aliments surgel\u00e9s'>Aliments surgel\u00e9s<\/a><\/h3><div class='slide-entry-excerpt entry-content'  itemprop=\"text\" ><p><a href=\"https:\/\/contibelt.com\/fr\/des-surgeles\/\"><img loading=\"lazy\" decoding=\"async\" class=\"size-medium wp-image-3448\" src=\"https:\/\/contibelt.com\/wp-content\/uploads\/2015\/09\/iStock_000047232570XLarge_-Tiefk%C3%BChlfr%C3%BCchte_nachbearbeitet_1200_800_versuch-300x200.jpg\" alt=\"\" width=\"300\" height=\"200\"\/><\/a><\/p>\n<\/div><\/section><section class='slide-entry av-2ekhyv-f966d1cc1c236e2b13026be74013e4dc flex_column av_one_third post-entry slide-entry-overview slide-loop-3 slide-parity-odd  post-entry-last  '  itemscope=\"itemscope\" itemtype=\"https:\/\/schema.org\/CreativeWork\" ><h3 class='slide-entry-title entry-title '  itemprop=\"headline\" ><a href='https:\/\/contibelt.com\/fr\/aliments-pour-animaux\/'  title='Aliments pour animaux'>Aliments pour animaux<\/a><\/h3><div class='slide-entry-excerpt entry-content'  itemprop=\"text\" ><p><a href=\"https:\/\/contibelt.com\/fr\/aliments-pour-animaux\/\"><img loading=\"lazy\" decoding=\"async\" class=\"size-medium wp-image-3440\" src=\"https:\/\/contibelt.com\/wp-content\/uploads\/2015\/09\/iStock_000057557724_1200_800_-Hundefutter-versuch-1-300x200.jpg\" alt=\"\" width=\"300\" height=\"200\" srcset=\"https:\/\/contibelt.com\/wp-content\/uploads\/2015\/09\/iStock_000057557724_1200_800_-Hundefutter-versuch-1-300x200.jpg 300w, https:\/\/contibelt.com\/wp-content\/uploads\/2015\/09\/iStock_000057557724_1200_800_-Hundefutter-versuch-1-1024x683.jpg 1024w, https:\/\/contibelt.com\/wp-content\/uploads\/2015\/09\/iStock_000057557724_1200_800_-Hundefutter-versuch-1-500x333.jpg 500w, https:\/\/contibelt.com\/wp-content\/uploads\/2015\/09\/iStock_000057557724_1200_800_-Hundefutter-versuch-1.jpg 1200w\" sizes=\"auto, (max-width: 300px) 100vw, 300px\" \/><\/a><\/p>\n<\/div><\/section><\/div><\/div><\/div>\n\n","protected":false},"excerpt":{"rendered":"","protected":false},"author":2,"featured_media":0,"parent":0,"menu_order":0,"comment_status":"open","ping_status":"open","template":"","meta":{"footnotes":""},"class_list":["post-297690","page","type-page","status-publish","hentry"],"_links":{"self":[{"href":"https:\/\/contibelt.com\/fr\/wp-json\/wp\/v2\/pages\/297690","targetHints":{"allow":["GET"]}}],"collection":[{"href":"https:\/\/contibelt.com\/fr\/wp-json\/wp\/v2\/pages"}],"about":[{"href":"https:\/\/contibelt.com\/fr\/wp-json\/wp\/v2\/types\/page"}],"author":[{"embeddable":true,"href":"https:\/\/contibelt.com\/fr\/wp-json\/wp\/v2\/users\/2"}],"replies":[{"embeddable":true,"href":"https:\/\/contibelt.com\/fr\/wp-json\/wp\/v2\/comments?post=297690"}],"version-history":[{"count":21,"href":"https:\/\/contibelt.com\/fr\/wp-json\/wp\/v2\/pages\/297690\/revisions"}],"predecessor-version":[{"id":298298,"href":"https:\/\/contibelt.com\/fr\/wp-json\/wp\/v2\/pages\/297690\/revisions\/298298"}],"wp:attachment":[{"href":"https:\/\/contibelt.com\/fr\/wp-json\/wp\/v2\/media?parent=297690"}],"curies":[{"name":"wp","href":"https:\/\/api.w.org\/{rel}","templated":true}]}}