{"id":297595,"date":"2025-10-16T11:24:36","date_gmt":"2025-10-16T09:24:36","guid":{"rendered":"https:\/\/contibelt.baldneu.at\/aliments-surgeles\/"},"modified":"2025-10-16T13:53:37","modified_gmt":"2025-10-16T11:53:37","slug":"des-surgeles","status":"publish","type":"page","link":"https:\/\/contibelt.com\/fr\/des-surgeles\/","title":{"rendered":"Des Surgeles"},"content":{"rendered":"<div id='av_section_1'  class='avia-section av-hsi7fz-dd91d2430958f5bbe2df6cdb1df9f269 main_color avia-section-default avia-no-shadow  avia-builder-el-0  avia-builder-el-no-sibling  avia-bg-style-scroll container_wrap fullsize'  ><div class='container av-section-cont-open' ><main  role=\"main\" itemprop=\"mainContentOfPage\"  class='template-page content  av-content-full alpha units'><div class='post-entry post-entry-type-page post-entry-297595'><div class='entry-content-wrapper clearfix'>\n<div  class='flex_column av-g783bz-0ce9a76431f117e45ce1907b785918df av_one_half  avia-builder-el-1  el_before_av_one_half  avia-builder-el-first  first flex_column_div  '     ><style type=\"text\/css\" data-created_by=\"avia_inline_auto\" id=\"style-css-av-mgs195sq-ef207a83b666cf7ba6c406d43409c50a\">\n.avia-image-container.av-mgs195sq-ef207a83b666cf7ba6c406d43409c50a img.avia_image{\nbox-shadow:none;\n}\n.avia-image-container.av-mgs195sq-ef207a83b666cf7ba6c406d43409c50a .av-image-caption-overlay-center{\ncolor:#ffffff;\n}\n<\/style>\n<div  class='avia-image-container av-mgs195sq-ef207a83b666cf7ba6c406d43409c50a av-styling- avia_animated_image av-animated-when-visible-95 left-to-right avia-align-right  avia-builder-el-2  avia-builder-el-no-sibling '   itemprop=\"image\" itemscope=\"itemscope\" itemtype=\"https:\/\/schema.org\/ImageObject\" ><div class=\"avia-image-container-inner\"><div class=\"avia-image-overlay-wrap\"><img decoding=\"async\" fetchpriority=\"high\" class='wp-image-2937 avia-img-lazy-loading-not-2937 avia_image ' src=\"https:\/\/contibelt.com\/wp-content\/uploads\/2015\/08\/iStock_000047232570XLarge_-Tiefk\u00fchlfr\u00fcchte_nachbearbeitet_1200_800-1024x683.jpg\" alt='' title='Frozen berries isolated on white background'  height=\"683\" width=\"1024\"  itemprop=\"thumbnailUrl\" srcset=\"https:\/\/contibelt.com\/wp-content\/uploads\/2015\/08\/iStock_000047232570XLarge_-Tiefk\u00fchlfr\u00fcchte_nachbearbeitet_1200_800-1024x683.jpg 1024w, https:\/\/contibelt.com\/wp-content\/uploads\/2015\/08\/iStock_000047232570XLarge_-Tiefk\u00fchlfr\u00fcchte_nachbearbeitet_1200_800-300x200.jpg 300w, https:\/\/contibelt.com\/wp-content\/uploads\/2015\/08\/iStock_000047232570XLarge_-Tiefk\u00fchlfr\u00fcchte_nachbearbeitet_1200_800-500x333.jpg 500w, https:\/\/contibelt.com\/wp-content\/uploads\/2015\/08\/iStock_000047232570XLarge_-Tiefk\u00fchlfr\u00fcchte_nachbearbeitet_1200_800.jpg 1200w\" sizes=\"(max-width: 1024px) 100vw, 1024px\" \/><\/div><\/div><\/div><\/div><div  class='flex_column av-e2d14v-66e94a01adc0cae0578899ed47ef3f7b av_one_half  avia-builder-el-3  el_after_av_one_half  el_before_av_hr  flex_column_div  '     ><section  class='av_textblock_section av-mgs18t61-b64af7f3aeb5b3411b4b6e0565945576 '   itemscope=\"itemscope\" itemtype=\"https:\/\/schema.org\/CreativeWork\" ><div class='avia_textblock'  itemprop=\"text\" ><h1>Des Surgeles<\/h1>\n<\/div><\/section><br \/>\n<div  class='hr av-cj7fnj-c67f88790d88f8ec3792d934bda60fa8 hr-short  avia-builder-el-5  el_after_av_textblock  el_before_av_textblock  hr-left'><span class='hr-inner '><span class=\"hr-inner-style\"><\/span><\/span><\/div><br \/>\n<section  class='av_textblock_section av-mgs19mgz-66efe406f673714e1f9f66e86554b2e8 '   itemscope=\"itemscope\" itemtype=\"https:\/\/schema.org\/CreativeWork\" ><div class='avia_textblock'  itemprop=\"text\" ><p>Les secteurs d\u00b4utilisation de nos bandes d\u2019acier vont des sites de d\u00e9coupage de la viande en passant par le transport et le conditionnement des l\u00e9gumes et jusqu\u00b4aux sites r\u00e9frig\u00e9r\u00e9s o\u00f9 les bandes d\u00b4acier sont essentiellement utilis\u00e9es. Pour les proc\u00e9dures de cuisson, pour le transport du chocolat ou d\u00b4autres processus de fabrication nous vous proposons des bandes sp\u00e9ciales. Pour plus de renseignements, veuillez consulter les documents ci-dessous: <strong><a href=\"http:\/\/www.contibelt.com\/wp-content\/uploads\/2015\/11\/application-food.pdf\" target=\"_blank\" rel=\"noopener\">Des Surgeles<\/a><\/strong><\/p>\n<\/div><\/section><br \/>\n<div  class='hr av-bcmq6n-c2dd44d7cc178b1b88762b9a708663e4 hr-short  avia-builder-el-7  el_after_av_textblock  el_before_av_textblock  hr-left'><span class='hr-inner '><span class=\"hr-inner-style\"><\/span><\/span><\/div><br \/>\n<section  class='av_textblock_section av-mgs1ae5e-6dde737ac951f2ea60317fe8544f6c37 '   itemscope=\"itemscope\" itemtype=\"https:\/\/schema.org\/CreativeWork\" ><div class='avia_textblock'  itemprop=\"text\" ><h3>T\u00e9l\u00e9charger les documents :<\/h3>\n<p><a href=\"\/wp-content\/uploads\/2015\/11\/Material-Data-Sheet-CB-301-SGA.pdf\" target=\"_blank\" rel=\"noopener\">Material Data Sheet: CB 301 SGA<\/a><br \/>\n<a href=\"\/wp-content\/uploads\/2015\/11\/Material-Data-Sheet-CB-316-SGA.pdf\" target=\"_blank\" rel=\"noopener\">Material Data Sheet: CB 316 SGA<\/a><\/p>\n<\/div><\/section><\/p><\/div><div  class='hr av-94qs8f-12fc3038f7d11970db0c47924e5f8431 hr-full  avia-builder-el-9  el_after_av_one_half  el_before_av_textblock  hr-no-shadow'><span class='hr-inner '><span class=\"hr-inner-style\"><\/span><\/span><\/div>\n<section  class='av_textblock_section av-83bh5b-be9aff7d5743b45317f6aa6b68f60aab '   itemscope=\"itemscope\" itemtype=\"https:\/\/schema.org\/CreativeWork\" ><div class='avia_textblock'  itemprop=\"text\" ><h2 style=\"text-align: center;\">Vous pourriez \u00e9galement \u00eatre int\u00e9ress\u00e9 par :<\/h2>\n<\/div><\/section>\n<div  class='avia-content-slider-element-container av-mgs1bfrq-a2d93f78185cdd5f363999d66cf69ba8 avia-content-slider-element-slider avia-content-slider avia-smallarrow-slider avia-content-slider-active avia-content-slider-odd  avia-builder-el-11  el_after_av_textblock  avia-builder-el-last  av-slideshow-ui av-control-default av-nav-arrows-visible av-nav-dots-visible av-no-slider-navigation av-slideshow-manual av-loop-once av-loop-manual-endless avia-content-slider1' data-slideshow-options=\"{&quot;animation&quot;:&quot;slide&quot;,&quot;autoplay&quot;:false,&quot;loop_autoplay&quot;:&quot;once&quot;,&quot;interval&quot;:5,&quot;loop_manual&quot;:&quot;manual-endless&quot;,&quot;autoplay_stopper&quot;:false,&quot;noNavigation&quot;:false,&quot;bg_slider&quot;:false,&quot;keep_padding&quot;:&quot;&quot;,&quot;hoverpause&quot;:false,&quot;show_slide_delay&quot;:30}\"><div class='avia-smallarrow-slider-heading  no-content-slider-heading '><div class='new-special-heading'>&nbsp;<\/div><\/div><div class=\"avia-content-slider-inner\"><div class=\"slide-entry-wrap\"><section class='slide-entry av-6cw6db-f4394f47a79d2ed02204c158983c211b flex_column av_one_third post-entry slide-entry-overview slide-loop-1 slide-parity-odd  first'  itemscope=\"itemscope\" itemtype=\"https:\/\/schema.org\/CreativeWork\" ><h3 class='slide-entry-title entry-title '  itemprop=\"headline\" ><a href='https:\/\/contibelt.com\/fr\/lyophilisation\/'  title='Lyophilisation'>Lyophilisation<\/a><\/h3><div class='slide-entry-excerpt entry-content'  itemprop=\"text\" ><p><a href=\"https:\/\/contibelt.com\/fr\/lyophilisation\/\"><img loading=\"lazy\" decoding=\"async\" class=\"size-medium wp-image-3460\" src=\"https:\/\/contibelt.com\/wp-content\/uploads\/2015\/09\/Fotolia_46681012_L_instantkaffee_1200_800_versuch1-300x199.jpg\" alt=\"\" width=\"300\" height=\"199\" srcset=\"https:\/\/contibelt.com\/wp-content\/uploads\/2015\/09\/Fotolia_46681012_L_instantkaffee_1200_800_versuch1-300x199.jpg 300w, https:\/\/contibelt.com\/wp-content\/uploads\/2015\/09\/Fotolia_46681012_L_instantkaffee_1200_800_versuch1-1024x680.jpg 1024w, https:\/\/contibelt.com\/wp-content\/uploads\/2015\/09\/Fotolia_46681012_L_instantkaffee_1200_800_versuch1-500x333.jpg 500w, https:\/\/contibelt.com\/wp-content\/uploads\/2015\/09\/Fotolia_46681012_L_instantkaffee_1200_800_versuch1.jpg 1200w\" sizes=\"auto, (max-width: 300px) 100vw, 300px\" \/><\/a><\/p>\n<\/div><\/section><section class='slide-entry av-3t6cmn-a822b32e5e33437c3f3a00513430bd8d flex_column av_one_third post-entry slide-entry-overview slide-loop-2 slide-parity-even  '  itemscope=\"itemscope\" itemtype=\"https:\/\/schema.org\/CreativeWork\" ><h3 class='slide-entry-title entry-title '  itemprop=\"headline\" ><a href='https:\/\/contibelt.com\/fr\/surimi\/'  title='Surimi'>Surimi<\/a><\/h3><div class='slide-entry-excerpt entry-content'  itemprop=\"text\" ><p><a href=\"https:\/\/contibelt.com\/fr\/surimi\/\"><img loading=\"lazy\" decoding=\"async\" class=\"size-medium wp-image-3452\" src=\"https:\/\/contibelt.com\/wp-content\/uploads\/2015\/09\/iStock_000020951202Large_Surimi-1200_800-versuch-300x200.jpg\" alt=\"\" width=\"300\" height=\"200\" srcset=\"https:\/\/contibelt.com\/wp-content\/uploads\/2015\/09\/iStock_000020951202Large_Surimi-1200_800-versuch-300x200.jpg 300w, https:\/\/contibelt.com\/wp-content\/uploads\/2015\/09\/iStock_000020951202Large_Surimi-1200_800-versuch-1024x683.jpg 1024w, https:\/\/contibelt.com\/wp-content\/uploads\/2015\/09\/iStock_000020951202Large_Surimi-1200_800-versuch-500x333.jpg 500w, https:\/\/contibelt.com\/wp-content\/uploads\/2015\/09\/iStock_000020951202Large_Surimi-1200_800-versuch.jpg 1200w\" sizes=\"auto, (max-width: 300px) 100vw, 300px\" \/><\/a><\/p>\n<\/div><\/section><section class='slide-entry av-2tf21b-9a35f39838e065a38711c5049d24e35f flex_column av_one_third post-entry slide-entry-overview slide-loop-3 slide-parity-odd  post-entry-last  '  itemscope=\"itemscope\" itemtype=\"https:\/\/schema.org\/CreativeWork\" ><h3 class='slide-entry-title entry-title '  itemprop=\"headline\" ><a href='https:\/\/contibelt.com\/fr\/bonbondur\/'  title='Bonbons durs'>Bonbons durs<\/a><\/h3><div class='slide-entry-excerpt entry-content'  itemprop=\"text\" ><p><a href=\"https:\/\/contibelt.com\/fr\/bonbondur\/\"><img loading=\"lazy\" decoding=\"async\" class=\"size-medium wp-image-3464\" src=\"https:\/\/contibelt.com\/wp-content\/uploads\/2015\/09\/Fotolia_10831803_1200_800_-Zuckerl_versuch-300x200.jpg\" alt=\"\" width=\"300\" height=\"200\" srcset=\"https:\/\/contibelt.com\/wp-content\/uploads\/2015\/09\/Fotolia_10831803_1200_800_-Zuckerl_versuch-300x200.jpg 300w, https:\/\/contibelt.com\/wp-content\/uploads\/2015\/09\/Fotolia_10831803_1200_800_-Zuckerl_versuch-1024x683.jpg 1024w, https:\/\/contibelt.com\/wp-content\/uploads\/2015\/09\/Fotolia_10831803_1200_800_-Zuckerl_versuch-500x333.jpg 500w, https:\/\/contibelt.com\/wp-content\/uploads\/2015\/09\/Fotolia_10831803_1200_800_-Zuckerl_versuch.jpg 1200w\" sizes=\"auto, (max-width: 300px) 100vw, 300px\" \/><\/a><\/p>\n<\/div><\/section><\/div><\/div><\/div>\n\n","protected":false},"excerpt":{"rendered":"","protected":false},"author":2,"featured_media":0,"parent":0,"menu_order":0,"comment_status":"open","ping_status":"open","template":"","meta":{"footnotes":""},"class_list":["post-297595","page","type-page","status-publish","hentry"],"_links":{"self":[{"href":"https:\/\/contibelt.com\/fr\/wp-json\/wp\/v2\/pages\/297595","targetHints":{"allow":["GET"]}}],"collection":[{"href":"https:\/\/contibelt.com\/fr\/wp-json\/wp\/v2\/pages"}],"about":[{"href":"https:\/\/contibelt.com\/fr\/wp-json\/wp\/v2\/types\/page"}],"author":[{"embeddable":true,"href":"https:\/\/contibelt.com\/fr\/wp-json\/wp\/v2\/users\/2"}],"replies":[{"embeddable":true,"href":"https:\/\/contibelt.com\/fr\/wp-json\/wp\/v2\/comments?post=297595"}],"version-history":[{"count":21,"href":"https:\/\/contibelt.com\/fr\/wp-json\/wp\/v2\/pages\/297595\/revisions"}],"predecessor-version":[{"id":298286,"href":"https:\/\/contibelt.com\/fr\/wp-json\/wp\/v2\/pages\/297595\/revisions\/298286"}],"wp:attachment":[{"href":"https:\/\/contibelt.com\/fr\/wp-json\/wp\/v2\/media?parent=297595"}],"curies":[{"name":"wp","href":"https:\/\/api.w.org\/{rel}","templated":true}]}}