{"id":297579,"date":"2025-10-16T11:16:06","date_gmt":"2025-10-16T09:16:06","guid":{"rendered":"https:\/\/contibelt.baldneu.at\/lyophilisation-2\/"},"modified":"2025-10-16T13:53:11","modified_gmt":"2025-10-16T11:53:11","slug":"lyophilisation","status":"publish","type":"page","link":"https:\/\/contibelt.com\/fr\/lyophilisation\/","title":{"rendered":"Lyophilisation"},"content":{"rendered":"<div id='av_section_1'  class='avia-section av-gzre45-cfddd46eb9038c2b5d9d88bf850c214f main_color avia-section-default avia-no-shadow  avia-builder-el-0  avia-builder-el-no-sibling  avia-bg-style-scroll container_wrap fullsize'  ><div class='container av-section-cont-open' ><main  role=\"main\" itemprop=\"mainContentOfPage\"  class='template-page content  av-content-full alpha units'><div class='post-entry post-entry-type-page post-entry-297579'><div class='entry-content-wrapper clearfix'>\n<div  class='flex_column av-f28tit-9ed0d28f31d8aaa4e580ab5adc0010ef av_one_half  avia-builder-el-1  el_before_av_one_half  avia-builder-el-first  first flex_column_div  '     ><style type=\"text\/css\" data-created_by=\"avia_inline_auto\" id=\"style-css-av-mgs0lsrk-143f0b121ef34ab19bf078b25e11d68c\">\n.avia-image-container.av-mgs0lsrk-143f0b121ef34ab19bf078b25e11d68c img.avia_image{\nbox-shadow:none;\n}\n.avia-image-container.av-mgs0lsrk-143f0b121ef34ab19bf078b25e11d68c .av-image-caption-overlay-center{\ncolor:#ffffff;\n}\n<\/style>\n<div  class='avia-image-container av-mgs0lsrk-143f0b121ef34ab19bf078b25e11d68c av-styling- avia_animated_image av-animated-when-visible-95 left-to-right avia-align-right  avia-builder-el-2  avia-builder-el-no-sibling '   itemprop=\"image\" itemscope=\"itemscope\" itemtype=\"https:\/\/schema.org\/ImageObject\" ><div class=\"avia-image-container-inner\"><div class=\"avia-image-overlay-wrap\"><img decoding=\"async\" fetchpriority=\"high\" class='wp-image-2798 avia-img-lazy-loading-not-2798 avia_image ' src=\"https:\/\/contibelt.com\/wp-content\/uploads\/2015\/07\/20_instantkaffee.jpg\" alt='' title='Instantkaffee'  height=\"800\" width=\"1200\"  itemprop=\"thumbnailUrl\"  \/><\/div><\/div><\/div><\/div><div  class='flex_column av-e3fe2d-9449a5e59542bb9dde1e8c69bac5d845 av_one_half  avia-builder-el-3  el_after_av_one_half  el_before_av_hr  flex_column_div  '     ><section  class='av_textblock_section av-mgs0lfhy-69d472bb703489fd9b25f7b652224e92 '   itemscope=\"itemscope\" itemtype=\"https:\/\/schema.org\/CreativeWork\" ><div class='avia_textblock'  itemprop=\"text\" ><h1>Lyophilisation<\/h1>\n<\/div><\/section><br \/>\n<div  class='hr av-crvhz9-4ac166f5bb15b181ca9d1746a89e8981 hr-short  avia-builder-el-5  el_after_av_textblock  el_before_av_textblock  hr-left'><span class='hr-inner '><span class=\"hr-inner-style\"><\/span><\/span><\/div><br \/>\n<section  class='av_textblock_section av-mgs0m43k-526afb46ea475839e64dd589037de6e3 '   itemscope=\"itemscope\" itemtype=\"https:\/\/schema.org\/CreativeWork\" ><div class='avia_textblock'  itemprop=\"text\" ><p>Les secteurs d\u00b4utilisation de nos bandes d\u2019acier vont des sites de d\u00e9coupage de la viande en passant par le transport et le conditionnement des l\u00e9gumes et jusqu\u00b4aux sites r\u00e9frig\u00e9r\u00e9s o\u00f9 les bandes d\u00b4acier sont essentiellement utilis\u00e9es. Pour les proc\u00e9dures de cuisson, pour le transport du chocolat ou d\u00b4autres processus de fabrication nous vous proposons des bandes sp\u00e9ciales. Pour plus de renseignements, veuillez consulter les documents ci-dessous: <a href=\"http:\/\/www.contibelt.com\/wp-content\/uploads\/2015\/11\/application-food.pdf\" target=\"_blank\" rel=\"noopener\">Lyophilisation<\/a><\/p>\n<\/div><\/section><br \/>\n<div  class='hr av-bhetxh-074f5cb3c7af00efd156d982f6bff854 hr-short  avia-builder-el-7  el_after_av_textblock  el_before_av_textblock  hr-left'><span class='hr-inner '><span class=\"hr-inner-style\"><\/span><\/span><\/div><br \/>\n<section  class='av_textblock_section av-mgs0nz6r-57b7fd937c26090f5a61efb56ace8204 '   itemscope=\"itemscope\" itemtype=\"https:\/\/schema.org\/CreativeWork\" ><div class='avia_textblock'  itemprop=\"text\" ><h3>T\u00e9l\u00e9charger les documents :<\/h3>\n<p><a href=\"http:\/\/www.contibelt.com\/wp-content\/uploads\/2015\/11\/Material-Data-Sheet-CB-301-SGA.pdf\" target=\"_blank\" rel=\"noopener\">Material Data Sheet: CB 301 SGA<\/a><\/p>\n<p><a href=\"http:\/\/www.contibelt.com\/wp-content\/uploads\/2015\/11\/Material-Data-Sheet-CB-316-SGA.pdf\" target=\"_blank\" rel=\"noopener\">Material Data Sheet: CB 316 SGA<\/a><\/p>\n<\/div><\/section><\/p><\/div><div  class='hr av-y6kg5-ae26c0ad337dbd03d7d11f75413b9ea8 hr-full  avia-builder-el-9  el_after_av_one_half  el_before_av_textblock  hr-no-shadow'><span class='hr-inner '><span class=\"hr-inner-style\"><\/span><\/span><\/div>\n<section  class='av_textblock_section av-7ht2th-4da6eb1d33e98fd9b0c3aa97646dca80 '   itemscope=\"itemscope\" itemtype=\"https:\/\/schema.org\/CreativeWork\" ><div class='avia_textblock'  itemprop=\"text\" ><h2 style=\"text-align: center;\">Vous pourriez \u00e9galement \u00eatre int\u00e9ress\u00e9 par :<\/h2>\n<\/div><\/section>\n<div  class='avia-content-slider-element-container av-mgs0ppam-acf92fb37159cdb45e6dbc8f0c343405 avia-content-slider-element-slider avia-content-slider avia-smallarrow-slider avia-content-slider-active avia-content-slider-odd  avia-builder-el-11  el_after_av_textblock  avia-builder-el-last  av-slideshow-ui av-control-default av-nav-arrows-visible av-nav-dots-visible av-no-slider-navigation av-slideshow-manual av-loop-once av-loop-manual-endless avia-content-slider1' data-slideshow-options=\"{&quot;animation&quot;:&quot;slide&quot;,&quot;autoplay&quot;:false,&quot;loop_autoplay&quot;:&quot;once&quot;,&quot;interval&quot;:5,&quot;loop_manual&quot;:&quot;manual-endless&quot;,&quot;autoplay_stopper&quot;:false,&quot;noNavigation&quot;:false,&quot;bg_slider&quot;:false,&quot;keep_padding&quot;:&quot;&quot;,&quot;hoverpause&quot;:false,&quot;show_slide_delay&quot;:30}\"><div class='avia-smallarrow-slider-heading  no-content-slider-heading '><div class='new-special-heading'>&nbsp;<\/div><\/div><div class=\"avia-content-slider-inner\"><div class=\"slide-entry-wrap\"><section class='slide-entry av-6epjit-fb58a0220717cc69b9124ead2359c594 flex_column av_one_third post-entry slide-entry-overview slide-loop-1 slide-parity-odd  first'  itemscope=\"itemscope\" itemtype=\"https:\/\/schema.org\/CreativeWork\" ><h3 class='slide-entry-title entry-title '  itemprop=\"headline\" ><a href='https:\/\/contibelt.com\/fr\/des-surgeles\/'  title='Aliments surgel\u00e9s'>Aliments surgel\u00e9s<\/a><\/h3><div class='slide-entry-excerpt entry-content'  itemprop=\"text\" ><p><a href=\"https:\/\/contibelt.com\/fr\/des-surgeles\/\"><img loading=\"lazy\" decoding=\"async\" class=\"size-medium wp-image-3448\" src=\"https:\/\/contibelt.com\/wp-content\/uploads\/2015\/09\/iStock_000047232570XLarge_-Tiefk%C3%BChlfr%C3%BCchte_nachbearbeitet_1200_800_versuch-300x200.jpg\" alt=\"\" width=\"300\" height=\"200\"\/><\/a><\/p>\n<\/div><\/section><section class='slide-entry av-3m62lh-90f2757bd85c24ae0393efee2b440544 flex_column av_one_third post-entry slide-entry-overview slide-loop-2 slide-parity-even  '  itemscope=\"itemscope\" itemtype=\"https:\/\/schema.org\/CreativeWork\" ><h3 class='slide-entry-title entry-title '  itemprop=\"headline\" ><a href='https:\/\/contibelt.com\/fr\/bonbondur\/'  title='Bonbons durs'>Bonbons durs<\/a><\/h3><div class='slide-entry-excerpt entry-content'  itemprop=\"text\" ><p><a href=\"https:\/\/contibelt.com\/fr\/bonbondur\/\"><img loading=\"lazy\" decoding=\"async\" class=\"size-medium wp-image-3464\" src=\"https:\/\/contibelt.com\/wp-content\/uploads\/2015\/09\/Fotolia_10831803_1200_800_-Zuckerl_versuch-300x200.jpg\" alt=\"\" width=\"300\" height=\"200\" srcset=\"https:\/\/contibelt.com\/wp-content\/uploads\/2015\/09\/Fotolia_10831803_1200_800_-Zuckerl_versuch-300x200.jpg 300w, https:\/\/contibelt.com\/wp-content\/uploads\/2015\/09\/Fotolia_10831803_1200_800_-Zuckerl_versuch-1024x683.jpg 1024w, https:\/\/contibelt.com\/wp-content\/uploads\/2015\/09\/Fotolia_10831803_1200_800_-Zuckerl_versuch-500x333.jpg 500w, https:\/\/contibelt.com\/wp-content\/uploads\/2015\/09\/Fotolia_10831803_1200_800_-Zuckerl_versuch.jpg 1200w\" sizes=\"auto, (max-width: 300px) 100vw, 300px\" \/><\/a><\/p>\n<\/div><\/section><section class='slide-entry av-2oufv9-d180ca8ec4db2e3592ad271f91f40c92 flex_column av_one_third post-entry slide-entry-overview slide-loop-3 slide-parity-odd  post-entry-last  '  itemscope=\"itemscope\" itemtype=\"https:\/\/schema.org\/CreativeWork\" ><h3 class='slide-entry-title entry-title '  itemprop=\"headline\" ><a href='https:\/\/contibelt.com\/fr\/masse-de-cacao\/'  title='P\u00e2te de cacao'>P\u00e2te de cacao<\/a><\/h3><div class='slide-entry-excerpt entry-content'  itemprop=\"text\" ><p><a href=\"https:\/\/contibelt.com\/fr\/masse-de-cacao\/\"><img loading=\"lazy\" decoding=\"async\" class=\"alignnone size-medium wp-image-3472\" src=\"https:\/\/contibelt.com\/wp-content\/uploads\/2015\/09\/Fotolia_56483574_L_Kakaomasse_1200_800_versuch-300x200.jpg\" alt=\"\" width=\"300\" height=\"200\" srcset=\"https:\/\/contibelt.com\/wp-content\/uploads\/2015\/09\/Fotolia_56483574_L_Kakaomasse_1200_800_versuch-300x200.jpg 300w, https:\/\/contibelt.com\/wp-content\/uploads\/2015\/09\/Fotolia_56483574_L_Kakaomasse_1200_800_versuch-1024x683.jpg 1024w, https:\/\/contibelt.com\/wp-content\/uploads\/2015\/09\/Fotolia_56483574_L_Kakaomasse_1200_800_versuch-500x333.jpg 500w, https:\/\/contibelt.com\/wp-content\/uploads\/2015\/09\/Fotolia_56483574_L_Kakaomasse_1200_800_versuch.jpg 1200w\" sizes=\"auto, (max-width: 300px) 100vw, 300px\" \/><\/a><\/p>\n<\/div><\/section><\/div><\/div><\/div>\n\n","protected":false},"excerpt":{"rendered":"","protected":false},"author":2,"featured_media":0,"parent":0,"menu_order":0,"comment_status":"open","ping_status":"open","template":"","meta":{"footnotes":""},"class_list":["post-297579","page","type-page","status-publish","hentry"],"_links":{"self":[{"href":"https:\/\/contibelt.com\/fr\/wp-json\/wp\/v2\/pages\/297579","targetHints":{"allow":["GET"]}}],"collection":[{"href":"https:\/\/contibelt.com\/fr\/wp-json\/wp\/v2\/pages"}],"about":[{"href":"https:\/\/contibelt.com\/fr\/wp-json\/wp\/v2\/types\/page"}],"author":[{"embeddable":true,"href":"https:\/\/contibelt.com\/fr\/wp-json\/wp\/v2\/users\/2"}],"replies":[{"embeddable":true,"href":"https:\/\/contibelt.com\/fr\/wp-json\/wp\/v2\/comments?post=297579"}],"version-history":[{"count":20,"href":"https:\/\/contibelt.com\/fr\/wp-json\/wp\/v2\/pages\/297579\/revisions"}],"predecessor-version":[{"id":298282,"href":"https:\/\/contibelt.com\/fr\/wp-json\/wp\/v2\/pages\/297579\/revisions\/298282"}],"wp:attachment":[{"href":"https:\/\/contibelt.com\/fr\/wp-json\/wp\/v2\/media?parent=297579"}],"curies":[{"name":"wp","href":"https:\/\/api.w.org\/{rel}","templated":true}]}}