{"id":297544,"date":"2025-10-16T11:10:34","date_gmt":"2025-10-16T09:10:34","guid":{"rendered":"https:\/\/contibelt.baldneu.at\/telechargements\/"},"modified":"2025-10-20T11:11:50","modified_gmt":"2025-10-20T09:11:50","slug":"telecharger","status":"publish","type":"page","link":"https:\/\/contibelt.com\/fr\/telecharger\/","title":{"rendered":"T\u00e9l\u00e9charger"},"content":{"rendered":"<div id='av_section_1'  class='avia-section av-ggoo4j-a874829e5ba6841c0a5d998e9ac88c76 main_color avia-section-default avia-no-shadow  avia-builder-el-0  avia-builder-el-no-sibling  avia-bg-style-scroll container_wrap fullsize'  ><div class='container av-section-cont-open' ><main  role=\"main\" itemprop=\"mainContentOfPage\"  class='template-page content  av-content-full alpha units'><div class='post-entry post-entry-type-page post-entry-297544'><div class='entry-content-wrapper clearfix'>\n<div  class='flex_column av-1gc2wz-7a486604891ba031f8d970aa0422b149 av_two_third  avia-builder-el-1  el_before_av_one_third  avia-builder-el-first  first flex_column_div  '     ><style type=\"text\/css\" data-created_by=\"avia_inline_auto\" id=\"style-css-av-mgs06f42-b53b6d2813a53b8b64b7e92c980d58cc\">\n.avia-image-container.av-mgs06f42-b53b6d2813a53b8b64b7e92c980d58cc img.avia_image{\nbox-shadow:none;\n}\n.avia-image-container.av-mgs06f42-b53b6d2813a53b8b64b7e92c980d58cc .av-image-caption-overlay-center{\ncolor:#ffffff;\n}\n<\/style>\n<div  class='avia-image-container av-mgs06f42-b53b6d2813a53b8b64b7e92c980d58cc av-styling- avia_animated_image av-animated-when-visible-95 left-to-right avia-align-right  avia-builder-el-2  avia-builder-el-no-sibling '   itemprop=\"image\" itemscope=\"itemscope\" itemtype=\"https:\/\/schema.org\/ImageObject\" ><div class=\"avia-image-container-inner\"><div class=\"avia-image-overlay-wrap\"><img decoding=\"async\" fetchpriority=\"high\" class='wp-image- avia-img-lazy-loading-not- avia_image ' src=\"https:\/\/contibelt.com\/wp-content\/uploads\/2015\/07\/4_downloads.jpg\" alt='' title=''   itemprop=\"thumbnailUrl\"  \/><\/div><\/div><\/div><\/div><div  class='flex_column av-17zdar-8d5bbb7c9ad2e0d94fb5387a795e82d5 av_one_third  avia-builder-el-3  el_after_av_two_third  el_before_av_hr  flex_column_div  '     ><section  class='av_textblock_section av-mgs06mbd-26baaa7307d248922e69773b4ab6710a '   itemscope=\"itemscope\" itemtype=\"https:\/\/schema.org\/CreativeWork\" ><div class='avia_textblock'  itemprop=\"text\" ><h1>T\u00e9l\u00e9charger<\/h1>\n<\/div><\/section><br \/>\n<div  class='hr av-axzoer-8af50c32e68421f0fea2514bc0d363a6 hr-short  avia-builder-el-5  el_after_av_textblock  el_before_av_textblock  hr-left'><span class='hr-inner '><span class=\"hr-inner-style\"><\/span><\/span><\/div><br \/>\n<section  class='av_textblock_section av-mgs09a6p-6d65541bf4c420373e2db63f5609ec0f '   itemscope=\"itemscope\" itemtype=\"https:\/\/schema.org\/CreativeWork\" ><div class='avia_textblock'  itemprop=\"text\" ><h3>Brochures:<\/h3>\n<p><a href=\"\/wp-content\/uploads\/2015\/11\/application-chocolate.pdf\" target=\"_blank\" rel=\"noopener\">Chocolate Industry<\/a><br \/>\n<a href=\"\/wp-content\/uploads\/2015\/11\/application-food.pdf\" target=\"_blank\" rel=\"noopener\">Food Industry<\/a><br \/>\n<a href=\"\/wp-content\/uploads\/2015\/11\/application-wood-fibre-boards.pdf\" target=\"_blank\" rel=\"noopener\">Wood Industry<\/a><br \/>\n<a href=\"\/wp-content\/uploads\/2015\/11\/application-rotocure.pdf\" target=\"_blank\" rel=\"noopener\">Rubber Industry<\/a><br \/>\n<a href=\"\/wp-content\/uploads\/2015\/11\/application-chemicals.pdf\" target=\"_blank\" rel=\"noopener\">Chemical Industry<\/a><br \/>\n<a href=\"\/wp-content\/uploads\/2015\/11\/application-tire-testing.pdf\" target=\"_blank\" rel=\"noopener\">Test de pneus<\/a><\/p>\n<\/div><\/section><br \/>\n<div  class='hr av-wp7dv-38079f70435e1a5ec6d6095c793ecd88 hr-short  avia-builder-el-7  el_after_av_textblock  el_before_av_textblock  hr-left'><span class='hr-inner '><span class=\"hr-inner-style\"><\/span><\/span><\/div><br \/>\n<section  class='av_textblock_section av-mgs0atx2-fabe8e448537d5dcbf9fa8d1d07920c4 '   itemscope=\"itemscope\" itemtype=\"https:\/\/schema.org\/CreativeWork\" ><div class='avia_textblock'  itemprop=\"text\" ><h3>Material Data Sheets for Contibelt steel belts:<\/h3>\n<p><a href=\"\/wp-content\/uploads\/2015\/11\/Material-Data-Sheet-CB-630-SGM.pdf\" target=\"_blank\" rel=\"noopener\">CB 630 SGM<\/a><br \/>\n<a href=\"\/wp-content\/uploads\/2015\/11\/Material-Data-Sheet-CB-301-SGA.pdf\" target=\"_blank\" rel=\"noopener\">CB 301 SGA<\/a><br \/>\n<a href=\"\/wp-content\/uploads\/2015\/11\/Material-Data-Sheet-CB-316-SGA.pdf\" target=\"_blank\" rel=\"noopener\">CB 316 SGA<\/a><br \/>\n<a href=\"\/wp-content\/uploads\/2015\/11\/Material-Data-Sheet-CB-31-SGM.pdf\" target=\"_blank\" rel=\"noopener\">CB 31 SGM<\/a><br \/>\n<a href=\"\/wp-content\/uploads\/2015\/11\/Material-Data-Sheet-CB-105-SGF.pdf\" target=\"_blank\" rel=\"noopener\">CB 105 SGF<\/a><\/p>\n<\/div><\/section><\/p><\/div><div  class='hr av-82l42b-ef5ed335291d6a82223344febbd8dfd5 hr-full  avia-builder-el-9  el_after_av_one_third  el_before_av_textblock  hr-no-shadow'><span class='hr-inner '><span class=\"hr-inner-style\"><\/span><\/span><\/div>\n<section  class='av_textblock_section av-5vu3vn-9eb2290aac05e665dad8555ce00f6715 '   itemscope=\"itemscope\" itemtype=\"https:\/\/schema.org\/CreativeWork\" ><div class='avia_textblock'  itemprop=\"text\" ><h2 style=\"text-align: center;\">Vous pourriez \u00e9galement \u00eatre int\u00e9ress\u00e9 par :<\/h2>\n<\/div><\/section>\n<div  class='avia-content-slider-element-container av-mgs0crrd-f83a93816e586510fec997f7f99a9633 avia-content-slider-element-slider avia-content-slider avia-smallarrow-slider avia-content-slider-active avia-content-slider-odd  avia-builder-el-11  el_after_av_textblock  avia-builder-el-last  av-slideshow-ui av-control-default av-nav-arrows-visible av-nav-dots-visible av-no-slider-navigation av-slideshow-manual av-loop-once av-loop-manual-endless avia-content-slider1' data-slideshow-options=\"{&quot;animation&quot;:&quot;slide&quot;,&quot;autoplay&quot;:false,&quot;loop_autoplay&quot;:&quot;once&quot;,&quot;interval&quot;:5,&quot;loop_manual&quot;:&quot;manual-endless&quot;,&quot;autoplay_stopper&quot;:false,&quot;noNavigation&quot;:false,&quot;bg_slider&quot;:false,&quot;keep_padding&quot;:&quot;&quot;,&quot;hoverpause&quot;:false,&quot;show_slide_delay&quot;:30}\"><div class='avia-smallarrow-slider-heading  no-content-slider-heading '><div class='new-special-heading'>&nbsp;<\/div><\/div><div class=\"avia-content-slider-inner\"><div class=\"slide-entry-wrap\"><section class='slide-entry av-4cw0gj-d826a0cbdd101b0a86c23dca183a840d flex_column av_one_third post-entry slide-entry-overview slide-loop-1 slide-parity-odd  first'  itemscope=\"itemscope\" itemtype=\"https:\/\/schema.org\/CreativeWork\" ><h3 class='slide-entry-title entry-title '  itemprop=\"headline\" ><a href='https:\/\/contibelt.com\/fr\/notre-enterprise\/'  title='\u00c0 propos de nous'>\u00c0 propos de nous<\/a><\/h3><div class='slide-entry-excerpt entry-content'  itemprop=\"text\" ><p><a href=\"https:\/\/contibelt.com\/fr\/notre-enterprise\/\"><img loading=\"lazy\" decoding=\"async\" class=\"alignnone size-full wp-image-2758\" src=\"https:\/\/contibelt.com\/wp-content\/uploads\/2015\/07\/2_about_us.jpg\" alt=\"\" width=\"1200\" height=\"800\" \/><\/a><\/p>\n<\/div><\/section><section class='slide-entry av-20uof7-36b62dddd6ddaa48c48453ce8e4ca2ee flex_column av_one_third post-entry slide-entry-overview slide-loop-2 slide-parity-even  '  itemscope=\"itemscope\" itemtype=\"https:\/\/schema.org\/CreativeWork\" ><h3 class='slide-entry-title entry-title '  itemprop=\"headline\" ><a href='https:\/\/contibelt.com\/fr\/service\/'  title='Service'>Service<\/a><\/h3><div class='slide-entry-excerpt entry-content'  itemprop=\"text\" ><p><a href=\"https:\/\/contibelt.com\/fr\/service\/\"><img loading=\"lazy\" decoding=\"async\" class=\"alignnone size-full wp-image-2771\" src=\"https:\/\/contibelt.com\/wp-content\/uploads\/2015\/07\/6_service.jpg\" alt=\"\" width=\"1200\" height=\"800\" \/><\/a><\/p>\n<\/div><\/section><section class='slide-entry av-mgs0cr3h-498d6004fa956a5021f2c55690a1617c flex_column av_one_third post-entry slide-entry-overview slide-loop-3 slide-parity-odd  post-entry-last  '  itemscope=\"itemscope\" itemtype=\"https:\/\/schema.org\/CreativeWork\" ><h3 class='slide-entry-title entry-title '  itemprop=\"headline\" ><a href='https:\/\/contibelt.com\/fr\/contactez-nous\/'  title='Contactez-nous'>Contactez-nous<\/a><\/h3><div class='slide-entry-excerpt entry-content'  itemprop=\"text\" ><p><a href=\"https:\/\/contibelt.com\/fr\/contactez-nous\/\"><img loading=\"lazy\" decoding=\"async\" class=\"alignnone size-medium wp-image-3556\" src=\"https:\/\/contibelt.com\/wp-content\/uploads\/2015\/09\/Fotolia_84420315_L_Kontakt_1200_800_versuch-300x200.jpg\" alt=\"\" width=\"300\" height=\"200\" srcset=\"https:\/\/contibelt.com\/wp-content\/uploads\/2015\/09\/Fotolia_84420315_L_Kontakt_1200_800_versuch-300x200.jpg 300w, https:\/\/contibelt.com\/wp-content\/uploads\/2015\/09\/Fotolia_84420315_L_Kontakt_1200_800_versuch-1024x683.jpg 1024w, https:\/\/contibelt.com\/wp-content\/uploads\/2015\/09\/Fotolia_84420315_L_Kontakt_1200_800_versuch-500x333.jpg 500w, https:\/\/contibelt.com\/wp-content\/uploads\/2015\/09\/Fotolia_84420315_L_Kontakt_1200_800_versuch.jpg 1200w\" sizes=\"auto, (max-width: 300px) 100vw, 300px\" \/><\/a><\/p>\n<\/div><\/section><\/div><\/div><\/div>\n\n","protected":false},"excerpt":{"rendered":"","protected":false},"author":2,"featured_media":3561,"parent":0,"menu_order":0,"comment_status":"open","ping_status":"open","template":"","meta":{"footnotes":""},"class_list":["post-297544","page","type-page","status-publish","has-post-thumbnail","hentry"],"_links":{"self":[{"href":"https:\/\/contibelt.com\/fr\/wp-json\/wp\/v2\/pages\/297544","targetHints":{"allow":["GET"]}}],"collection":[{"href":"https:\/\/contibelt.com\/fr\/wp-json\/wp\/v2\/pages"}],"about":[{"href":"https:\/\/contibelt.com\/fr\/wp-json\/wp\/v2\/types\/page"}],"author":[{"embeddable":true,"href":"https:\/\/contibelt.com\/fr\/wp-json\/wp\/v2\/users\/2"}],"replies":[{"embeddable":true,"href":"https:\/\/contibelt.com\/fr\/wp-json\/wp\/v2\/comments?post=297544"}],"version-history":[{"count":22,"href":"https:\/\/contibelt.com\/fr\/wp-json\/wp\/v2\/pages\/297544\/revisions"}],"predecessor-version":[{"id":298886,"href":"https:\/\/contibelt.com\/fr\/wp-json\/wp\/v2\/pages\/297544\/revisions\/298886"}],"wp:featuredmedia":[{"embeddable":true,"href":"https:\/\/contibelt.com\/fr\/wp-json\/wp\/v2\/media\/3561"}],"wp:attachment":[{"href":"https:\/\/contibelt.com\/fr\/wp-json\/wp\/v2\/media?parent=297544"}],"curies":[{"name":"wp","href":"https:\/\/api.w.org\/{rel}","templated":true}]}}