{"id":297486,"date":"2025-10-16T10:01:53","date_gmt":"2025-10-16T08:01:53","guid":{"rendered":"https:\/\/contibelt.baldneu.at\/contactez-nous\/"},"modified":"2025-10-20T11:15:56","modified_gmt":"2025-10-20T09:15:56","slug":"contactez-nous","status":"publish","type":"page","link":"https:\/\/contibelt.com\/fr\/contactez-nous\/","title":{"rendered":"Contactez-nous"},"content":{"rendered":"<div id='av_section_1'  class='avia-section av-iia1zr-99ac7f7571a9628fd921b14989a582e9 main_color avia-section-default avia-no-shadow  avia-builder-el-0  avia-builder-el-no-sibling  avia-bg-style-scroll container_wrap fullsize'  ><div class='container av-section-cont-open' ><main  role=\"main\" itemprop=\"mainContentOfPage\"  class='template-page content  av-content-full alpha units'><div class='post-entry post-entry-type-page post-entry-297486'><div class='entry-content-wrapper clearfix'>\n<div  class='flex_column av-gtv78n-3a490558441195974bf87af5f696d722 av_one_half  avia-builder-el-1  el_before_av_one_half  avia-builder-el-first  first flex_column_div  '     ><style type=\"text\/css\" data-created_by=\"avia_inline_auto\" id=\"style-css-av-mgrzqe30-79b6600f7d5128cceed46ab6d0f390ff\">\n.avia-image-container.av-mgrzqe30-79b6600f7d5128cceed46ab6d0f390ff img.avia_image{\nbox-shadow:none;\n}\n.avia-image-container.av-mgrzqe30-79b6600f7d5128cceed46ab6d0f390ff .av-image-caption-overlay-center{\ncolor:#ffffff;\n}\n<\/style>\n<div  class='avia-image-container av-mgrzqe30-79b6600f7d5128cceed46ab6d0f390ff av-styling- avia_animated_image av-animated-when-visible-95 left-to-right avia-align-right  avia-builder-el-2  avia-builder-el-no-sibling '   itemprop=\"image\" itemscope=\"itemscope\" itemtype=\"https:\/\/schema.org\/ImageObject\" ><div class=\"avia-image-container-inner\"><div class=\"avia-image-overlay-wrap\"><img decoding=\"async\" fetchpriority=\"high\" class='wp-image- avia-img-lazy-loading-not- avia_image ' src=\"https:\/\/contibelt.com\/wp-content\/uploads\/2015\/10\/Fotolia_84420315_L_Kontakt_1200_800_versuch-mit-rot-1024x683.jpg\" alt='' title=''   itemprop=\"thumbnailUrl\"  \/><\/div><\/div><\/div><\/div><div  class='flex_column av-gbj9iv-00bc9a151d0ad6751b16eafb0ce87226 av_one_half  avia-builder-el-3  el_after_av_one_half  el_before_av_hr  flex_column_div  '     ><section  class='av_textblock_section av-mgrzqn5i-e31e531b7f9f78f4e7d54f6c0b79c199 '   itemscope=\"itemscope\" itemtype=\"https:\/\/schema.org\/CreativeWork\" ><div class='avia_textblock'  itemprop=\"text\" ><h1>Contactez-nous<\/h1>\n<\/div><\/section><br \/>\n<div  class='hr av-djdxuv-3a1b700ca2812853cb3ab72fe88cdb34 hr-short  avia-builder-el-5  el_after_av_textblock  el_before_av_textblock  hr-left'><span class='hr-inner '><span class=\"hr-inner-style\"><\/span><\/span><\/div><br \/>\n<section  class='av_textblock_section av-mgrzr4ju-681c9e67c6160ee615bc880cf3507fe0 '   itemscope=\"itemscope\" itemtype=\"https:\/\/schema.org\/CreativeWork\" ><div class='avia_textblock'  itemprop=\"text\" ><p>Contibelt est une entreprise mondiale avec des bureaux et des repr\u00e9sentations dans plusieurs pays et r\u00e9gions sur quatre continents.<br \/>\nVeuillez s\u00e9lectionner votre r\u00e9gion dans la liste suivante.<br \/>\n<strong>Nous avons h\u00e2te de nous entretenir avec vous !<\/strong><\/p>\n<\/div><\/section><br \/>\n<div  class='hr av-d6a6tz-32478339e69c5cac52ee857aa40ac51b hr-short  avia-builder-el-7  el_after_av_textblock  el_before_av_toggle_container  hr-left'><span class='hr-inner '><span class=\"hr-inner-style\"><\/span><\/span><\/div><br \/>\n<div  class='togglecontainer av-mgrzu47g-a3ea39e694da86173ceda4e09dcf8a38  avia-builder-el-8  el_after_av_hr  avia-builder-el-last  toggle_close_all' >\n<section class='av_toggle_section av-mgrzt2qa-dbe459854f5ae987418dddc2970a3a98'  itemscope=\"itemscope\" itemtype=\"https:\/\/schema.org\/CreativeWork\" ><div role=\"tablist\" class=\"single_toggle\" data-tags=\"{Tout} \"  ><p id='toggle-toggle-id-1' data-fake-id='#toggle-id-1' class='toggler  av-title-above '  itemprop=\"headline\"  role='tab' tabindex='0' aria-controls='toggle-id-1' data-slide-speed=\"200\" data-title=\"France\" data-title-open=\"\" data-aria_collapsed=\"Cliquez pour \u00e9tendre : France\" data-aria_expanded=\"Cliquez pour r\u00e9duire : France\">France<span class=\"toggle_icon\"><span class=\"vert_icon\"><\/span><span class=\"hor_icon\"><\/span><\/span><\/p><div id='toggle-id-1' aria-labelledby='toggle-toggle-id-1' role='region' class='toggle_wrap  av-title-above'  ><div class='toggle_content invers-color '  itemprop=\"text\" ><p><strong>STCN \u2013 Soci\u00e9t\u00e9 T\u00f4lerie Chaudronnerie Nonancourtoise<\/strong><br \/>\n21 rte de Damville,<br \/>\nF-27320 NONANCOURT<br \/>\nFrance, Union Europ\u00e9enne<br \/>\nT\u00e9l\u00e9phone: +33 2 32 58 24 15<br \/>\nCourriel:\u00a0<a href=\"&#x6d;a&#x69;&#108;t&#x6f;&#58;&#x66;&#114;a&#x6e;&#99;&#x65;&#64;c&#x6f;&#110;&#x74;&#x69;b&#x65;&#108;t&#x2e;&#99;&#x6f;&#109;\">f&#114;&#x61;&#x6e;c&#101;&#x40;&#x63;o&#110;&#116;&#x69;&#x62;e&#108;&#x74;&#x2e;c&#111;&#x6d;<\/a><\/p>\n<\/div><\/div><\/div><\/section>\n<section class='av_toggle_section av-mgrztm3h-30640c4c83d5b879ac2451f174868dfd'  itemscope=\"itemscope\" itemtype=\"https:\/\/schema.org\/CreativeWork\" ><div role=\"tablist\" class=\"single_toggle\" data-tags=\"{Tout} \"  ><p id='toggle-toggle-id-2' data-fake-id='#toggle-id-2' class='toggler  av-title-above '  itemprop=\"headline\"  role='tab' tabindex='0' aria-controls='toggle-id-2' data-slide-speed=\"200\" data-title=\"Reste de l\u2019Europe\" data-title-open=\"\" data-aria_collapsed=\"Cliquez pour \u00e9tendre : Reste de l\u2019Europe\" data-aria_expanded=\"Cliquez pour r\u00e9duire : Reste de l\u2019Europe\">Reste de l\u2019Europe<span class=\"toggle_icon\"><span class=\"vert_icon\"><\/span><span class=\"hor_icon\"><\/span><\/span><\/p><div id='toggle-id-2' aria-labelledby='toggle-toggle-id-2' role='region' class='toggle_wrap  av-title-above'  ><div class='toggle_content invers-color '  itemprop=\"text\" ><p><strong>Contibelt Band Systeme GmbH<\/strong><br \/>\nHeid-Werkstrasse 3, Objet 140<br \/>\nA-2000 Stockerau<br \/>\nAutriche, Union Europ\u00e9enne<br \/>\nT\u00e9l\u00e9phone: +43 2266 66300<br \/>\nT\u00e9l\u00e9copie: +43 2266 66300 15<br \/>\nCourriel:\u00a0<a href=\"&#x6d;&#x61;&#x69;&#108;&#116;o:&#x62;&#x61;&#x6e;&#100;&#64;co&#x6e;&#x74;&#x69;&#98;&#101;lt&#x2e;&#x63;&#x6f;&#109;\">&#x62;&#97;&#110;d&#x40;&#x63;&#111;n&#x74;&#x69;&#98;e&#x6c;&#x74;&#46;c&#x6f;&#x6d;<\/a><\/p>\n<\/div><\/div><\/div><\/section>\n<section class='av_toggle_section av-mgrzu2ch-82bdbf7b07a913502bcc65d979a6014e'  itemscope=\"itemscope\" itemtype=\"https:\/\/schema.org\/CreativeWork\" ><div role=\"tablist\" class=\"single_toggle\" data-tags=\"{Tout} \"  ><p id='toggle-toggle-id-3' data-fake-id='#toggle-id-3' class='toggler  av-title-above '  itemprop=\"headline\"  role='tab' tabindex='0' aria-controls='toggle-id-3' data-slide-speed=\"200\" data-title=\"\u00c9tats-Unis\" data-title-open=\"\" data-aria_collapsed=\"Cliquez pour \u00e9tendre : \u00c9tats-Unis\" data-aria_expanded=\"Cliquez pour r\u00e9duire : \u00c9tats-Unis\">\u00c9tats-Unis<span class=\"toggle_icon\"><span class=\"vert_icon\"><\/span><span class=\"hor_icon\"><\/span><\/span><\/p><div id='toggle-id-3' aria-labelledby='toggle-toggle-id-3' role='region' class='toggle_wrap  av-title-above'  ><div class='toggle_content invers-color '  itemprop=\"text\" ><p><strong>Administration &amp; Services Comptables:<\/strong><br \/>\nContibelt Systems, Inc.<br \/>\n11565 Pearl Rd., Suite 300<br \/>\nStrongsville, Ohio 44136<br \/>\nCourriel:\u00a0<a href=\"mai&#108;&#116;&#111;&#58;&#x75;&#x73;&#x61;&#x40;&#x63;&#x6f;&#x6e;tib&#101;&#108;&#116;&#46;&#99;&#x6f;&#x6d;\">usa&#64;contibelt&#46;com<\/a><\/p>\n<p><strong>Ventes et Support Technique E.U. et Canada:<\/strong><br \/>\nContibelt Systems, Inc.<br \/>\nMr. Jim Riccio<br \/>\n11565 Pearl Road, Suite 300<br \/>\nStrongsville, OH 44136<br \/>\nUnited States of America<br \/>\nphone: +1 (201) 455-1618<br \/>\ntoll free: +1 855 333-1650<br \/>\ne-mail:\u00a0<a href=\"ma&#105;&#108;&#116;&#x6f;&#x3a;&#x6a;&#x69;m&#46;&#114;&#105;&#99;&#x63;&#x69;&#x6f;&#x40;co&#110;&#116;&#105;&#x62;&#x65;&#x6c;&#x74;&#46;c&#111;&#109;\">&#106;&#105;&#x6d;&#x2e;&#114;&#105;&#x63;&#x63;&#105;&#111;&#x40;&#x63;&#111;&#110;&#x74;&#x69;&#98;&#101;&#x6c;&#x74;&#46;&#99;&#x6f;&#x6d;<\/a><\/p>\n<\/div><\/div><\/div><\/section>\n<section class='av_toggle_section av-mgtgphf5-67094084584faa7649eeff7b96317f6c'  itemscope=\"itemscope\" itemtype=\"https:\/\/schema.org\/CreativeWork\" ><div role=\"tablist\" class=\"single_toggle\" data-tags=\"{Tout} \"  ><p id='toggle-toggle-id-4' data-fake-id='#toggle-id-4' class='toggler  av-title-above '  itemprop=\"headline\"  role='tab' tabindex='0' aria-controls='toggle-id-4' data-slide-speed=\"200\" data-title=\"Bresil\" data-title-open=\"\" data-aria_collapsed=\"Cliquez pour \u00e9tendre : Bresil\" data-aria_expanded=\"Cliquez pour r\u00e9duire : Bresil\">Bresil<span class=\"toggle_icon\"><span class=\"vert_icon\"><\/span><span class=\"hor_icon\"><\/span><\/span><\/p><div id='toggle-id-4' aria-labelledby='toggle-toggle-id-4' role='region' class='toggle_wrap  av-title-above'  ><div class='toggle_content invers-color '  itemprop=\"text\" ><p><strong>Dandec Ind\u00fastria E Com\u00e9rcio Ltda<\/strong><br \/>\nRua Natal, 680 \u2013 Mooca<br \/>\nS\u00e3o Paulo \u2013 SP<br \/>\nBresil<br \/>\nphone: +55 11 2028-8880<br \/>\ne-mail:\u00a0<a href=\"&#x6d;&#x61;&#x69;&#x6c;&#x74;&#x6f;&#x3a;&#100;&#97;&#110;&#100;&#101;c&#64;da&#x6e;&#x64;&#x65;&#x63;&#x2e;&#x63;&#x6f;&#x6d;&#46;&#98;&#114;\">&#x64;&#x61;&#x6e;&#x64;&#x65;&#x63;&#64;&#100;&#97;&#110;dec&#46;&#x63;&#x6f;&#x6d;&#x2e;&#x62;&#x72;<\/a><\/p>\n<\/div><\/div><\/div><\/section>\n<\/div><\/p><\/div><div  class='hr av-afwitz-26cf79cb30945218c2d6ce0cc8200d10 hr-full  avia-builder-el-9  el_after_av_one_half  el_before_av_textblock  hr-no-shadow'><span class='hr-inner '><span class=\"hr-inner-style\"><\/span><\/span><\/div>\n<section  class='av_textblock_section av-8submf-7c22785616ed6ce1f275222a313391c9 '   itemscope=\"itemscope\" itemtype=\"https:\/\/schema.org\/CreativeWork\" ><div class='avia_textblock'  itemprop=\"text\" ><h2 style=\"text-align: center;\">Vous pourriez \u00e9galement \u00eatre int\u00e9ress\u00e9 par :<\/h2>\n<\/div><\/section>\n<div  class='avia-content-slider-element-container av-78r2pz-1020e8504a6f52855bcc68cd4256ec38 avia-content-slider-element-slider avia-content-slider avia-smallarrow-slider avia-content-slider-active avia-content-slider-odd  avia-builder-el-11  el_after_av_textblock  avia-builder-el-last  av-slideshow-ui av-control-default av-nav-arrows-visible av-nav-dots-visible av-no-slider-navigation av-slideshow-manual av-loop-once av-loop-manual-endless avia-content-slider1' data-slideshow-options=\"{&quot;animation&quot;:&quot;slide&quot;,&quot;autoplay&quot;:false,&quot;loop_autoplay&quot;:&quot;once&quot;,&quot;interval&quot;:5,&quot;loop_manual&quot;:&quot;manual-endless&quot;,&quot;autoplay_stopper&quot;:false,&quot;noNavigation&quot;:false,&quot;bg_slider&quot;:false,&quot;keep_padding&quot;:&quot;&quot;,&quot;hoverpause&quot;:false,&quot;show_slide_delay&quot;:30}\"><div class='avia-smallarrow-slider-heading  no-content-slider-heading '><div class='new-special-heading'>&nbsp;<\/div><\/div><div class=\"avia-content-slider-inner\"><div class=\"slide-entry-wrap\"><section class='slide-entry av-5oi1hj-e0704aa55b442803077c9251173dce28 flex_column av_one_third post-entry slide-entry-overview slide-loop-1 slide-parity-odd  first'  itemscope=\"itemscope\" itemtype=\"https:\/\/schema.org\/CreativeWork\" ><h3 class='slide-entry-title entry-title '  itemprop=\"headline\" ><a href='https:\/\/contibelt.com\/fr\/notre-enterprise\/'  title='\u00c0 propos de nous'>\u00c0 propos de nous<\/a><\/h3><div class='slide-entry-excerpt entry-content'  itemprop=\"text\" ><p><a href=\"https:\/\/contibelt.com\/fr\/notre-enterprise\/\"><img loading=\"lazy\" decoding=\"async\" class=\"alignnone size-full wp-image-2758\" src=\"https:\/\/contibelt.com\/wp-content\/uploads\/2015\/07\/2_about_us.jpg\" alt=\"\" width=\"1200\" height=\"800\" \/><\/a><\/p>\n<\/div><\/section><section class='slide-entry av-d8ytz-9140449cc16760f3c625fb98ff43c25a flex_column av_one_third post-entry slide-entry-overview slide-loop-2 slide-parity-even  '  itemscope=\"itemscope\" itemtype=\"https:\/\/schema.org\/CreativeWork\" ><h3 class='slide-entry-title entry-title '  itemprop=\"headline\" ><a href='https:\/\/contibelt.com\/fr\/service\/'  title='Service'>Service<\/a><\/h3><div class='slide-entry-excerpt entry-content'  itemprop=\"text\" ><p><a href=\"https:\/\/contibelt.com\/fr\/service\/\"><img loading=\"lazy\" decoding=\"async\" class=\"alignnone size-full wp-image-2771\" src=\"https:\/\/contibelt.com\/wp-content\/uploads\/2015\/07\/6_service.jpg\" alt=\"\" width=\"1200\" height=\"800\" \/><\/a><\/p>\n<\/div><\/section><section class='slide-entry av-2d524n-35bac8dee34a23f8459afb2604bd3dc0 flex_column av_one_third post-entry slide-entry-overview slide-loop-3 slide-parity-odd  post-entry-last  '  itemscope=\"itemscope\" itemtype=\"https:\/\/schema.org\/CreativeWork\" ><h3 class='slide-entry-title entry-title '  itemprop=\"headline\" ><a href='https:\/\/contibelt.com\/fr\/telecharger\/'  title='T\u00e9l\u00e9chargements'>T\u00e9l\u00e9chargements<\/a><\/h3><div class='slide-entry-excerpt entry-content'  itemprop=\"text\" ><p><a href=\"https:\/\/contibelt.com\/fr\/telecharger\/\"><img loading=\"lazy\" decoding=\"async\" class=\"alignnone size-full wp-image-3965\" src=\"https:\/\/contibelt.com\/wp-content\/uploads\/2015\/07\/4_downloads.jpg\" alt=\"\" width=\"1200\" height=\"800\" \/><\/a><\/p>\n<\/div><\/section><\/div><\/div><\/div>\n\n","protected":false},"excerpt":{"rendered":"","protected":false},"author":2,"featured_media":0,"parent":0,"menu_order":0,"comment_status":"open","ping_status":"open","template":"","meta":{"footnotes":""},"class_list":["post-297486","page","type-page","status-publish","hentry"],"_links":{"self":[{"href":"https:\/\/contibelt.com\/fr\/wp-json\/wp\/v2\/pages\/297486","targetHints":{"allow":["GET"]}}],"collection":[{"href":"https:\/\/contibelt.com\/fr\/wp-json\/wp\/v2\/pages"}],"about":[{"href":"https:\/\/contibelt.com\/fr\/wp-json\/wp\/v2\/types\/page"}],"author":[{"embeddable":true,"href":"https:\/\/contibelt.com\/fr\/wp-json\/wp\/v2\/users\/2"}],"replies":[{"embeddable":true,"href":"https:\/\/contibelt.com\/fr\/wp-json\/wp\/v2\/comments?post=297486"}],"version-history":[{"count":29,"href":"https:\/\/contibelt.com\/fr\/wp-json\/wp\/v2\/pages\/297486\/revisions"}],"predecessor-version":[{"id":298893,"href":"https:\/\/contibelt.com\/fr\/wp-json\/wp\/v2\/pages\/297486\/revisions\/298893"}],"wp:attachment":[{"href":"https:\/\/contibelt.com\/fr\/wp-json\/wp\/v2\/media?parent=297486"}],"curies":[{"name":"wp","href":"https:\/\/api.w.org\/{rel}","templated":true}]}}