{"id":297475,"date":"2025-10-16T09:53:50","date_gmt":"2025-10-16T07:53:50","guid":{"rendered":"https:\/\/contibelt.baldneu.at\/pate-de-cacao\/"},"modified":"2025-10-16T13:34:13","modified_gmt":"2025-10-16T11:34:13","slug":"masse-de-cacao","status":"publish","type":"page","link":"https:\/\/contibelt.com\/fr\/masse-de-cacao\/","title":{"rendered":"P\u00e2te de cacao"},"content":{"rendered":"<div id='av_section_1'  class='avia-section av-hndve4-76fe0ce2d1115b083e9a8ec680ac51cd main_color avia-section-default avia-no-shadow  avia-builder-el-0  avia-builder-el-no-sibling  avia-bg-style-scroll container_wrap fullsize'  ><div class='container av-section-cont-open' ><main  role=\"main\" itemprop=\"mainContentOfPage\"  class='template-page content  av-content-full alpha units'><div class='post-entry post-entry-type-page post-entry-297475'><div class='entry-content-wrapper clearfix'>\n<div  class='flex_column av-g9tja4-2d6d23c56a76cd9051997f08078d13fc av_one_half  avia-builder-el-1  el_before_av_one_half  avia-builder-el-first  first flex_column_div  '     ><style type=\"text\/css\" data-created_by=\"avia_inline_auto\" id=\"style-css-av-mgrzi99c-5ea57858d553d4d697fa25e16158059f\">\n.avia-image-container.av-mgrzi99c-5ea57858d553d4d697fa25e16158059f img.avia_image{\nbox-shadow:none;\n}\n.avia-image-container.av-mgrzi99c-5ea57858d553d4d697fa25e16158059f .av-image-caption-overlay-center{\ncolor:#ffffff;\n}\n<\/style>\n<div  class='avia-image-container av-mgrzi99c-5ea57858d553d4d697fa25e16158059f av-styling- avia_animated_image av-animated-when-visible-95 left-to-right avia-align-right  avia-builder-el-2  avia-builder-el-no-sibling '   itemprop=\"image\" itemscope=\"itemscope\" itemtype=\"https:\/\/schema.org\/ImageObject\" ><div class=\"avia-image-container-inner\"><div class=\"avia-image-overlay-wrap\"><img decoding=\"async\" fetchpriority=\"high\" class='wp-image-2794 avia-img-lazy-loading-not-2794 avia_image ' src=\"https:\/\/contibelt.com\/wp-content\/uploads\/2015\/07\/19_Kakaomasse.jpg\" alt='' title='Kakaomasse'  height=\"800\" width=\"1200\"  itemprop=\"thumbnailUrl\"  \/><\/div><\/div><\/div><\/div><div  class='flex_column av-dhphws-43de6934d5f279f2c97da4d77efc5edb av_one_half  avia-builder-el-3  el_after_av_one_half  el_before_av_hr  flex_column_div  '     ><section  class='av_textblock_section av-mgrzis1s-3665e7b061e13863167442c1f55adc65 '   itemscope=\"itemscope\" itemtype=\"https:\/\/schema.org\/CreativeWork\" ><div class='avia_textblock'  itemprop=\"text\" ><h1>P\u00e2te de cacao<\/h1>\n<\/div><\/section><br \/>\n<div  class='hr av-d2pdgs-14d0708c644b3fd02b1981b14945e723 hr-short  avia-builder-el-5  el_after_av_textblock  el_before_av_textblock  hr-left'><span class='hr-inner '><span class=\"hr-inner-style\"><\/span><\/span><\/div><br \/>\n<section  class='av_textblock_section av-mgrziky7-4ee3415974d24b3b10929b516814677b '   itemscope=\"itemscope\" itemtype=\"https:\/\/schema.org\/CreativeWork\" ><div class='avia_textblock'  itemprop=\"text\" ><p>Plusieurs clients r\u00e9put\u00e9s nous ont sollicit\u00e9s pour d\u00e9velopper un nouveau mat\u00e9riau afin de transporter du chocolat. Ils avaient de toute \u00e9vidence des probl\u00e8mes au niveau de la production qui avaient \u00e9t\u00e9 caus\u00e9 par le fait que les liens des rivets ont caus\u00e9, l\u00b4apparition d\u00b4une surface noire sur la bande et l\u00b4apparition de carbone. Pour r\u00e9soudre tous ces probl\u00e8mes, les utilisateurs souhaitaient une bande facile \u00e0 souder avec une surface m\u00e9tallique propre. Nous avons concr\u00e9tis\u00e9 leur souhait avec notre mat\u00e9riau CB 105 SGF que nous venons de d\u00e9velopper tout r\u00e9cemment et qui a d\u00e9j\u00e0 \u00e9t\u00e9 test\u00e9 \u00e0 plusieurs reprises. Pour plus de renseignements, veuillez consulter les documents ci-dessous: <a href=\"http:\/\/www.contibelt.com\/wp-content\/uploads\/2015\/11\/application-chocolate.pdf\" target=\"_blank\" rel=\"noopener\"><br \/>\n  <strong>Pate de Cacao<\/strong><br \/>\n<\/a><\/p>\n<\/div><\/section><br \/>\n<div  class='hr av-bgp3zw-a6e64ea68dc09e2165bac68e5e21e94f hr-short  avia-builder-el-7  el_after_av_textblock  el_before_av_textblock  hr-left'><span class='hr-inner '><span class=\"hr-inner-style\"><\/span><\/span><\/div><br \/>\n<section  class='av_textblock_section av-mgrzjjsp-3adc74d3871d2563d4f3dce0d244193d '   itemscope=\"itemscope\" itemtype=\"https:\/\/schema.org\/CreativeWork\" ><div class='avia_textblock'  itemprop=\"text\" ><h3>T\u00e9l\u00e9charger les documents :<\/h3>\n<p><a href=\"\/wp-content\/uploads\/2015\/11\/Material-Data-Sheet-CB-105-SGF.pdf\" target=\"_blank\" rel=\"noopener\">Material Data Sheet: CB 105 SGF<\/a><\/p>\n<\/div><\/section><\/p><\/div><div  class='hr av-9nod0s-5c789efe94ce091ca8f511c001e315f7 hr-full  avia-builder-el-9  el_after_av_one_half  el_before_av_textblock  hr-no-shadow'><span class='hr-inner '><span class=\"hr-inner-style\"><\/span><\/span><\/div>\n<section  class='av_textblock_section av-7vl1r0-bf80636777fc3c586cc4508e7024a653 '   itemscope=\"itemscope\" itemtype=\"https:\/\/schema.org\/CreativeWork\" ><div class='avia_textblock'  itemprop=\"text\" ><h2 style=\"text-align: center;\">Vous pourriez \u00e9galement \u00eatre int\u00e9ress\u00e9 par :<\/h2>\n<\/div><\/section>\n<div  class='avia-content-slider-element-container av-mgrzmlgh-1283975b557bd1743650642f659e4407 avia-content-slider-element-slider avia-content-slider avia-smallarrow-slider avia-content-slider-active avia-content-slider-odd  avia-builder-el-11  el_after_av_textblock  avia-builder-el-last  av-slideshow-ui av-control-default av-nav-arrows-visible av-nav-dots-visible av-no-slider-navigation av-slideshow-manual av-loop-once av-loop-manual-endless avia-content-slider1' data-slideshow-options=\"{&quot;animation&quot;:&quot;slide&quot;,&quot;autoplay&quot;:false,&quot;loop_autoplay&quot;:&quot;once&quot;,&quot;interval&quot;:5,&quot;loop_manual&quot;:&quot;manual-endless&quot;,&quot;autoplay_stopper&quot;:false,&quot;noNavigation&quot;:false,&quot;bg_slider&quot;:false,&quot;keep_padding&quot;:&quot;&quot;,&quot;hoverpause&quot;:false,&quot;show_slide_delay&quot;:30}\"><div class='avia-smallarrow-slider-heading  no-content-slider-heading '><div class='new-special-heading'>&nbsp;<\/div><\/div><div class=\"avia-content-slider-inner\"><div class=\"slide-entry-wrap\"><section class='slide-entry av-5rt7l8-bc62aa743eed047be2d3666fec6b4084 flex_column av_one_third post-entry slide-entry-overview slide-loop-1 slide-parity-odd  first'  itemscope=\"itemscope\" itemtype=\"https:\/\/schema.org\/CreativeWork\" ><h3 class='slide-entry-title entry-title '  itemprop=\"headline\" ><a href='https:\/\/contibelt.com\/frozen-food\/'  title='Aliments surgel\u00e9s'>Aliments surgel\u00e9s<\/a><\/h3><div class='slide-entry-excerpt entry-content'  itemprop=\"text\" ><p><a href=\"https:\/\/contibelt.com\/fr\/des-surgeles\/\"><img loading=\"lazy\" decoding=\"async\" class=\"size-medium wp-image-3448\" src=\"https:\/\/contibelt.com\/wp-content\/uploads\/2015\/09\/iStock_000047232570XLarge_-Tiefk%C3%BChlfr%C3%BCchte_nachbearbeitet_1200_800_versuch-300x200.jpg\" alt=\"\" width=\"300\" height=\"200\"\/><\/a><\/p>\n<\/div><\/section><section class='slide-entry av-4k34x8-592c77356e2d46103f253e7bcbd63a0a flex_column av_one_third post-entry slide-entry-overview slide-loop-2 slide-parity-even  '  itemscope=\"itemscope\" itemtype=\"https:\/\/schema.org\/CreativeWork\" ><h3 class='slide-entry-title entry-title '  itemprop=\"headline\" ><a href='https:\/\/contibelt.com\/chocolate-chips\/'  title='P\u00e9pites de chocolat'>P\u00e9pites de chocolat<\/a><\/h3><div class='slide-entry-excerpt entry-content'  itemprop=\"text\" ><p><a href=\"https:\/\/contibelt.com\/fr\/gouttes-de-chocolat\/\"><img loading=\"lazy\" decoding=\"async\" class=\"size-medium wp-image-3468\" src=\"https:\/\/contibelt.com\/wp-content\/uploads\/2015\/09\/Fotolia_78247535_1200_800_Schokodrops_versuch-300x200.jpg\" alt=\"\" width=\"300\" height=\"200\" srcset=\"https:\/\/contibelt.com\/wp-content\/uploads\/2015\/09\/Fotolia_78247535_1200_800_Schokodrops_versuch-300x200.jpg 300w, https:\/\/contibelt.com\/wp-content\/uploads\/2015\/09\/Fotolia_78247535_1200_800_Schokodrops_versuch-1024x683.jpg 1024w, https:\/\/contibelt.com\/wp-content\/uploads\/2015\/09\/Fotolia_78247535_1200_800_Schokodrops_versuch-500x333.jpg 500w, https:\/\/contibelt.com\/wp-content\/uploads\/2015\/09\/Fotolia_78247535_1200_800_Schokodrops_versuch.jpg 1200w\" sizes=\"auto, (max-width: 300px) 100vw, 300px\" \/><\/a><\/p>\n<\/div><\/section><section class='slide-entry av-28ib0s-05f8a7db2f1541f4b17e988e4030d92b flex_column av_one_third post-entry slide-entry-overview slide-loop-3 slide-parity-odd  post-entry-last  '  itemscope=\"itemscope\" itemtype=\"https:\/\/schema.org\/CreativeWork\" ><h3 class='slide-entry-title entry-title '  itemprop=\"headline\" ><a href='https:\/\/contibelt.com\/hardcandy\/'  title='Bonbons durs'>Bonbons durs<\/a><\/h3><div class='slide-entry-excerpt entry-content'  itemprop=\"text\" ><p><a href=\"https:\/\/contibelt.com\/fr\/bonbondur\/\"><img loading=\"lazy\" decoding=\"async\" class=\"size-medium wp-image-3464\" src=\"https:\/\/contibelt.com\/wp-content\/uploads\/2015\/09\/Fotolia_10831803_1200_800_-Zuckerl_versuch-300x200.jpg\" alt=\"\" width=\"300\" height=\"200\" srcset=\"https:\/\/contibelt.com\/wp-content\/uploads\/2015\/09\/Fotolia_10831803_1200_800_-Zuckerl_versuch-300x200.jpg 300w, https:\/\/contibelt.com\/wp-content\/uploads\/2015\/09\/Fotolia_10831803_1200_800_-Zuckerl_versuch-1024x683.jpg 1024w, https:\/\/contibelt.com\/wp-content\/uploads\/2015\/09\/Fotolia_10831803_1200_800_-Zuckerl_versuch-500x333.jpg 500w, https:\/\/contibelt.com\/wp-content\/uploads\/2015\/09\/Fotolia_10831803_1200_800_-Zuckerl_versuch.jpg 1200w\" sizes=\"auto, (max-width: 300px) 100vw, 300px\" \/><\/a><\/p>\n<\/div><\/section><\/div><\/div><\/div>\n\n","protected":false},"excerpt":{"rendered":"","protected":false},"author":2,"featured_media":0,"parent":0,"menu_order":0,"comment_status":"open","ping_status":"open","template":"","meta":{"footnotes":""},"class_list":["post-297475","page","type-page","status-publish","hentry"],"_links":{"self":[{"href":"https:\/\/contibelt.com\/fr\/wp-json\/wp\/v2\/pages\/297475","targetHints":{"allow":["GET"]}}],"collection":[{"href":"https:\/\/contibelt.com\/fr\/wp-json\/wp\/v2\/pages"}],"about":[{"href":"https:\/\/contibelt.com\/fr\/wp-json\/wp\/v2\/types\/page"}],"author":[{"embeddable":true,"href":"https:\/\/contibelt.com\/fr\/wp-json\/wp\/v2\/users\/2"}],"replies":[{"embeddable":true,"href":"https:\/\/contibelt.com\/fr\/wp-json\/wp\/v2\/comments?post=297475"}],"version-history":[{"count":15,"href":"https:\/\/contibelt.com\/fr\/wp-json\/wp\/v2\/pages\/297475\/revisions"}],"predecessor-version":[{"id":298102,"href":"https:\/\/contibelt.com\/fr\/wp-json\/wp\/v2\/pages\/297475\/revisions\/298102"}],"wp:attachment":[{"href":"https:\/\/contibelt.com\/fr\/wp-json\/wp\/v2\/media?parent=297475"}],"curies":[{"name":"wp","href":"https:\/\/api.w.org\/{rel}","templated":true}]}}