{"id":297284,"date":"2025-10-15T14:01:30","date_gmt":"2025-10-15T12:01:30","guid":{"rendered":"https:\/\/contibelt.baldneu.at\/a-propos-de-nous\/"},"modified":"2025-10-16T15:49:51","modified_gmt":"2025-10-16T13:49:51","slug":"notre-enterprise","status":"publish","type":"page","link":"https:\/\/contibelt.com\/fr\/notre-enterprise\/","title":{"rendered":"Notre Entreprise"},"content":{"rendered":"<div id='av_section_1'  class='avia-section av-9khwnc-6a885beebb1e05cc0c536418f6fa4169 main_color avia-section-default avia-no-shadow  avia-builder-el-0  avia-builder-el-no-sibling  avia-bg-style-scroll container_wrap fullsize'  ><div class='container av-section-cont-open' ><main  role=\"main\" itemprop=\"mainContentOfPage\"  class='template-page content  av-content-full alpha units'><div class='post-entry post-entry-type-page post-entry-297284'><div class='entry-content-wrapper clearfix'>\n<div  class='flex_column av-7d0ytk-65fd3b46bc5ae90feff8617f2d00d315 av_one_half  avia-builder-el-1  el_before_av_one_half  avia-builder-el-first  first flex_column_div av-animated-generic left-to-right  '     ><style type=\"text\/css\" data-created_by=\"avia_inline_auto\" id=\"style-css-av-mgrx7ujt-4bc15a99db59badf58ea71939cf4141a\">\n.avia-image-container.av-mgrx7ujt-4bc15a99db59badf58ea71939cf4141a img.avia_image{\nbox-shadow:none;\n}\n.avia-image-container.av-mgrx7ujt-4bc15a99db59badf58ea71939cf4141a .av-image-caption-overlay-center{\ncolor:#ffffff;\n}\n<\/style>\n<div  class='avia-image-container av-mgrx7ujt-4bc15a99db59badf58ea71939cf4141a av-styling- avia-align-center  avia-builder-el-2  avia-builder-el-no-sibling '   itemprop=\"image\" itemscope=\"itemscope\" itemtype=\"https:\/\/schema.org\/ImageObject\" ><div class=\"avia-image-container-inner\"><div class=\"avia-image-overlay-wrap\"><img decoding=\"async\" fetchpriority=\"high\" class='wp-image- avia-img-lazy-loading-not- avia_image ' src=\"https:\/\/contibelt.com\/wp-content\/uploads\/2015\/07\/2_about_us.jpg\" alt='' title=''   itemprop=\"thumbnailUrl\"  \/><\/div><\/div><\/div><\/div><div  class='flex_column av-58i4fs-5991e14972adb7b74393efc8e0018971 av_one_half  avia-builder-el-3  el_after_av_one_half  el_before_av_hr  flex_column_div  '     ><section  class='av_textblock_section av-mgrwz3ki-f126788f97b1e222ad9fd85f5633b15e '   itemscope=\"itemscope\" itemtype=\"https:\/\/schema.org\/CreativeWork\" ><div class='avia_textblock'  itemprop=\"text\" ><h1>Notre Entreprise<\/h1>\n<\/div><\/section><br \/>\n<div  class='hr av-4agzi0-c49024f5f841f9d854b8c6b60c3af19c hr-short  avia-builder-el-5  el_after_av_textblock  el_before_av_textblock  hr-left'><span class='hr-inner '><span class=\"hr-inner-style\"><\/span><\/span><\/div><br \/>\n<section  class='av_textblock_section av-mgrwyml8-9c7fc4d01227856eb0c9456b260b8ae3 '   itemscope=\"itemscope\" itemtype=\"https:\/\/schema.org\/CreativeWork\" ><div class='avia_textblock'  itemprop=\"text\" ><p>Contibelt comprend une \u00e9quipe d\u2019experts en ce qui concerne l\u00b4emploi de bandes d\u2019acier affin\u00e9 \u00e0 partir de diff\u00e9rents mat\u00e9riaux, et ceci en production continue, afin de r\u00e9pondre aux exigences sp\u00e9cifiques de sa client\u00e8le. Notre exp\u00e9rience s\u2019\u00e9tend de la mise en place de projets et du calcul du co\u00fbt de l\u2019am\u00e9nagement, en passant par la technique des proc\u00e9d\u00e9s, la science des mat\u00e9riaux, la supervision de diff\u00e9rentes m\u00e9thodes de fabrication concernant les bandes et les sites jusqu\u2019au service apr\u00e8s vente. We deliver know-how and expertise about continuous production processes, so our customers can produce more efficiently. For this reason we cooperate with research facilities and develop new ways to support our customers.<\/p>\n<p>High-tech transport and process steel belts, such as our product, combined with dynamic, well trained and motivated personnel &#8211; these are the reasons why Contibelt is the perfect partner for the future of your company.<\/p>\n<p><strong>Contibelt \u2013 we keep you moving<\/strong><\/p>\n<\/div><\/section><\/p><\/div><div  class='hr av-mgrxomze-db9727fe32bf238867d8d9ad789b79cc hr-full  avia-builder-el-7  el_after_av_one_half  el_before_av_textblock  hr-no-shadow'><span class='hr-inner '><span class=\"hr-inner-style\"><\/span><\/span><\/div>\n<section  class='av_textblock_section av-mgrxoa46-af40eaffc2efb068e379910d5e262a62 '   itemscope=\"itemscope\" itemtype=\"https:\/\/schema.org\/CreativeWork\" ><div class='avia_textblock'  itemprop=\"text\" ><h2 style=\"text-align: center;\">Vous pourriez \u00e9galement \u00eatre int\u00e9ress\u00e9 par :<\/h2>\n<\/div><\/section>\n<div  class='avia-content-slider-element-container av-7ot4vs-cabeb2da3d0546be4f602742482bd7cd avia-content-slider-element-slider avia-content-slider avia-smallarrow-slider avia-content-slider-active avia-content-slider-odd  avia-builder-el-9  el_after_av_textblock  avia-builder-el-last  av-slideshow-ui av-control-default av-nav-arrows-visible av-nav-dots-visible av-no-slider-navigation av-slideshow-manual av-loop-once av-loop-manual-endless avia-content-slider1' data-slideshow-options=\"{&quot;animation&quot;:&quot;slide&quot;,&quot;autoplay&quot;:false,&quot;loop_autoplay&quot;:&quot;once&quot;,&quot;interval&quot;:5,&quot;loop_manual&quot;:&quot;manual-endless&quot;,&quot;autoplay_stopper&quot;:false,&quot;noNavigation&quot;:false,&quot;bg_slider&quot;:false,&quot;keep_padding&quot;:&quot;&quot;,&quot;hoverpause&quot;:false,&quot;show_slide_delay&quot;:30}\"><div class='avia-smallarrow-slider-heading  no-content-slider-heading '><div class='new-special-heading'>&nbsp;<\/div><\/div><div class=\"avia-content-slider-inner\"><div class=\"slide-entry-wrap\"><section class='slide-entry av-ju8h4-2c44061b2f242962bf0196751963de0f flex_column av_one_third post-entry slide-entry-overview slide-loop-1 slide-parity-odd  first'  itemscope=\"itemscope\" itemtype=\"https:\/\/schema.org\/CreativeWork\" ><h3 class='slide-entry-title entry-title '  itemprop=\"headline\" ><a href='https:\/\/contibelt.com\/fr\/histoire\/'  title='Histoire'>Histoire<\/a><\/h3><div class='slide-entry-excerpt entry-content'  itemprop=\"text\" ><p><a href=\"https:\/\/contibelt.com\/fr\/histoire\/\"><img loading=\"lazy\" decoding=\"async\" class=\"alignnone size-medium wp-image-3572\" src=\"https:\/\/contibelt.com\/wp-content\/uploads\/2015\/08\/Geschichte_1200_800_versuch_groesser-300x200.jpg\" alt=\"\" width=\"300\" height=\"200\" srcset=\"https:\/\/contibelt.com\/wp-content\/uploads\/2015\/08\/Geschichte_1200_800_versuch_groesser-300x200.jpg 300w, https:\/\/contibelt.com\/wp-content\/uploads\/2015\/08\/Geschichte_1200_800_versuch_groesser-1024x683.jpg 1024w, https:\/\/contibelt.com\/wp-content\/uploads\/2015\/08\/Geschichte_1200_800_versuch_groesser-500x333.jpg 500w, https:\/\/contibelt.com\/wp-content\/uploads\/2015\/08\/Geschichte_1200_800_versuch_groesser.jpg 1200w\" sizes=\"auto, (max-width: 300px) 100vw, 300px\" \/><\/a><\/p>\n<\/div><\/section><section class='slide-entry av-43qcxk-2947f92da4957d9a0524c7b2f1f3973d flex_column av_one_third post-entry slide-entry-overview slide-loop-2 slide-parity-even  '  itemscope=\"itemscope\" itemtype=\"https:\/\/schema.org\/CreativeWork\" ><h3 class='slide-entry-title entry-title '  itemprop=\"headline\" ><a href='https:\/\/contibelt.com\/fr\/contactez-nous\/'  title='Contactez-nous'>Contactez-nous<\/a><\/h3><div class='slide-entry-excerpt entry-content'  itemprop=\"text\" ><p><a href=\"https:\/\/contibelt.com\/fr\/contactez-nous\/\"><img loading=\"lazy\" decoding=\"async\" class=\"alignnone size-medium wp-image-3805\" src=\"https:\/\/contibelt.com\/wp-content\/uploads\/2015\/10\/Fotolia_84420315_L_Kontakt_1200_800_versuch-mit-rot-300x200.jpg\" alt=\"\" width=\"300\" height=\"200\" srcset=\"https:\/\/contibelt.com\/wp-content\/uploads\/2015\/10\/Fotolia_84420315_L_Kontakt_1200_800_versuch-mit-rot-300x200.jpg 300w, https:\/\/contibelt.com\/wp-content\/uploads\/2015\/10\/Fotolia_84420315_L_Kontakt_1200_800_versuch-mit-rot-1024x683.jpg 1024w, https:\/\/contibelt.com\/wp-content\/uploads\/2015\/10\/Fotolia_84420315_L_Kontakt_1200_800_versuch-mit-rot-500x333.jpg 500w, https:\/\/contibelt.com\/wp-content\/uploads\/2015\/10\/Fotolia_84420315_L_Kontakt_1200_800_versuch-mit-rot.jpg 1200w\" sizes=\"auto, (max-width: 300px) 100vw, 300px\" \/><\/a><\/p>\n<\/div><\/section><section class='slide-entry av-ajvfs-0939de9df1e8dba5e0e98b8d5e01e836 flex_column av_one_third post-entry slide-entry-overview slide-loop-3 slide-parity-odd  post-entry-last  '  itemscope=\"itemscope\" itemtype=\"https:\/\/schema.org\/CreativeWork\" ><h3 class='slide-entry-title entry-title '  itemprop=\"headline\" ><a href='https:\/\/contibelt.com\/fr\/actualites\/'  title='Actualit\u00e9s'>Actualit\u00e9s<\/a><\/h3><div class='slide-entry-excerpt entry-content'  itemprop=\"text\" ><p><a href=\"https:\/\/contibelt.com\/fr\/actualites\/\"><img loading=\"lazy\" decoding=\"async\" class=\"alignnone size-medium wp-image-3542\" src=\"https:\/\/contibelt.com\/wp-content\/uploads\/2015\/09\/Fotolia_82590029_1200_800_news_hell-300x200.jpg\" alt=\"\" width=\"300\" height=\"200\" srcset=\"https:\/\/contibelt.com\/wp-content\/uploads\/2015\/09\/Fotolia_82590029_1200_800_news_hell-300x200.jpg 300w, https:\/\/contibelt.com\/wp-content\/uploads\/2015\/09\/Fotolia_82590029_1200_800_news_hell-1024x683.jpg 1024w, https:\/\/contibelt.com\/wp-content\/uploads\/2015\/09\/Fotolia_82590029_1200_800_news_hell-500x333.jpg 500w, https:\/\/contibelt.com\/wp-content\/uploads\/2015\/09\/Fotolia_82590029_1200_800_news_hell.jpg 1200w\" sizes=\"auto, (max-width: 300px) 100vw, 300px\" \/><\/a><\/p>\n<\/div><\/section><\/div><\/div><\/div>\n\n","protected":false},"excerpt":{"rendered":"","protected":false},"author":2,"featured_media":0,"parent":0,"menu_order":0,"comment_status":"open","ping_status":"open","template":"","meta":{"footnotes":""},"class_list":["post-297284","page","type-page","status-publish","hentry"],"_links":{"self":[{"href":"https:\/\/contibelt.com\/fr\/wp-json\/wp\/v2\/pages\/297284","targetHints":{"allow":["GET"]}}],"collection":[{"href":"https:\/\/contibelt.com\/fr\/wp-json\/wp\/v2\/pages"}],"about":[{"href":"https:\/\/contibelt.com\/fr\/wp-json\/wp\/v2\/types\/page"}],"author":[{"embeddable":true,"href":"https:\/\/contibelt.com\/fr\/wp-json\/wp\/v2\/users\/2"}],"replies":[{"embeddable":true,"href":"https:\/\/contibelt.com\/fr\/wp-json\/wp\/v2\/comments?post=297284"}],"version-history":[{"count":28,"href":"https:\/\/contibelt.com\/fr\/wp-json\/wp\/v2\/pages\/297284\/revisions"}],"predecessor-version":[{"id":298721,"href":"https:\/\/contibelt.com\/fr\/wp-json\/wp\/v2\/pages\/297284\/revisions\/298721"}],"wp:attachment":[{"href":"https:\/\/contibelt.com\/fr\/wp-json\/wp\/v2\/media?parent=297284"}],"curies":[{"name":"wp","href":"https:\/\/api.w.org\/{rel}","templated":true}]}}