{"id":3586,"date":"2015-09-25T21:09:02","date_gmt":"2015-09-25T19:09:02","guid":{"rendered":"http:\/\/www.contibelt.com\/?page_id=3586"},"modified":"2026-01-14T15:04:50","modified_gmt":"2026-01-14T14:04:50","slug":"impressum","status":"publish","type":"page","link":"https:\/\/contibelt.com\/de\/impressum\/","title":{"rendered":"Impressum"},"content":{"rendered":"<div id='av_section_1'  class='avia-section av-2ggnts-69e0a498340ce26714e6a53604589bc4 main_color avia-section-default avia-no-border-styling  avia-builder-el-0  avia-builder-el-no-sibling  avia-bg-style-scroll container_wrap fullsize'  ><div class='container av-section-cont-open' ><main  role=\"main\" itemprop=\"mainContentOfPage\"  class='template-page content  av-content-full alpha units'><div class='post-entry post-entry-type-page post-entry-3586'><div class='entry-content-wrapper clearfix'>\n<section  class='av_textblock_section av-mgs033wp-1d84ac6b8d5125c6dc72e2845acdbc3e '   itemscope=\"itemscope\" itemtype=\"https:\/\/schema.org\/CreativeWork\" ><div class='avia_textblock'  itemprop=\"text\" ><h1><em>Firmeninformationen:<\/em><\/h1>\n<p>Contibelt ist Mitglied der Wirtschaftskammer \u00d6sterreich. F\u00fcr Rechtsinformationen \u00fcber Contibelt entsprechend Informationspflicht lt. \u00a75 E-Commerce Gesetz, \u00a714 Unternehmensgesetzbuch bzw. \u00a763 Gewerbeordnung und Offenlegungspflicht lt. \u00a725 Mediengesetz folgen sie bitte diesem <a href=\"http:\/\/firmena-z.wko.at\/ecg.asp?mg=1184507\" target=\"_blank\" rel=\"noopener noreferrer\">Link<\/a> zur Firmenseite der Wirtschaftskammer \u00d6sterreich.<\/p>\n<p>Firmenname: Contibelt Band Systeme GmbH<br \/>\nFirmenanschrift: Heid-Werkstrasse 3, A-2000 Stockerau, Austria<br \/>\nE-mail: &#x62;&#97;n&#x64;&#x40;&#99;o&#x6e;&#x74;&#105;b&#x65;&#x6c;&#116;&#46;&#x63;&#x6f;&#109;<br \/>\nTelefon: +43 2266 66300<br \/>\nRechtsform: Gesellschaft mit beschr\u00e4nkter Haftung<br \/>\nFirmenbuchnummer: 152664g<br \/>\nFirmenbuchgericht: Landesgericht Korneuburg<br \/>\nUID: AT U416 79 000<\/p>\n<h2><em>Nutzungsbedingungen f\u00fcr www.contibelt.com:<\/em><\/h2>\n<p>Contibelt sowie alle mit Contibelt verbundenen Unternehmen (nachfolgend CONTIBELT genannt) weisen darauf hin, dass s\u00e4mtliche auf diesem Internetportal ver\u00f6ffentlichten Informationen nach bestem Wissen und Gewissen, unentgeltlich und ohne Gew\u00e4hr zur Verf\u00fcgung gestellt werden. CONTIBELT weist darauf hin, das die Anwendung der hier gegebenen Informationen ausschlie\u00dflich auf eigenes Risiko erfolgt. CONTIBELT kann keinerlei Haftung oder Gew\u00e4hrleistung f\u00fcr Auswirkungen oder entstandene Sch\u00e4den, die von der Verwendung dieser Information als Gesamtes oder in Teilen herr\u00fchren, \u00fcbernehmen.<br \/>\nEs wird darauf hingewiesen dass der Zugriff von Datamining- bzw. Datenextraktionssoftware auf unsere Server nur und ausschlie\u00dflich zum Zwecke der Datensammlung f\u00fcr Internet-Suchmaschinen gestattet ist.<\/p>\n<p>Datenschutz:<br \/>\nDer Schutz Ihrer pers\u00f6nlichen Daten ist uns ein besonderes Anliegen. Wir verarbeiten Ihre Daten daher ausschlie\u00dflich auf Grundlage der gesetzlichen Bestimmungen (DSGVO, TKG 2003). In diesen Datenschutzinformationen informieren wir Sie \u00fcber die wichtigsten Aspekte der Datenverarbeitung im Rahmen unserer Website.<br \/>\nKontaktaufnahme:<br \/>\nWenn Sie per E-Mail Kontakt mit uns aufnehmen, werden Ihre angegebenen Daten zwecks Bearbeitung der Anfrage und f\u00fcr den Fall von Anschlussfragen sechs Monate bei uns gespeichert. Diese Daten geben wir nicht ohne Ihre Einwilligung weiter.<\/p>\n<h2><em>Cookies:<\/em><\/h2>\n<p>Unsere Website verwendet so genannte Cookies. Dabei handelt es sich um kleine Textdateien, die mit Hilfe des Browsers auf Ihrem Endger\u00e4t abgelegt werden. Sie richten keinen Schaden an.<br \/>\nWir nutzen Cookies dazu, unser Angebot nutzerfreundlich zu gestalten. Einige Cookies bleiben auf Ihrem Endger\u00e4t gespeichert, bis Sie diese l\u00f6schen. Sie erm\u00f6glichen es uns, Ihren Browser beim n\u00e4chsten Besuch wiederzuerkennen.<\/p>\n<h2><em>Wenn Sie dies nicht w\u00fcnschen, so k\u00f6nnen Sie Ihren Browser so einrichten, dass er Sie \u00fcber das Setzen von Cookies informiert und Sie dies nur im Einzelfall erlauben.<\/em><\/h2>\n<p>Bei der Deaktivierung von Cookies kann die Funktionalit\u00e4t unserer Website eingeschr\u00e4nkt sein.<\/p>\n<h2><em>Google Analytics:<\/em><\/h2>\n<p>Diese Internetseite verwendet Google Analytics. Bitte klicken Sie auf folgenden Link, um mehr dar\u00fcber zu erfahren, wie Google Analytics Daten verarbeitet und aufbereitet: <a href=\"https:\/\/www.google.com\/analytics\/terms\/\">https:\/\/www.google.com\/analytics\/terms\/<\/a><\/p>\n<p>Durch Installation dieses Google Browser-Plugins k\u00f6nnen Sie verhindern, dass Google Anayltics Ihre Daten verwendet: <a href=\"https:\/\/tools.google.com\/dlpage\/gaoptout\">https:\/\/tools.google.com\/dlpage\/gaoptout<\/a><\/p>\n<p>Diese Seite verwendet die Funktion \u201ega(\u2019set\u2018, \u201aanonymizeIp\u2018, true);\u201c um die an Google Analytics \u00fcbermittelten Daten zu anonymisieren.<\/p>\n<\/div><\/section>\n\n","protected":false},"excerpt":{"rendered":"","protected":false},"author":2,"featured_media":0,"parent":0,"menu_order":0,"comment_status":"closed","ping_status":"closed","template":"","meta":{"footnotes":""},"class_list":["post-3586","page","type-page","status-publish","hentry"],"_links":{"self":[{"href":"https:\/\/contibelt.com\/de\/wp-json\/wp\/v2\/pages\/3586","targetHints":{"allow":["GET"]}}],"collection":[{"href":"https:\/\/contibelt.com\/de\/wp-json\/wp\/v2\/pages"}],"about":[{"href":"https:\/\/contibelt.com\/de\/wp-json\/wp\/v2\/types\/page"}],"author":[{"embeddable":true,"href":"https:\/\/contibelt.com\/de\/wp-json\/wp\/v2\/users\/2"}],"replies":[{"embeddable":true,"href":"https:\/\/contibelt.com\/de\/wp-json\/wp\/v2\/comments?post=3586"}],"version-history":[{"count":6,"href":"https:\/\/contibelt.com\/de\/wp-json\/wp\/v2\/pages\/3586\/revisions"}],"predecessor-version":[{"id":299139,"href":"https:\/\/contibelt.com\/de\/wp-json\/wp\/v2\/pages\/3586\/revisions\/299139"}],"wp:attachment":[{"href":"https:\/\/contibelt.com\/de\/wp-json\/wp\/v2\/media?parent=3586"}],"curies":[{"name":"wp","href":"https:\/\/api.w.org\/{rel}","templated":true}]}}