{"id":298682,"date":"2025-10-16T15:09:44","date_gmt":"2025-10-16T13:09:44","guid":{"rendered":"https:\/\/contibelt.baldneu.at\/kontakt-2\/"},"modified":"2025-10-20T11:15:10","modified_gmt":"2025-10-20T09:15:10","slug":"kontakt","status":"publish","type":"page","link":"https:\/\/contibelt.com\/de\/kontakt\/","title":{"rendered":"Kontakt"},"content":{"rendered":"<div id='av_section_1'  class='avia-section av-iia1zr-99ac7f7571a9628fd921b14989a582e9 main_color avia-section-default avia-no-shadow  avia-builder-el-0  avia-builder-el-no-sibling  avia-bg-style-scroll container_wrap fullsize'  ><div class='container av-section-cont-open' ><main  role=\"main\" itemprop=\"mainContentOfPage\"  class='template-page content  av-content-full alpha units'><div class='post-entry post-entry-type-page post-entry-298682'><div class='entry-content-wrapper clearfix'>\n<div  class='flex_column av-gtv78n-3a490558441195974bf87af5f696d722 av_one_half  avia-builder-el-1  el_before_av_one_half  avia-builder-el-first  first flex_column_div  '     ><style type=\"text\/css\" data-created_by=\"avia_inline_auto\" id=\"style-css-av-mgrzqe30-585437d667526c69b8809a3c74da2a8b\">\n.avia-image-container.av-mgrzqe30-585437d667526c69b8809a3c74da2a8b img.avia_image{\nbox-shadow:none;\n}\n.avia-image-container.av-mgrzqe30-585437d667526c69b8809a3c74da2a8b .av-image-caption-overlay-center{\ncolor:#ffffff;\n}\n<\/style>\n<div  class='avia-image-container av-mgrzqe30-585437d667526c69b8809a3c74da2a8b av-styling- avia_animated_image av-animated-when-visible-95 left-to-right avia-align-right  avia-builder-el-2  avia-builder-el-no-sibling '   itemprop=\"image\" itemscope=\"itemscope\" itemtype=\"https:\/\/schema.org\/ImageObject\" ><div class=\"avia-image-container-inner\"><div class=\"avia-image-overlay-wrap\"><img decoding=\"async\" fetchpriority=\"high\" class='wp-image- avia-img-lazy-loading-not- avia_image ' src=\"https:\/\/contibelt.com\/wp-content\/uploads\/2015\/10\/Fotolia_84420315_L_Kontakt_1200_800_versuch-mit-rot-1024x683.jpg\" alt='' title=''   itemprop=\"thumbnailUrl\"  \/><\/div><\/div><\/div><\/div><div  class='flex_column av-gbj9iv-00bc9a151d0ad6751b16eafb0ce87226 av_one_half  avia-builder-el-3  el_after_av_one_half  el_before_av_hr  flex_column_div  '     ><section  class='av_textblock_section av-mgrzqn5i-e31e531b7f9f78f4e7d54f6c0b79c199 '   itemscope=\"itemscope\" itemtype=\"https:\/\/schema.org\/CreativeWork\" ><div class='avia_textblock'  itemprop=\"text\" ><h1>Kontakt<\/h1>\n<\/div><\/section><br \/>\n<div  class='hr av-djdxuv-3a1b700ca2812853cb3ab72fe88cdb34 hr-short  avia-builder-el-5  el_after_av_textblock  el_before_av_textblock  hr-left'><span class='hr-inner '><span class=\"hr-inner-style\"><\/span><\/span><\/div><br \/>\n<section  class='av_textblock_section av-mgrzr4ju-681c9e67c6160ee615bc880cf3507fe0 '   itemscope=\"itemscope\" itemtype=\"https:\/\/schema.org\/CreativeWork\" ><div class='avia_textblock'  itemprop=\"text\" ><p>Nehmen Sie mit uns Kontakt auf wenn Sie Fragen haben.\u00a0<strong>Wir freuen uns auf das Gespr\u00e4ch mit Ihnen.<\/strong><\/p>\n<\/div><\/section><br \/>\n<div  class='hr av-d6a6tz-32478339e69c5cac52ee857aa40ac51b hr-short  avia-builder-el-7  el_after_av_textblock  el_before_av_toggle_container  hr-left'><span class='hr-inner '><span class=\"hr-inner-style\"><\/span><\/span><\/div><br \/>\n<div  class='togglecontainer av-mgrzu47g-a3ea39e694da86173ceda4e09dcf8a38  avia-builder-el-8  el_after_av_hr  avia-builder-el-last  toggle_close_all' >\n<section class='av_toggle_section av-mgrzt2qa-30bad4ba8bad0c12b42d2df9c9046b6b'  itemscope=\"itemscope\" itemtype=\"https:\/\/schema.org\/CreativeWork\" ><div role=\"tablist\" class=\"single_toggle\" data-tags=\"{Alle} \"  ><p id='toggle-toggle-id-1' data-fake-id='#toggle-id-1' class='toggler  av-title-above '  itemprop=\"headline\"  role='tab' tabindex='0' aria-controls='toggle-id-1' data-slide-speed=\"200\" data-title=\"Europe\" data-title-open=\"\" data-aria_collapsed=\"Click to expand: Europe\" data-aria_expanded=\"Click to collapse: Europe\">Europe<span class=\"toggle_icon\"><span class=\"vert_icon\"><\/span><span class=\"hor_icon\"><\/span><\/span><\/p><div id='toggle-id-1' aria-labelledby='toggle-toggle-id-1' role='region' class='toggle_wrap  av-title-above'  ><div class='toggle_content invers-color '  itemprop=\"text\" ><p><strong>Hauptsitz:<\/strong><br \/>\nContibelt Band Systeme GmbH<br \/>\nHeid-Werkstrasse 3, Objekt 140<br \/>\nA-2000 Stockerau<br \/>\n\u00d6sterreich, Europ\u00e4ische Union<br \/>\nTel.: +43 2266 66300<br \/>\nFax: +43 2266 66300 15<br \/>\ne-mail:\u00a0<a href=\"mailto:band&#64;contibelt&#46;co&#109;\">&#x62;&#97;n&#x64;&#64;c&#x6f;&#110;t&#x69;&#98;e&#x6c;&#116;&#46;&#x63;&#111;m<\/a><\/p>\n<p><strong>Frankreich:<\/strong><br \/>\nSTCN \u2013 Soci\u00e9t\u00e9 T\u00f4lerie Chaudronnerie Nonancourtoise<br \/>\n21 rte de Damville,<br \/>\nF-27320 NONANCOURT<br \/>\nFrankreich, Europ\u00e4ische Union<br \/>\nTel.: +33 2 32 58 24 15<br \/>\ne-mail: &#102;&#x72;&#x61;&#110;&#x63;&#x65;&#64;&#x63;&#x6f;n&#116;&#x69;b&#101;&#x6c;t&#46;&#x63;o&#109;<\/p>\n<\/div><\/div><\/div><\/section>\n<section class='av_toggle_section av-mgrztm3h-608e9af65f0ec3e153910ab6192e7f4a'  itemscope=\"itemscope\" itemtype=\"https:\/\/schema.org\/CreativeWork\" ><div role=\"tablist\" class=\"single_toggle\" data-tags=\"{Alle} \"  ><p id='toggle-toggle-id-2' data-fake-id='#toggle-id-2' class='toggler  av-title-above '  itemprop=\"headline\"  role='tab' tabindex='0' aria-controls='toggle-id-2' data-slide-speed=\"200\" data-title=\"USA\" data-title-open=\"\" data-aria_collapsed=\"Click to expand: USA\" data-aria_expanded=\"Click to collapse: USA\">USA<span class=\"toggle_icon\"><span class=\"vert_icon\"><\/span><span class=\"hor_icon\"><\/span><\/span><\/p><div id='toggle-id-2' aria-labelledby='toggle-toggle-id-2' role='region' class='toggle_wrap  av-title-above'  ><div class='toggle_content invers-color '  itemprop=\"text\" ><p><strong>Buchhaltung &amp; Administration:<\/strong><br \/>\nContibelt Systems, Inc.<br \/>\n11565 Pearl Rd., Suite 300<br \/>\nStrongsville, Ohio 44136<br \/>\ne-mail:\u00a0<a href=\"&#x6d;&#97;&#x69;&#108;t&#x6f;&#58;u&#x73;&#97;&#x40;&#x63;o&#x6e;&#116;i&#x62;&#101;&#x6c;&#x74;&#46;&#x63;&#111;m\">&#x75;&#x73;&#x61;&#x40;&#x63;&#x6f;&#x6e;&#x74;&#x69;&#x62;&#x65;&#x6c;&#x74;&#x2e;&#99;&#111;&#109;<\/a><\/p>\n<p><strong>Verkauf &amp; Technischer Support:<\/strong><br \/>\nContibelt Systems, Inc.<br \/>\nMr. Jim Riccio<br \/>\n161 Palmer Terrace<br \/>\nWood Ridge, NJ 07075<br \/>\nUnited States of America<br \/>\nphone: +1 201 455 1618<br \/>\ntoll free: +1 855 333 1650<br \/>\ne-mail:\u00a0<a href=\"&#109;a&#x69;l&#x74;o&#x3a;j&#x69;&#109;&#x2e;&#114;&#x69;&#99;&#x63;&#105;o&#64;c&#x6f;n&#x74;i&#x62;&#101;&#x6c;&#116;&#x2e;&#99;&#x6f;&#109;\">j&#105;&#109;&#x2e;&#x72;&#x69;cc&#105;&#111;&#x40;&#x63;&#x6f;n&#116;&#105;&#98;&#x65;&#x6c;&#x74;&#46;&#99;&#111;&#x6d;<\/a><\/p>\n<\/div><\/div><\/div><\/section>\n<section class='av_toggle_section av-mgrzu2ch-0670cac458bc31be92f717f4a654eb3c'  itemscope=\"itemscope\" itemtype=\"https:\/\/schema.org\/CreativeWork\" ><div role=\"tablist\" class=\"single_toggle\" data-tags=\"{Alle} \"  ><p id='toggle-toggle-id-3' data-fake-id='#toggle-id-3' class='toggler  av-title-above '  itemprop=\"headline\"  role='tab' tabindex='0' aria-controls='toggle-id-3' data-slide-speed=\"200\" data-title=\"Brasilien\" data-title-open=\"\" data-aria_collapsed=\"Click to expand: Brasilien\" data-aria_expanded=\"Click to collapse: Brasilien\">Brasilien<span class=\"toggle_icon\"><span class=\"vert_icon\"><\/span><span class=\"hor_icon\"><\/span><\/span><\/p><div id='toggle-id-3' aria-labelledby='toggle-toggle-id-3' role='region' class='toggle_wrap  av-title-above'  ><div class='toggle_content invers-color '  itemprop=\"text\" ><p><strong>Dandec Ind\u00fastria E Com\u00e9rcio Ltda<\/strong><br \/>\nRua Natal, 680 &#8211; Mooca<br \/>\nS\u00e3o Paulo &#8211; SP<br \/>\nBrazil<br \/>\nphone: +55 11 2028-8880<br \/>\ne-mail: <a href=\"&#x6d;&#97;i&#x6c;&#116;o&#x3a;&#x64;&#97;&#x6e;&#x64;&#101;c&#x40;&#100;a&#x6e;&#x64;&#101;&#x63;&#x2e;&#99;o&#x6d;&#46;b&#x72;\">&#x64;&#x61;&#x6e;&#x64;&#x65;&#x63;&#x40;&#x64;&#97;&#110;&#100;&#101;&#99;&#46;&#99;om&#46;b&#x72;<\/a><\/p>\n<\/div><\/div><\/div><\/section>\n<\/div><\/p><\/div><div  class='hr av-afwitz-26cf79cb30945218c2d6ce0cc8200d10 hr-full  avia-builder-el-9  el_after_av_one_half  el_before_av_textblock  hr-no-shadow'><span class='hr-inner '><span class=\"hr-inner-style\"><\/span><\/span><\/div>\n<section  class='av_textblock_section av-8submf-7c22785616ed6ce1f275222a313391c9 '   itemscope=\"itemscope\" itemtype=\"https:\/\/schema.org\/CreativeWork\" ><div class='avia_textblock'  itemprop=\"text\" ><h2 style=\"text-align: center;\">Das k\u00f6nnte Sie auch interessieren:<\/h2>\n<\/div><\/section>\n<div  class='avia-content-slider-element-container av-78r2pz-1020e8504a6f52855bcc68cd4256ec38 avia-content-slider-element-slider avia-content-slider avia-smallarrow-slider avia-content-slider-active avia-content-slider-odd  avia-builder-el-11  el_after_av_textblock  avia-builder-el-last  av-slideshow-ui av-control-default av-nav-arrows-visible av-nav-dots-visible av-no-slider-navigation av-slideshow-manual av-loop-once av-loop-manual-endless avia-content-slider1' data-slideshow-options=\"{&quot;animation&quot;:&quot;slide&quot;,&quot;autoplay&quot;:false,&quot;loop_autoplay&quot;:&quot;once&quot;,&quot;interval&quot;:5,&quot;loop_manual&quot;:&quot;manual-endless&quot;,&quot;autoplay_stopper&quot;:false,&quot;noNavigation&quot;:false,&quot;bg_slider&quot;:false,&quot;keep_padding&quot;:&quot;&quot;,&quot;hoverpause&quot;:false,&quot;show_slide_delay&quot;:30}\"><div class='avia-smallarrow-slider-heading  no-content-slider-heading '><div class='new-special-heading'>&nbsp;<\/div><\/div><div class=\"avia-content-slider-inner\"><div class=\"slide-entry-wrap\"><section class='slide-entry av-5oi1hj-2d4ad5806dcc08adebddb4497b342472 flex_column av_one_third post-entry slide-entry-overview slide-loop-1 slide-parity-odd  first'  itemscope=\"itemscope\" itemtype=\"https:\/\/schema.org\/CreativeWork\" ><h3 class='slide-entry-title entry-title '  itemprop=\"headline\" ><a href='https:\/\/contibelt.com\/de\/ueber-uns\/'  title='\u00dcber uns'>\u00dcber uns<\/a><\/h3><div class='slide-entry-excerpt entry-content'  itemprop=\"text\" ><p><a href=\"https:\/\/contibelt.com\/de\/ueber-uns\/\"><img loading=\"lazy\" decoding=\"async\" class=\"alignnone size-full wp-image-2758\" src=\"https:\/\/contibelt.com\/wp-content\/uploads\/2015\/07\/2_about_us.jpg\" alt=\"\" width=\"1200\" height=\"800\" \/><\/a><\/p>\n<\/div><\/section><section class='slide-entry av-d8ytz-875f479e6df276cdc4971f74188faa00 flex_column av_one_third post-entry slide-entry-overview slide-loop-2 slide-parity-even  '  itemscope=\"itemscope\" itemtype=\"https:\/\/schema.org\/CreativeWork\" ><h3 class='slide-entry-title entry-title '  itemprop=\"headline\" ><a href='https:\/\/contibelt.com\/de\/service\/'  title='Service'>Service<\/a><\/h3><div class='slide-entry-excerpt entry-content'  itemprop=\"text\" ><p><a href=\"https:\/\/contibelt.com\/de\/service\/\"><img loading=\"lazy\" decoding=\"async\" class=\"alignnone size-full wp-image-2771\" src=\"https:\/\/contibelt.com\/wp-content\/uploads\/2015\/07\/6_service.jpg\" alt=\"\" width=\"1200\" height=\"800\" \/><\/a><\/p>\n<\/div><\/section><section class='slide-entry av-2d524n-d7abed6f2228b536899ea28cfd619fdd flex_column av_one_third post-entry slide-entry-overview slide-loop-3 slide-parity-odd  post-entry-last  '  itemscope=\"itemscope\" itemtype=\"https:\/\/schema.org\/CreativeWork\" ><h3 class='slide-entry-title entry-title '  itemprop=\"headline\" ><a href='https:\/\/contibelt.com\/de\/downloads\/'  title='Downloads'>Downloads<\/a><\/h3><div class='slide-entry-excerpt entry-content'  itemprop=\"text\" ><p><a href=\"https:\/\/contibelt.com\/de\/downloads\/\"><img loading=\"lazy\" decoding=\"async\" class=\"alignnone size-full wp-image-3965\" src=\"https:\/\/contibelt.com\/wp-content\/uploads\/2015\/07\/4_downloads.jpg\" alt=\"\" width=\"1200\" height=\"800\" \/><\/a><\/p>\n<\/div><\/section><\/div><\/div><\/div>\n\n","protected":false},"excerpt":{"rendered":"","protected":false},"author":2,"featured_media":0,"parent":0,"menu_order":0,"comment_status":"open","ping_status":"open","template":"","meta":{"footnotes":""},"class_list":["post-298682","page","type-page","status-publish","hentry"],"_links":{"self":[{"href":"https:\/\/contibelt.com\/de\/wp-json\/wp\/v2\/pages\/298682","targetHints":{"allow":["GET"]}}],"collection":[{"href":"https:\/\/contibelt.com\/de\/wp-json\/wp\/v2\/pages"}],"about":[{"href":"https:\/\/contibelt.com\/de\/wp-json\/wp\/v2\/types\/page"}],"author":[{"embeddable":true,"href":"https:\/\/contibelt.com\/de\/wp-json\/wp\/v2\/users\/2"}],"replies":[{"embeddable":true,"href":"https:\/\/contibelt.com\/de\/wp-json\/wp\/v2\/comments?post=298682"}],"version-history":[{"count":8,"href":"https:\/\/contibelt.com\/de\/wp-json\/wp\/v2\/pages\/298682\/revisions"}],"predecessor-version":[{"id":298695,"href":"https:\/\/contibelt.com\/de\/wp-json\/wp\/v2\/pages\/298682\/revisions\/298695"}],"wp:attachment":[{"href":"https:\/\/contibelt.com\/de\/wp-json\/wp\/v2\/media?parent=298682"}],"curies":[{"name":"wp","href":"https:\/\/api.w.org\/{rel}","templated":true}]}}