{"id":298645,"date":"2025-10-16T14:50:50","date_gmt":"2025-10-16T12:50:50","guid":{"rendered":"https:\/\/contibelt.baldneu.at\/aktuelles\/"},"modified":"2025-10-20T09:21:39","modified_gmt":"2025-10-20T07:21:39","slug":"aktuelles","status":"publish","type":"page","link":"https:\/\/contibelt.com\/de\/aktuelles\/","title":{"rendered":"Aktuelles"},"content":{"rendered":"<div id='av_section_1'  class='avia-section av-cfqowm-ed8717b6423dd20122a26b9b4dfc4dc0 main_color avia-section-default avia-no-shadow  avia-builder-el-0  avia-builder-el-no-sibling  avia-bg-style-scroll container_wrap fullsize'  ><div class='container av-section-cont-open' ><main  role=\"main\" itemprop=\"mainContentOfPage\"  class='template-page content  av-content-full alpha units'><div class='post-entry post-entry-type-page post-entry-298645'><div class='entry-content-wrapper clearfix'>\n\n<style type=\"text\/css\" data-created_by=\"avia_inline_auto\" id=\"style-css-av-mgs2b988-58bbdcf1b089d0ba8a3661edcbd38c6d\">\n.avia-image-container.av-mgs2b988-58bbdcf1b089d0ba8a3661edcbd38c6d img.avia_image{\nbox-shadow:none;\n}\n.avia-image-container.av-mgs2b988-58bbdcf1b089d0ba8a3661edcbd38c6d .av-image-caption-overlay-center{\ncolor:#ffffff;\n}\n<\/style>\n<div  class='avia-image-container av-mgs2b988-58bbdcf1b089d0ba8a3661edcbd38c6d av-styling- avia_animated_image av-animated-when-visible-95 left-to-right avia-align-left  avia-builder-el-1  el_before_av_textblock  avia-builder-el-first '   itemprop=\"image\" itemscope=\"itemscope\" itemtype=\"https:\/\/schema.org\/ImageObject\" ><div class=\"avia-image-container-inner\"><div class=\"avia-image-overlay-wrap\"><img decoding=\"async\" fetchpriority=\"high\" class='wp-image- avia-img-lazy-loading-not- avia_image ' src=\"https:\/\/contibelt.com\/wp-content\/uploads\/2015\/09\/Fotolia_82590029_1200_800_news_hell-1024x683.jpg\" alt='' title=''   itemprop=\"thumbnailUrl\"  \/><\/div><\/div><\/div>\n\n<style type=\"text\/css\" data-created_by=\"avia_inline_auto\" id=\"style-css-av-mgs2a4vc-7226a9fcae2b9ab3ceb52d33369afb07\">\n#top .av_textblock_section.av-mgs2a4vc-7226a9fcae2b9ab3ceb52d33369afb07 .avia_textblock{\npadding:30px 0 0 0;\n}\n<\/style>\n<section  class='av_textblock_section av-mgs2a4vc-7226a9fcae2b9ab3ceb52d33369afb07 '   itemscope=\"itemscope\" itemtype=\"https:\/\/schema.org\/CreativeWork\" ><div class='avia_textblock'  itemprop=\"text\" ><h1>Ihre Karriere als Verkaufsmitarbeiter wartet auf Sie!<\/h1>\n<\/div><\/section>\n<div  class='hr av-r20km-d02d13397c72edec6cd5faf71150ad74 hr-short  avia-builder-el-3  el_after_av_textblock  el_before_av_one_half  hr-center'><span class='hr-inner '><span class=\"hr-inner-style\"><\/span><\/span><\/div>\n<div  class='flex_column av-av_one_half-2d22dc0500e159f2b39fe7a147caf14c av_one_half  avia-builder-el-4  el_after_av_hr  el_before_av_one_half  first flex_column_div  '     ><section  class='av_textblock_section av-mgs2ae6x-5298039568ee2c98f5876b4b7ffdf3f7 '   itemscope=\"itemscope\" itemtype=\"https:\/\/schema.org\/CreativeWork\" ><div class='avia_textblock'  itemprop=\"text\" ><p><strong>Stellenanzeige<\/strong>: Verkaufsmitarbeiter (m\/w\/d) f\u00fcr Contibelt Edelstahl Transport- und Prozessb\u00e4nder<br \/>\n<strong>Unternehmen<\/strong>: Contibelt Bandsysteme GmbH Deutschland<br \/>\n<strong>Standort<\/strong>: Deutschland<br \/>\n<strong>Gesch\u00e4ftsbereiche<\/strong>: Lebensmittelindustrie und chemische Industrie<\/p>\n<p><strong>\u00dcber uns:<br \/>\n<\/strong>Die Contibelt ist ein f\u00fchrender Anbieter von Edelstahl Transport- und Prozessb\u00e4ndern f\u00fcr verschiedene Branchen, insbesondere der Lebensmittelindustrie und der chemischen Industrie. Wir legen gro\u00dfen Wert auf Qualit\u00e4t, Innovation und Kundenzufriedenheit. Zur Verst\u00e4rkung unseres Vertriebsteams suchen wir einen engagierten und selbst\u00e4ndigen Verkaufsmitarbeiter (m\/w\/d).<br \/>\n<strong>Ihre Aufgaben:<\/strong><br \/>\n\u2013 Akquisition von Neukunden und Pflege bestehender Kundenbeziehungen im deutschen Markt<br \/>\n\u2013 Aktive Verkaufsberatung und Technische Unterst\u00fctzung unserer Produkte<br \/>\n\u2013 Durchf\u00fchrung von Marktanalysen und Identifizierung von Trends<br \/>\n\u2013 Teilnahme an Messen, Veranstaltungen und Kundenpr\u00e4sentationen<br \/>\n\u2013 Erstellung und Nachverfolgung von Angeboten<br \/>\n\u2013 Erreichung von festgelegten Verkaufszielen<\/p>\n<\/div><\/section><\/div><div  class='flex_column av-av_one_half-3b0d446bf9e6f7db91541aa567be4cdf av_one_half  avia-builder-el-6  el_after_av_one_half  el_before_av_hr  flex_column_div  '     ><section  class='av_textblock_section av-mgs2atvv-899bd470c6d584753694a6d6da7d7edf '   itemscope=\"itemscope\" itemtype=\"https:\/\/schema.org\/CreativeWork\" ><div class='avia_textblock'  itemprop=\"text\" ><p><strong>Ihr Profil:<\/strong><br \/>\n\u2013 Abgeschlossene kaufm\u00e4nnische oder technische Ausbildung, idealerweise in einem relevanten Bereich<br \/>\n\u2013 Berufserfahrung im Verkauf, bevorzugt in der Lebensmittel- oder chemischen Industrie<br \/>\n\u2013 Technische Kenntnisse \u00fcber Edelstahl Transport- und Prozessb\u00e4nder sind von Vorteil<br \/>\n\u2013 Selbstst\u00e4ndige und zielorientierte Arbeitsweise<br \/>\n\u2013 Starke Kommunikations- und Verhandlungsf\u00e4higkeiten<br \/>\n\u2013 Reisebereitschaft und Flexibilit\u00e4t<br \/>\n<strong>Wir bieten:<\/strong><br \/>\n\u2013 Eine leistungsgerechte Verg\u00fctung, die Ihre Erfolge widerspiegelt<br \/>\n\u2013 Flexibles Arbeiten mit der M\u00f6glichkeit zur Homeoffice-Regelung<br \/>\n\u2013 Ein dynamisches und motiviertes Team in einem innovationsgetriebenen Unternehmen<br \/>\n\u2013 Raum f\u00fcr pers\u00f6nliche und berufliche Weiterentwicklung<br \/>\n\u2013 Moderne Arbeitsmittel und ein angenehmes Arbeitsumfeld<br \/>\n<strong>Wenn Sie eine Herausforderung in einem dynamischen Umfeld suchen und gerne eigenverantwortlich arbeiten, freuen wir uns auf Ihre Bewerbung! <a href=\"http:\/\/www.chemshow.com\/\" target=\"_blank\" rel=\"noopener\">e&#99;&#114;&#x75;&#x69;&#x74;in&#103;&#64;&#x63;&#x6f;&#x6e;t&#105;&#98;&#101;&#x6c;&#x74;&#x2e;c&#111;&#109;.<\/a><\/strong><\/p>\n<\/div><\/section><\/div><div  class='hr av-3jip6u-ac3425f692ee22ac653b058ae17567d7 hr-full  avia-builder-el-8  el_after_av_one_half  el_before_av_textblock  hr-no-shadow'><span class='hr-inner '><span class=\"hr-inner-style\"><\/span><\/span><\/div>\n<section  class='av_textblock_section av-37itcm-5e1987a2745f6530ea4281d90f19c850 '   itemscope=\"itemscope\" itemtype=\"https:\/\/schema.org\/CreativeWork\" ><div class='avia_textblock'  itemprop=\"text\" ><h2 style=\"text-align: center;\">Das k\u00f6nnte Sie auch interessieren:<\/h2>\n<\/div><\/section>\n<div  class='avia-content-slider-element-container av-mgs2envk-d8bf55cfb2a981175b56feda449756e1 avia-content-slider-element-slider avia-content-slider avia-smallarrow-slider avia-content-slider-active avia-content-slider-odd  avia-builder-el-10  el_after_av_textblock  avia-builder-el-last  av-slideshow-ui av-control-default av-nav-arrows-visible av-nav-dots-visible av-no-slider-navigation av-slideshow-manual av-loop-once av-loop-manual-endless avia-content-slider1' data-slideshow-options=\"{&quot;animation&quot;:&quot;slide&quot;,&quot;autoplay&quot;:false,&quot;loop_autoplay&quot;:&quot;once&quot;,&quot;interval&quot;:5,&quot;loop_manual&quot;:&quot;manual-endless&quot;,&quot;autoplay_stopper&quot;:false,&quot;noNavigation&quot;:false,&quot;bg_slider&quot;:false,&quot;keep_padding&quot;:&quot;&quot;,&quot;hoverpause&quot;:false,&quot;show_slide_delay&quot;:30}\"><div class='avia-smallarrow-slider-heading  no-content-slider-heading '><div class='new-special-heading'>&nbsp;<\/div><\/div><div class=\"avia-content-slider-inner\"><div class=\"slide-entry-wrap\"><section class='slide-entry av-mgs2ckw5-857a63d27e899a20d4ea764c652a0225 flex_column av_one_third post-entry slide-entry-overview slide-loop-1 slide-parity-odd  first'  itemscope=\"itemscope\" itemtype=\"https:\/\/schema.org\/CreativeWork\" ><h3 class='slide-entry-title entry-title '  itemprop=\"headline\" ><a href='https:\/\/contibelt.com\/de\/kontakt\/'  title='Kontakt'>Kontakt<\/a><\/h3><div class='slide-entry-excerpt entry-content'  itemprop=\"text\" ><p><a href=\"https:\/\/contibelt.com\/de\/kontakt\/\"><img loading=\"lazy\" decoding=\"async\" class=\"alignnone size-medium wp-image-3805\" src=\"https:\/\/contibelt.com\/wp-content\/uploads\/2015\/10\/Fotolia_84420315_L_Kontakt_1200_800_versuch-mit-rot-300x200.jpg\" alt=\"\" width=\"300\" height=\"200\" srcset=\"https:\/\/contibelt.com\/wp-content\/uploads\/2015\/10\/Fotolia_84420315_L_Kontakt_1200_800_versuch-mit-rot-300x200.jpg 300w, https:\/\/contibelt.com\/wp-content\/uploads\/2015\/10\/Fotolia_84420315_L_Kontakt_1200_800_versuch-mit-rot-1024x683.jpg 1024w, https:\/\/contibelt.com\/wp-content\/uploads\/2015\/10\/Fotolia_84420315_L_Kontakt_1200_800_versuch-mit-rot-500x333.jpg 500w, https:\/\/contibelt.com\/wp-content\/uploads\/2015\/10\/Fotolia_84420315_L_Kontakt_1200_800_versuch-mit-rot.jpg 1200w\" sizes=\"auto, (max-width: 300px) 100vw, 300px\" \/><\/a><\/p>\n<\/div><\/section><section class='slide-entry av-mgs2d939-2840bbe596208c717f4d07611935b677 flex_column av_one_third post-entry slide-entry-overview slide-loop-2 slide-parity-even  '  itemscope=\"itemscope\" itemtype=\"https:\/\/schema.org\/CreativeWork\" ><h3 class='slide-entry-title entry-title '  itemprop=\"headline\" ><a href='https:\/\/contibelt.com\/de\/downloads\/'  title='Downloads'>Downloads<\/a><\/h3><div class='slide-entry-excerpt entry-content'  itemprop=\"text\" ><p><a href=\"https:\/\/contibelt.com\/de\/downloads\/\"><img loading=\"lazy\" decoding=\"async\" class=\"alignnone size-medium wp-image-3560\" src=\"https:\/\/contibelt.com\/wp-content\/uploads\/2015\/07\/downloads-dokumente-bearbeitet-1200_800_versuch-300x200.jpg\" alt=\"\" width=\"300\" height=\"200\" srcset=\"https:\/\/contibelt.com\/wp-content\/uploads\/2015\/07\/downloads-dokumente-bearbeitet-1200_800_versuch-300x200.jpg 300w, https:\/\/contibelt.com\/wp-content\/uploads\/2015\/07\/downloads-dokumente-bearbeitet-1200_800_versuch-1024x683.jpg 1024w, https:\/\/contibelt.com\/wp-content\/uploads\/2015\/07\/downloads-dokumente-bearbeitet-1200_800_versuch-500x333.jpg 500w, https:\/\/contibelt.com\/wp-content\/uploads\/2015\/07\/downloads-dokumente-bearbeitet-1200_800_versuch.jpg 1200w\" sizes=\"auto, (max-width: 300px) 100vw, 300px\" \/><\/a><\/p>\n<\/div><\/section><section class='slide-entry av-mgs2emq6-e3aa8e1f48e17774574d5e733ec1696f flex_column av_one_third post-entry slide-entry-overview slide-loop-3 slide-parity-odd  post-entry-last  '  itemscope=\"itemscope\" itemtype=\"https:\/\/schema.org\/CreativeWork\" ><h3 class='slide-entry-title entry-title '  itemprop=\"headline\" ><a href='https:\/\/contibelt.com\/de\/service\/'  title='Service'>Service<\/a><\/h3><div class='slide-entry-excerpt entry-content'  itemprop=\"text\" ><p><a href=\"https:\/\/contibelt.com\/de\/service\/\"><img loading=\"lazy\" decoding=\"async\" class=\"alignnone size-full wp-image-2771\" src=\"https:\/\/contibelt.com\/wp-content\/uploads\/2015\/07\/6_service.jpg\" alt=\"\" width=\"1200\" height=\"800\" \/><\/a><\/p>\n<\/div><\/section><\/div><\/div><\/div>\n\n","protected":false},"excerpt":{"rendered":"","protected":false},"author":2,"featured_media":0,"parent":0,"menu_order":0,"comment_status":"open","ping_status":"open","template":"","meta":{"footnotes":""},"class_list":["post-298645","page","type-page","status-publish","hentry"],"_links":{"self":[{"href":"https:\/\/contibelt.com\/de\/wp-json\/wp\/v2\/pages\/298645","targetHints":{"allow":["GET"]}}],"collection":[{"href":"https:\/\/contibelt.com\/de\/wp-json\/wp\/v2\/pages"}],"about":[{"href":"https:\/\/contibelt.com\/de\/wp-json\/wp\/v2\/types\/page"}],"author":[{"embeddable":true,"href":"https:\/\/contibelt.com\/de\/wp-json\/wp\/v2\/users\/2"}],"replies":[{"embeddable":true,"href":"https:\/\/contibelt.com\/de\/wp-json\/wp\/v2\/comments?post=298645"}],"version-history":[{"count":16,"href":"https:\/\/contibelt.com\/de\/wp-json\/wp\/v2\/pages\/298645\/revisions"}],"predecessor-version":[{"id":298659,"href":"https:\/\/contibelt.com\/de\/wp-json\/wp\/v2\/pages\/298645\/revisions\/298659"}],"wp:attachment":[{"href":"https:\/\/contibelt.com\/de\/wp-json\/wp\/v2\/media?parent=298645"}],"curies":[{"name":"wp","href":"https:\/\/api.w.org\/{rel}","templated":true}]}}