{"id":298013,"date":"2025-10-16T13:23:00","date_gmt":"2025-10-16T11:23:00","guid":{"rendered":"https:\/\/contibelt.baldneu.at\/holzfaserplatten\/"},"modified":"2025-10-16T16:43:44","modified_gmt":"2025-10-16T14:43:44","slug":"holzwerkstoffplatten","status":"publish","type":"page","link":"https:\/\/contibelt.com\/de\/holzwerkstoffplatten\/","title":{"rendered":"Holzwerkstoffplatten"},"content":{"rendered":"<div id='av_section_1'  class='avia-section av-iut04k-4de6399b7ffb3b305324a6e207b47309 main_color avia-section-default avia-no-shadow  avia-builder-el-0  avia-builder-el-no-sibling  avia-bg-style-scroll container_wrap fullsize'  ><div class='container av-section-cont-open' ><main  role=\"main\" itemprop=\"mainContentOfPage\"  class='template-page content  av-content-full alpha units'><div class='post-entry post-entry-type-page post-entry-298013'><div class='entry-content-wrapper clearfix'>\n<div  class='flex_column av-hzioac-6a679207f8c6b83e2e3550600494cdb3 av_one_half  avia-builder-el-1  el_before_av_one_half  avia-builder-el-first  first flex_column_div  '     ><style type=\"text\/css\" data-created_by=\"avia_inline_auto\" id=\"style-css-av-mgs4hnok-d20feb2ac7777281ca56c348140c9e90\">\n.avia-image-container.av-mgs4hnok-d20feb2ac7777281ca56c348140c9e90 img.avia_image{\nbox-shadow:none;\n}\n.avia-image-container.av-mgs4hnok-d20feb2ac7777281ca56c348140c9e90 .av-image-caption-overlay-center{\ncolor:#ffffff;\n}\n<\/style>\n<div  class='avia-image-container av-mgs4hnok-d20feb2ac7777281ca56c348140c9e90 av-styling- avia_animated_image av-animated-when-visible-95 left-to-right avia-align-right  avia-builder-el-2  avia-builder-el-no-sibling '   itemprop=\"image\" itemscope=\"itemscope\" itemtype=\"https:\/\/schema.org\/ImageObject\" ><div class=\"avia-image-container-inner\"><div class=\"avia-image-overlay-wrap\"><img decoding=\"async\" fetchpriority=\"high\" class='wp-image-2950 avia-img-lazy-loading-not-2950 avia_image ' src=\"https:\/\/contibelt.com\/wp-content\/uploads\/2015\/08\/Fotolia_54658185_1200_800_MDF-Platte-1024x683.jpg\" alt='' title='Fotolia_54658185_1200_800_MDF Platte'  height=\"683\" width=\"1024\"  itemprop=\"thumbnailUrl\" srcset=\"https:\/\/contibelt.com\/wp-content\/uploads\/2015\/08\/Fotolia_54658185_1200_800_MDF-Platte-1024x683.jpg 1024w, https:\/\/contibelt.com\/wp-content\/uploads\/2015\/08\/Fotolia_54658185_1200_800_MDF-Platte-300x200.jpg 300w, https:\/\/contibelt.com\/wp-content\/uploads\/2015\/08\/Fotolia_54658185_1200_800_MDF-Platte-500x333.jpg 500w, https:\/\/contibelt.com\/wp-content\/uploads\/2015\/08\/Fotolia_54658185_1200_800_MDF-Platte.jpg 1200w\" sizes=\"(max-width: 1024px) 100vw, 1024px\" \/><\/div><\/div><\/div><\/div><div  class='flex_column av-fpe53o-0b2087058e093139512ac141b00a611c av_one_half  avia-builder-el-3  el_after_av_one_half  el_before_av_hr  flex_column_div  '     ><section  class='av_textblock_section av-mgs4f4yq-1636dd277cc5e9112e03492b1d551236 '   itemscope=\"itemscope\" itemtype=\"https:\/\/schema.org\/CreativeWork\" ><div class='avia_textblock'  itemprop=\"text\" ><h1>Holzwerkstoffplatten<\/h1>\n<\/div><\/section><br \/>\n<div  class='hr av-dtdd8k-547df1e30d02209f29920bc86178fc5f hr-short  avia-builder-el-5  el_after_av_textblock  el_before_av_textblock  hr-left'><span class='hr-inner '><span class=\"hr-inner-style\"><\/span><\/span><\/div><br \/>\n<section  class='av_textblock_section av-mgs4fgss-8240f623c3fda07f070b3cde07f218da '   itemscope=\"itemscope\" itemtype=\"https:\/\/schema.org\/CreativeWork\" ><div class='avia_textblock'  itemprop=\"text\" ><p>MDF, OSB und Spanplatten werden in so genannten Doppelbandpressen hergestellt. Wie das Wort schon sagt handelt es sich dabei um eine Presse, die mittels zweier Stahlb\u00e4nder, Hitze und Druck Spanplatten verpresst. Die B\u00e4nder sind dabei extrem hohen Belastungen ausgesetzt und dienen als Druck- und Temperatur-Transfermedium, um aus Holzsp\u00e4nen und Klebstoff eine stabile, best\u00e4ndige Holzwerkstoffplatte zu pressen.<br \/>\nVorteile unserer Produkte sind dabei die gute W\u00e4rme\u00fcbertragung, gleichm\u00e4\u00dfige, pr\u00e4zise Oberfl\u00e4chen, Standfestigkeit und die M\u00f6glichkeit der einfachen Reinigung w\u00e4hrend und nach der Produktion. Hier finden Sie die genauen Angaben zu diesem Produkt: <strong><a href=\"http:\/\/www.contibelt.com\/wp-content\/uploads\/2016\/10\/Contibelt-folder-wood-industry-A4-international.pdf\" target=\"_blank\" rel=\"noopener\">Holzwerkstoffplatten<\/a><\/strong><\/p>\n<\/div><\/section><br \/>\n<div  class='hr av-cg8w44-9114ce3439a789728c60a6d8eefd95a9 hr-short  avia-builder-el-7  el_after_av_textblock  el_before_av_textblock  hr-left'><span class='hr-inner '><span class=\"hr-inner-style\"><\/span><\/span><\/div><br \/>\n<section  class='av_textblock_section av-mgs4h8m6-4a367ce3e78ac2950b460c494f608b57 '   itemscope=\"itemscope\" itemtype=\"https:\/\/schema.org\/CreativeWork\" ><div class='avia_textblock'  itemprop=\"text\" ><h3>Weiterf\u00fchrende Dokumente:<\/h3>\n<p><a href=\"\/wp-content\/uploads\/2015\/11\/Material-Data-Sheet-CB-630-SGM.pdf\" target=\"_blank\" rel=\"noopener\">Material Data Sheet: CB 630 SGM<\/a><\/p>\n<\/div><\/section><\/p><\/div><div  class='hr av-b1dtwk-9f8fd299bd250427eef7ba0a7de64d9a hr-full  avia-builder-el-9  el_after_av_one_half  el_before_av_textblock  hr-no-shadow'><span class='hr-inner '><span class=\"hr-inner-style\"><\/span><\/span><\/div>\n<section  class='av_textblock_section av-9skbhg-3eec5571a37f0a86efc8a7e05c1dd4f7 '   itemscope=\"itemscope\" itemtype=\"https:\/\/schema.org\/CreativeWork\" ><div class='avia_textblock'  itemprop=\"text\" ><h2 style=\"text-align: center;\">Das k\u00f6nnte Sie auch interessieren:<\/h2>\n<\/div><\/section>\n<div  class='avia-content-slider-element-container av-mgs4jbdb-f1d5dda65d03067048f2637b085635f3 avia-content-slider-element-slider avia-content-slider avia-smallarrow-slider avia-content-slider-active avia-content-slider-odd  avia-builder-el-11  el_after_av_textblock  avia-builder-el-last  av-slideshow-ui av-control-default av-nav-arrows-visible av-nav-dots-visible av-no-slider-navigation av-slideshow-manual av-loop-once av-loop-manual-endless avia-content-slider1' data-slideshow-options=\"{&quot;animation&quot;:&quot;slide&quot;,&quot;autoplay&quot;:false,&quot;loop_autoplay&quot;:&quot;once&quot;,&quot;interval&quot;:5,&quot;loop_manual&quot;:&quot;manual-endless&quot;,&quot;autoplay_stopper&quot;:false,&quot;noNavigation&quot;:false,&quot;bg_slider&quot;:false,&quot;keep_padding&quot;:&quot;&quot;,&quot;hoverpause&quot;:false,&quot;show_slide_delay&quot;:30}\"><div class='avia-smallarrow-slider-heading  no-content-slider-heading '><div class='new-special-heading'>&nbsp;<\/div><\/div><div class=\"avia-content-slider-inner\"><div class=\"slide-entry-wrap\"><section class='slide-entry av-64haxg-da1f9a49c1621b2ab177b2af70bcf437 flex_column av_one_third post-entry slide-entry-overview slide-loop-1 slide-parity-odd  first'  itemscope=\"itemscope\" itemtype=\"https:\/\/schema.org\/CreativeWork\" ><h3 class='slide-entry-title entry-title '  itemprop=\"headline\" ><a href='https:\/\/contibelt.com\/de\/pastillen\/'  title='Pastillen'>Pastillen<\/a><\/h3><div class='slide-entry-excerpt entry-content'  itemprop=\"text\" ><p><a href=\"https:\/\/contibelt.com\/de\/pastillen\/\"><img loading=\"lazy\" decoding=\"async\" class=\"alignleft wp-image-2964 size-medium\" src=\"https:\/\/contibelt.com\/wp-content\/uploads\/2015\/08\/bienenwachs-gelb_1200_800-300x200.jpg\" alt=\"\" width=\"300\" height=\"200\" srcset=\"https:\/\/contibelt.com\/wp-content\/uploads\/2015\/08\/bienenwachs-gelb_1200_800-300x200.jpg 300w, https:\/\/contibelt.com\/wp-content\/uploads\/2015\/08\/bienenwachs-gelb_1200_800-1024x683.jpg 1024w, https:\/\/contibelt.com\/wp-content\/uploads\/2015\/08\/bienenwachs-gelb_1200_800-500x333.jpg 500w, https:\/\/contibelt.com\/wp-content\/uploads\/2015\/08\/bienenwachs-gelb_1200_800.jpg 1200w\" sizes=\"auto, (max-width: 300px) 100vw, 300px\" \/><\/a><\/p>\n<\/div><\/section><section class='slide-entry av-3o5fmc-59dbfe39efa04493cda6d5b733108586 flex_column av_one_third post-entry slide-entry-overview slide-loop-2 slide-parity-even  '  itemscope=\"itemscope\" itemtype=\"https:\/\/schema.org\/CreativeWork\" ><h3 class='slide-entry-title entry-title '  itemprop=\"headline\" ><a href='https:\/\/contibelt.com\/de\/kakaomasse\/'  title='Kakaomasse'>Kakaomasse<\/a><\/h3><div class='slide-entry-excerpt entry-content'  itemprop=\"text\" ><p><a href=\"https:\/\/contibelt.com\/de\/kakaomasse\/\"><img loading=\"lazy\" decoding=\"async\" class=\"alignnone size-medium wp-image-3472\" src=\"https:\/\/contibelt.com\/wp-content\/uploads\/2015\/09\/Fotolia_56483574_L_Kakaomasse_1200_800_versuch-300x200.jpg\" alt=\"\" width=\"300\" height=\"200\" srcset=\"https:\/\/contibelt.com\/wp-content\/uploads\/2015\/09\/Fotolia_56483574_L_Kakaomasse_1200_800_versuch-300x200.jpg 300w, https:\/\/contibelt.com\/wp-content\/uploads\/2015\/09\/Fotolia_56483574_L_Kakaomasse_1200_800_versuch-1024x683.jpg 1024w, https:\/\/contibelt.com\/wp-content\/uploads\/2015\/09\/Fotolia_56483574_L_Kakaomasse_1200_800_versuch-500x333.jpg 500w, https:\/\/contibelt.com\/wp-content\/uploads\/2015\/09\/Fotolia_56483574_L_Kakaomasse_1200_800_versuch.jpg 1200w\" sizes=\"auto, (max-width: 300px) 100vw, 300px\" \/><\/a><\/p>\n<\/div><\/section><section class='slide-entry av-2qffx0-0e18a1bc913ac75a7e2f6c50f5529ff7 flex_column av_one_third post-entry slide-entry-overview slide-loop-3 slide-parity-odd  post-entry-last  '  itemscope=\"itemscope\" itemtype=\"https:\/\/schema.org\/CreativeWork\" ><h3 class='slide-entry-title entry-title '  itemprop=\"headline\" ><a href='https:\/\/contibelt.com\/de\/pulverlacke\/'  title='Pulverlack'>Pulverlack<\/a><\/h3><div class='slide-entry-excerpt entry-content'  itemprop=\"text\" ><p><a href=\"https:\/\/contibelt.com\/de\/pulverlacke\/\"><img loading=\"lazy\" decoding=\"async\" class=\"alignnone size-medium wp-image-3508\" src=\"https:\/\/contibelt.com\/wp-content\/uploads\/2015\/09\/farbpulver-1200_800_-versuch-300x200.jpg\" alt=\"\" width=\"300\" height=\"200\" srcset=\"https:\/\/contibelt.com\/wp-content\/uploads\/2015\/09\/farbpulver-1200_800_-versuch-300x200.jpg 300w, https:\/\/contibelt.com\/wp-content\/uploads\/2015\/09\/farbpulver-1200_800_-versuch-1024x683.jpg 1024w, https:\/\/contibelt.com\/wp-content\/uploads\/2015\/09\/farbpulver-1200_800_-versuch-500x333.jpg 500w, https:\/\/contibelt.com\/wp-content\/uploads\/2015\/09\/farbpulver-1200_800_-versuch.jpg 1200w\" sizes=\"auto, (max-width: 300px) 100vw, 300px\" \/><\/a><\/p>\n<\/div><\/section><\/div><\/div><\/div>\n\n","protected":false},"excerpt":{"rendered":"","protected":false},"author":2,"featured_media":2950,"parent":0,"menu_order":0,"comment_status":"open","ping_status":"open","template":"","meta":{"footnotes":""},"class_list":["post-298013","page","type-page","status-publish","has-post-thumbnail","hentry"],"_links":{"self":[{"href":"https:\/\/contibelt.com\/de\/wp-json\/wp\/v2\/pages\/298013","targetHints":{"allow":["GET"]}}],"collection":[{"href":"https:\/\/contibelt.com\/de\/wp-json\/wp\/v2\/pages"}],"about":[{"href":"https:\/\/contibelt.com\/de\/wp-json\/wp\/v2\/types\/page"}],"author":[{"embeddable":true,"href":"https:\/\/contibelt.com\/de\/wp-json\/wp\/v2\/users\/2"}],"replies":[{"embeddable":true,"href":"https:\/\/contibelt.com\/de\/wp-json\/wp\/v2\/comments?post=298013"}],"version-history":[{"count":18,"href":"https:\/\/contibelt.com\/de\/wp-json\/wp\/v2\/pages\/298013\/revisions"}],"predecessor-version":[{"id":298757,"href":"https:\/\/contibelt.com\/de\/wp-json\/wp\/v2\/pages\/298013\/revisions\/298757"}],"wp:featuredmedia":[{"embeddable":true,"href":"https:\/\/contibelt.com\/de\/wp-json\/wp\/v2\/media\/2950"}],"wp:attachment":[{"href":"https:\/\/contibelt.com\/de\/wp-json\/wp\/v2\/media?parent=298013"}],"curies":[{"name":"wp","href":"https:\/\/api.w.org\/{rel}","templated":true}]}}