{"id":297989,"date":"2025-10-16T13:21:33","date_gmt":"2025-10-16T11:21:33","guid":{"rendered":"https:\/\/contibelt.baldneu.at\/keilriemen-2\/"},"modified":"2025-10-16T14:19:12","modified_gmt":"2025-10-16T12:19:12","slug":"keilriemen","status":"publish","type":"page","link":"https:\/\/contibelt.com\/de\/keilriemen\/","title":{"rendered":"Keilriemen"},"content":{"rendered":"<div id='av_section_1'  class='avia-section av-g6830k-c51febb5e67c3b83a15a9a62378139a6 main_color avia-section-default avia-no-shadow  avia-builder-el-0  avia-builder-el-no-sibling  avia-bg-style-scroll container_wrap fullsize'  ><div class='container av-section-cont-open' ><main  role=\"main\" itemprop=\"mainContentOfPage\"  class='template-page content  av-content-full alpha units'><div class='post-entry post-entry-type-page post-entry-297989'><div class='entry-content-wrapper clearfix'>\n<div  class='flex_column av-e0n36c-7bd77e2bf3011b64b7ffb640f96267ab av_one_half  avia-builder-el-1  el_before_av_one_half  avia-builder-el-first  first flex_column_div  '     ><style type=\"text\/css\" data-created_by=\"avia_inline_auto\" id=\"style-css-av-mgs4brtw-5c4897d0ea04f371fd6e0773542796a2\">\n.avia-image-container.av-mgs4brtw-5c4897d0ea04f371fd6e0773542796a2 img.avia_image{\nbox-shadow:none;\n}\n.avia-image-container.av-mgs4brtw-5c4897d0ea04f371fd6e0773542796a2 .av-image-caption-overlay-center{\ncolor:#ffffff;\n}\n<\/style>\n<div  class='avia-image-container av-mgs4brtw-5c4897d0ea04f371fd6e0773542796a2 av-styling- avia_animated_image av-animated-when-visible-95 left-to-right avia-align-right  avia-builder-el-2  avia-builder-el-no-sibling '   itemprop=\"image\" itemscope=\"itemscope\" itemtype=\"https:\/\/schema.org\/ImageObject\" ><div class=\"avia-image-container-inner\"><div class=\"avia-image-overlay-wrap\"><img decoding=\"async\" fetchpriority=\"high\" class='wp-image-2773 avia-img-lazy-loading-not-2773 avia_image ' src=\"https:\/\/contibelt.com\/wp-content\/uploads\/2015\/07\/9_Keilriemen.jpg\" alt='' title='9_Keilriemen'  height=\"800\" width=\"1200\"  itemprop=\"thumbnailUrl\"  \/><\/div><\/div><\/div><\/div><div  class='flex_column av-cv08uc-25f364b55d7e9cad83041c442172f752 av_one_half  avia-builder-el-3  el_after_av_one_half  el_before_av_hr  flex_column_div  '     ><section  class='av_textblock_section av-mgs4ae85-0a2f3bb4cfee3a2b12b372e000eb94d0 '   itemscope=\"itemscope\" itemtype=\"https:\/\/schema.org\/CreativeWork\" ><div class='avia_textblock'  itemprop=\"text\" ><h1>Keilriemen<\/h1>\n<\/div><\/section><br \/>\n<div  class='hr av-asykc4-ecb07c9f9f60a2777c56dd692e90e2d2 hr-short  avia-builder-el-5  el_after_av_textblock  el_before_av_textblock  hr-left'><span class='hr-inner '><span class=\"hr-inner-style\"><\/span><\/span><\/div><br \/>\n<section  class='av_textblock_section av-mgs4almd-437ba137aeeafc286f23f6b5b2013403 '   itemscope=\"itemscope\" itemtype=\"https:\/\/schema.org\/CreativeWork\" ><div class='avia_textblock'  itemprop=\"text\" ><p>Pr\u00e4zise und kontinuierliche Vulkanisationsprozesse sind ein integraler Bestandteil in der Fertigung von Gummi-Breitwaren und Gummi-F\u00f6rdeb\u00e4ndern. In Rotations-Vulkanisierpressen werden diese Produkte auf B\u00e4ndern aus hochfesten Edelst\u00e4hlen produziert. Hitzebest\u00e4ndigkeit, pr\u00e4zise Oberfl\u00e4che und Temperatur\u00fcbertragung sind Hauptmerkmale dieser Edelstahlb\u00e4nder um gleichzeitig hohen Druck sowie Temperatur zu \u00fcbertragen und glatte Gummioberfl\u00e4chen zu schaffen. Hier finden Sie die genauen Angaben zu diesem Produkt: <a href=\"http:\/\/www.contibelt.com\/wp-content\/uploads\/2015\/11\/application-rotocure.pdf\" target=\"_blank\" rel=\"noopener\"><strong>Keilriemen<\/strong><\/a><\/p>\n<\/div><\/section><br \/>\n<div  class='hr av-8w0zx0-0e8ae84b47ab6ae2df0d7db6eac3ed2b hr-short  avia-builder-el-7  el_after_av_textblock  el_before_av_textblock  hr-left'><span class='hr-inner '><span class=\"hr-inner-style\"><\/span><\/span><\/div><br \/>\n<section  class='av_textblock_section av-mgs4b7d2-7b12d2d4cdbbe8fdc5c2f798f21fbd6d '   itemscope=\"itemscope\" itemtype=\"https:\/\/schema.org\/CreativeWork\" ><div class='avia_textblock'  itemprop=\"text\" ><h3>Weiterf\u00fchrende Dokumente:<\/h3>\n<p><a href=\"\/wp-content\/uploads\/2015\/11\/Material-Data-Sheet-CB-630-SGM.pdf\" target=\"_blank\" rel=\"noopener\">Material Data Sheet: CB 630 SGM<\/a><\/p>\n<\/div><\/section><\/p><\/div><div  class='hr av-77751g-b7e777389dc507845fe947f23f241da1 hr-full  avia-builder-el-9  el_after_av_one_half  el_before_av_textblock  hr-no-shadow'><span class='hr-inner '><span class=\"hr-inner-style\"><\/span><\/span><\/div>\n<section  class='av_textblock_section av-5dkbb8-c49608e566bd744e90ff45bba163ab04 '   itemscope=\"itemscope\" itemtype=\"https:\/\/schema.org\/CreativeWork\" ><div class='avia_textblock'  itemprop=\"text\" ><h2 style=\"text-align: center;\">Das k\u00f6nnte Sie auch interessieren:<\/h2>\n<\/div><\/section>\n<div  class='avia-content-slider-element-container av-mgs4drwx-a16b5e74624b6215422929c93f33d5d3 avia-content-slider-element-slider avia-content-slider avia-smallarrow-slider avia-content-slider-active avia-content-slider-odd  avia-builder-el-11  el_after_av_textblock  avia-builder-el-last  av-slideshow-ui av-control-default av-nav-arrows-visible av-nav-dots-visible av-no-slider-navigation av-slideshow-manual av-loop-once av-loop-manual-endless avia-content-slider1' data-slideshow-options=\"{&quot;animation&quot;:&quot;slide&quot;,&quot;autoplay&quot;:false,&quot;loop_autoplay&quot;:&quot;once&quot;,&quot;interval&quot;:5,&quot;loop_manual&quot;:&quot;manual-endless&quot;,&quot;autoplay_stopper&quot;:false,&quot;noNavigation&quot;:false,&quot;bg_slider&quot;:false,&quot;keep_padding&quot;:&quot;&quot;,&quot;hoverpause&quot;:false,&quot;show_slide_delay&quot;:30}\"><div class='avia-smallarrow-slider-heading  no-content-slider-heading '><div class='new-special-heading'>&nbsp;<\/div><\/div><div class=\"avia-content-slider-inner\"><div class=\"slide-entry-wrap\"><section class='slide-entry av-dbrck-56b8c5a81398f1b4cb73cc9890ad823e flex_column av_one_third post-entry slide-entry-overview slide-loop-1 slide-parity-odd  first'  itemscope=\"itemscope\" itemtype=\"https:\/\/schema.org\/CreativeWork\" ><h3 class='slide-entry-title entry-title '  itemprop=\"headline\" ><a href='https:\/\/contibelt.com\/de\/gummidichtungen\/'  title='Gummidichtungen'>Gummidichtungen<\/a><\/h3><div class='slide-entry-excerpt entry-content'  itemprop=\"text\" ><p><a href=\"https:\/\/contibelt.com\/de\/gummidichtungen\/\"><img loading=\"lazy\" decoding=\"async\" class=\"size-medium wp-image-3516\" src=\"https:\/\/contibelt.com\/wp-content\/uploads\/2015\/09\/iStock_000031959226XLarge_-Dichtungen_800_versuch-300x146.jpg\" alt=\"\" width=\"300\" height=\"146\" srcset=\"https:\/\/contibelt.com\/wp-content\/uploads\/2015\/09\/iStock_000031959226XLarge_-Dichtungen_800_versuch-300x146.jpg 300w, https:\/\/contibelt.com\/wp-content\/uploads\/2015\/09\/iStock_000031959226XLarge_-Dichtungen_800_versuch-1024x500.jpg 1024w, https:\/\/contibelt.com\/wp-content\/uploads\/2015\/09\/iStock_000031959226XLarge_-Dichtungen_800_versuch.jpg 1650w\" sizes=\"auto, (max-width: 300px) 100vw, 300px\" \/><\/a><\/p>\n<\/div><\/section><section class='slide-entry av-3b0784-3c3f8784c1e8c4f99fc0fddd21118e99 flex_column av_one_third post-entry slide-entry-overview slide-loop-2 slide-parity-even  '  itemscope=\"itemscope\" itemtype=\"https:\/\/schema.org\/CreativeWork\" ><h3 class='slide-entry-title entry-title '  itemprop=\"headline\" ><a href='https:\/\/contibelt.com\/de\/membranen\/'  title='Membranen'>Membranen<\/a><\/h3><div class='slide-entry-excerpt entry-content'  itemprop=\"text\" ><p><a href=\"https:\/\/contibelt.com\/de\/membranen\/\"><img loading=\"lazy\" decoding=\"async\" class=\"alignnone size-medium wp-image-3476\" src=\"https:\/\/contibelt.com\/wp-content\/uploads\/2015\/09\/nasenspray-versuch-drei-ganz-wei%C3%9F-_1200_800_versuch-300x200.jpg\" alt=\"\" width=\"300\" height=\"200\"\/><\/a><\/p>\n<\/div><\/section><section class='slide-entry av-mgs4dqca-5e3cc315ac9887a6586f011f08539a4d flex_column av_one_third post-entry slide-entry-overview slide-loop-3 slide-parity-odd  post-entry-last  '  itemscope=\"itemscope\" itemtype=\"https:\/\/schema.org\/CreativeWork\" ><h3 class='slide-entry-title entry-title '  itemprop=\"headline\" ><a href='https:\/\/contibelt.com\/de\/bodenbelaege\/'  title='Bodenbel\u00e4ge'>Bodenbel\u00e4ge<\/a><\/h3><div class='slide-entry-excerpt entry-content'  itemprop=\"text\" ><p><a href=\"https:\/\/contibelt.com\/de\/bodenbelaege\/\"><img loading=\"lazy\" decoding=\"async\" class=\"size-medium wp-image-3520\" src=\"https:\/\/contibelt.com\/wp-content\/uploads\/2015\/09\/iStock_000028530502_1200_800_Gummibelag_versuch-300x200.jpg\" alt=\"\" width=\"300\" height=\"200\" srcset=\"https:\/\/contibelt.com\/wp-content\/uploads\/2015\/09\/iStock_000028530502_1200_800_Gummibelag_versuch-300x200.jpg 300w, https:\/\/contibelt.com\/wp-content\/uploads\/2015\/09\/iStock_000028530502_1200_800_Gummibelag_versuch-1024x683.jpg 1024w, https:\/\/contibelt.com\/wp-content\/uploads\/2015\/09\/iStock_000028530502_1200_800_Gummibelag_versuch-500x333.jpg 500w, https:\/\/contibelt.com\/wp-content\/uploads\/2015\/09\/iStock_000028530502_1200_800_Gummibelag_versuch.jpg 1200w\" sizes=\"auto, (max-width: 300px) 100vw, 300px\" \/><\/a><\/p>\n<\/div><\/section><\/div><\/div><\/div>\n\n","protected":false},"excerpt":{"rendered":"","protected":false},"author":2,"featured_media":3534,"parent":0,"menu_order":0,"comment_status":"open","ping_status":"open","template":"","meta":{"footnotes":""},"class_list":["post-297989","page","type-page","status-publish","has-post-thumbnail","hentry"],"_links":{"self":[{"href":"https:\/\/contibelt.com\/de\/wp-json\/wp\/v2\/pages\/297989","targetHints":{"allow":["GET"]}}],"collection":[{"href":"https:\/\/contibelt.com\/de\/wp-json\/wp\/v2\/pages"}],"about":[{"href":"https:\/\/contibelt.com\/de\/wp-json\/wp\/v2\/types\/page"}],"author":[{"embeddable":true,"href":"https:\/\/contibelt.com\/de\/wp-json\/wp\/v2\/users\/2"}],"replies":[{"embeddable":true,"href":"https:\/\/contibelt.com\/de\/wp-json\/wp\/v2\/comments?post=297989"}],"version-history":[{"count":13,"href":"https:\/\/contibelt.com\/de\/wp-json\/wp\/v2\/pages\/297989\/revisions"}],"predecessor-version":[{"id":298587,"href":"https:\/\/contibelt.com\/de\/wp-json\/wp\/v2\/pages\/297989\/revisions\/298587"}],"wp:featuredmedia":[{"embeddable":true,"href":"https:\/\/contibelt.com\/de\/wp-json\/wp\/v2\/media\/3534"}],"wp:attachment":[{"href":"https:\/\/contibelt.com\/de\/wp-json\/wp\/v2\/media?parent=297989"}],"curies":[{"name":"wp","href":"https:\/\/api.w.org\/{rel}","templated":true}]}}