{"id":297960,"date":"2025-10-16T13:20:15","date_gmt":"2025-10-16T11:20:15","guid":{"rendered":"https:\/\/contibelt.baldneu.at\/tabakproduktion\/"},"modified":"2025-10-16T14:09:40","modified_gmt":"2025-10-16T12:09:40","slug":"tabakverarbeitung","status":"publish","type":"page","link":"https:\/\/contibelt.com\/de\/tabakverarbeitung\/","title":{"rendered":"Tabakverarbeitung"},"content":{"rendered":"<div id='av_section_1'  class='avia-section av-h15rmk-5746ab72305088a4e1d15bb3f81ba92b main_color avia-section-default avia-no-shadow  avia-builder-el-0  avia-builder-el-no-sibling  avia-bg-style-scroll container_wrap fullsize'  ><div class='container av-section-cont-open' ><main  role=\"main\" itemprop=\"mainContentOfPage\"  class='template-page content  av-content-full alpha units'><div class='post-entry post-entry-type-page post-entry-297960'><div class='entry-content-wrapper clearfix'>\n<div  class='flex_column av-fkswos-2a825a7880b42d41acb6352e20b17add av_one_half  avia-builder-el-1  el_before_av_one_half  avia-builder-el-first  first flex_column_div  '     ><style type=\"text\/css\" data-created_by=\"avia_inline_auto\" id=\"style-css-av-mgs47kja-a6fafac8d7f0fd0468df1358250b6902\">\n.avia-image-container.av-mgs47kja-a6fafac8d7f0fd0468df1358250b6902 img.avia_image{\nbox-shadow:none;\n}\n.avia-image-container.av-mgs47kja-a6fafac8d7f0fd0468df1358250b6902 .av-image-caption-overlay-center{\ncolor:#ffffff;\n}\n<\/style>\n<div  class='avia-image-container av-mgs47kja-a6fafac8d7f0fd0468df1358250b6902 av-styling- avia_animated_image av-animated-when-visible-95 left-to-right avia-align-right  avia-builder-el-2  avia-builder-el-no-sibling '   itemprop=\"image\" itemscope=\"itemscope\" itemtype=\"https:\/\/schema.org\/ImageObject\" ><div class=\"avia-image-container-inner\"><div class=\"avia-image-overlay-wrap\"><img decoding=\"async\" fetchpriority=\"high\" class='wp-image-2782 avia-img-lazy-loading-not-2782 avia_image ' src=\"https:\/\/contibelt.com\/wp-content\/uploads\/2015\/07\/13_Tabak.jpg\" alt='' title='Tabak'  height=\"800\" width=\"1200\"  itemprop=\"thumbnailUrl\"  \/><\/div><\/div><\/div><\/div><div  class='flex_column av-eh0q1o-57117f4dc68e5e37b66948e39679cdd8 av_one_half  avia-builder-el-3  el_after_av_one_half  el_before_av_hr  flex_column_div  '     ><section  class='av_textblock_section av-mgs467ii-09e76488c3c8fdee0abb1c73f82191a6 '   itemscope=\"itemscope\" itemtype=\"https:\/\/schema.org\/CreativeWork\" ><div class='avia_textblock'  itemprop=\"text\" ><h1>Tabakproduktion<\/h1>\n<\/div><\/section><br \/>\n<div  class='hr av-brmmws-a698d4ff793485b5e9bee2979da7e5ba hr-short  avia-builder-el-5  el_after_av_textblock  el_before_av_textblock  hr-left'><span class='hr-inner '><span class=\"hr-inner-style\"><\/span><\/span><\/div><br \/>\n<section  class='av_textblock_section av-mgs46gos-98b8bbb8c75c4161664ac4986f4ca68f '   itemscope=\"itemscope\" itemtype=\"https:\/\/schema.org\/CreativeWork\" ><div class='avia_textblock'  itemprop=\"text\" ><p>Bei der Verarbeitung von Tabak f\u00e4llt wertvoller Tabakbruch an. Dieser wird wiederverwendet, indem er verfl\u00fcssigt auf Edelstahlb\u00e4nder gegossen wird, um dann geschnitten und weiterverarbeitet zu werden. Dieses Verfahren, das sogenannte \u201eFilmgie\u00dfen\u201c, birgt spezielle Anforderungen an das verwendete Edelstahlband. Eine besonders gleichm\u00e4\u00dfige, ebene Oberfl\u00e4che, kontrollierter W\u00e4rmedurchgang sowie die M\u00f6glichkeit der einfachen Reinigung sind nur einige der Vorz\u00fcge unserer Prozessb\u00e4nder f\u00fcr diese Anwendung. Hier finden Sie die genauen Angaben zu diesem Produkt: <a href=\"http:\/\/www.contibelt.com\/wp-content\/uploads\/2015\/11\/application-chemicals.pdf\" target=\"_blank\" rel=\"noopener\"><br \/>\n  <strong>Tabakverarbeitung<\/strong><br \/>\n<\/a><\/p>\n<\/div><\/section><br \/>\n<div  class='hr av-a3kuu4-f74a4f86e5d2494020bf877200c75232 hr-short  avia-builder-el-7  el_after_av_textblock  el_before_av_textblock  hr-left'><span class='hr-inner '><span class=\"hr-inner-style\"><\/span><\/span><\/div><br \/>\n<section  class='av_textblock_section av-mgs475al-d014274c7ab84b241c1b86c678300855 '   itemscope=\"itemscope\" itemtype=\"https:\/\/schema.org\/CreativeWork\" ><div class='avia_textblock'  itemprop=\"text\" ><h3>Weiterf\u00fchrende Dokumente:<\/h3>\n<p><a href=\"\/wp-content\/uploads\/2015\/11\/Material-Data-Sheet-CB-301-SGA.pdf\" target=\"_blank\" rel=\"noopener\">Werkstoff CB 301 SGA<\/a><\/p>\n<p><a href=\"\/wp-content\/uploads\/2015\/11\/Material-Data-Sheet-CB-316-SGA.pdf\" target=\"_blank\" rel=\"noopener\">Werkstoff CB 316 SGA<\/a><\/p>\n<p><a href=\"\/wp-content\/uploads\/2015\/11\/Material-Data-Sheet-CB-630-SGM.pdf\" target=\"_blank\" rel=\"noopener\">Material Data Sheet: CB 630 SGM<\/a><\/p>\n<\/div><\/section><\/p><\/div><div  class='hr av-8lbu70-7bc4f512d5599acc24be118a97e38a1f hr-full  avia-builder-el-9  el_after_av_one_half  el_before_av_textblock  hr-no-shadow'><span class='hr-inner '><span class=\"hr-inner-style\"><\/span><\/span><\/div>\n<section  class='av_textblock_section av-7vm4ks-7125021688fa3d6f9c49e17f78da7954 '   itemscope=\"itemscope\" itemtype=\"https:\/\/schema.org\/CreativeWork\" ><div class='avia_textblock'  itemprop=\"text\" ><h2 style=\"text-align: center;\">Das k\u00f6nnte Sie auch interessieren:<\/h2>\n<\/div><\/section>\n<div  class='avia-content-slider-element-container av-mgs48mxr-fd4abb5df25eb46851d6537fb194a2a1 avia-content-slider-element-slider avia-content-slider avia-smallarrow-slider avia-content-slider-active avia-content-slider-odd  avia-builder-el-11  el_after_av_textblock  avia-builder-el-last  av-slideshow-ui av-control-default av-nav-arrows-visible av-nav-dots-visible av-no-slider-navigation av-slideshow-manual av-loop-once av-loop-manual-endless avia-content-slider1' data-slideshow-options=\"{&quot;animation&quot;:&quot;slide&quot;,&quot;autoplay&quot;:false,&quot;loop_autoplay&quot;:&quot;once&quot;,&quot;interval&quot;:5,&quot;loop_manual&quot;:&quot;manual-endless&quot;,&quot;autoplay_stopper&quot;:false,&quot;noNavigation&quot;:false,&quot;bg_slider&quot;:false,&quot;keep_padding&quot;:&quot;&quot;,&quot;hoverpause&quot;:false,&quot;show_slide_delay&quot;:30}\"><div class='avia-smallarrow-slider-heading  no-content-slider-heading '><div class='new-special-heading'>&nbsp;<\/div><\/div><div class=\"avia-content-slider-inner\"><div class=\"slide-entry-wrap\"><section class='slide-entry av-56vtx8-00b46579d06b7e2144a4e34043514c47 flex_column av_one_third post-entry slide-entry-overview slide-loop-1 slide-parity-odd  first'  itemscope=\"itemscope\" itemtype=\"https:\/\/schema.org\/CreativeWork\" ><h3 class='slide-entry-title entry-title '  itemprop=\"headline\" ><a href='https:\/\/contibelt.com\/pastilles\/'  title='Pastillen'>Pastillen<\/a><\/h3><div class='slide-entry-excerpt entry-content'  itemprop=\"text\" ><p><a href=\"https:\/\/contibelt.com\/de\/pastillen\/\"><img loading=\"lazy\" decoding=\"async\" class=\"alignleft wp-image-2964 size-medium\" src=\"https:\/\/contibelt.com\/wp-content\/uploads\/2015\/08\/bienenwachs-gelb_1200_800-300x200.jpg\" alt=\"\" width=\"300\" height=\"200\" srcset=\"https:\/\/contibelt.com\/wp-content\/uploads\/2015\/08\/bienenwachs-gelb_1200_800-300x200.jpg 300w, https:\/\/contibelt.com\/wp-content\/uploads\/2015\/08\/bienenwachs-gelb_1200_800-1024x683.jpg 1024w, https:\/\/contibelt.com\/wp-content\/uploads\/2015\/08\/bienenwachs-gelb_1200_800-500x333.jpg 500w, https:\/\/contibelt.com\/wp-content\/uploads\/2015\/08\/bienenwachs-gelb_1200_800.jpg 1200w\" sizes=\"auto, (max-width: 300px) 100vw, 300px\" \/><\/a><\/p>\n<\/div><\/section><section class='slide-entry av-4mudp8-162a15a73c712a2ff6105916df81d186 flex_column av_one_third post-entry slide-entry-overview slide-loop-2 slide-parity-even  '  itemscope=\"itemscope\" itemtype=\"https:\/\/schema.org\/CreativeWork\" ><h3 class='slide-entry-title entry-title '  itemprop=\"headline\" ><a href='https:\/\/contibelt.com\/ediblefilm\/'  title='Essbare Folien'>Essbare Folien<\/a><\/h3><div class='slide-entry-excerpt entry-content'  itemprop=\"text\" ><p><a href=\"https:\/\/contibelt.com\/de\/essbarefolien\/\"><img loading=\"lazy\" decoding=\"async\" class=\"alignnone size-medium wp-image-3480\" src=\"https:\/\/contibelt.com\/wp-content\/uploads\/2015\/09\/DSC_0350_oraldissolvingfilm_1200_800_nachbearbeitet_versuch-300x200.jpg\" alt=\"\" width=\"300\" height=\"200\" srcset=\"https:\/\/contibelt.com\/wp-content\/uploads\/2015\/09\/DSC_0350_oraldissolvingfilm_1200_800_nachbearbeitet_versuch-300x200.jpg 300w, https:\/\/contibelt.com\/wp-content\/uploads\/2015\/09\/DSC_0350_oraldissolvingfilm_1200_800_nachbearbeitet_versuch-1024x683.jpg 1024w, https:\/\/contibelt.com\/wp-content\/uploads\/2015\/09\/DSC_0350_oraldissolvingfilm_1200_800_nachbearbeitet_versuch-500x333.jpg 500w, https:\/\/contibelt.com\/wp-content\/uploads\/2015\/09\/DSC_0350_oraldissolvingfilm_1200_800_nachbearbeitet_versuch.jpg 1200w\" sizes=\"auto, (max-width: 300px) 100vw, 300px\" \/><\/a><\/p>\n<\/div><\/section><section class='slide-entry av-2n9fn0-6c9b18018651f1d6b828a66ea3e5f338 flex_column av_one_third post-entry slide-entry-overview slide-loop-3 slide-parity-odd  post-entry-last  '  itemscope=\"itemscope\" itemtype=\"https:\/\/schema.org\/CreativeWork\" ><h3 class='slide-entry-title entry-title '  itemprop=\"headline\" ><a href='https:\/\/contibelt.com\/powderpaint\/'  title='Pulverlack'>Pulverlack<\/a><\/h3><div class='slide-entry-excerpt entry-content'  itemprop=\"text\" ><p><a href=\"https:\/\/contibelt.com\/de\/pulverlacke\/\"><img loading=\"lazy\" decoding=\"async\" class=\"alignnone size-medium wp-image-3508\" src=\"https:\/\/contibelt.com\/wp-content\/uploads\/2015\/09\/farbpulver-1200_800_-versuch-300x200.jpg\" alt=\"\" width=\"300\" height=\"200\" srcset=\"https:\/\/contibelt.com\/wp-content\/uploads\/2015\/09\/farbpulver-1200_800_-versuch-300x200.jpg 300w, https:\/\/contibelt.com\/wp-content\/uploads\/2015\/09\/farbpulver-1200_800_-versuch-1024x683.jpg 1024w, https:\/\/contibelt.com\/wp-content\/uploads\/2015\/09\/farbpulver-1200_800_-versuch-500x333.jpg 500w, https:\/\/contibelt.com\/wp-content\/uploads\/2015\/09\/farbpulver-1200_800_-versuch.jpg 1200w\" sizes=\"auto, (max-width: 300px) 100vw, 300px\" \/><\/a><\/p>\n<\/div><\/section><\/div><\/div><\/div>\n\n","protected":false},"excerpt":{"rendered":"","protected":false},"author":2,"featured_media":3510,"parent":0,"menu_order":0,"comment_status":"open","ping_status":"open","template":"","meta":{"footnotes":""},"class_list":["post-297960","page","type-page","status-publish","has-post-thumbnail","hentry"],"_links":{"self":[{"href":"https:\/\/contibelt.com\/de\/wp-json\/wp\/v2\/pages\/297960","targetHints":{"allow":["GET"]}}],"collection":[{"href":"https:\/\/contibelt.com\/de\/wp-json\/wp\/v2\/pages"}],"about":[{"href":"https:\/\/contibelt.com\/de\/wp-json\/wp\/v2\/types\/page"}],"author":[{"embeddable":true,"href":"https:\/\/contibelt.com\/de\/wp-json\/wp\/v2\/users\/2"}],"replies":[{"embeddable":true,"href":"https:\/\/contibelt.com\/de\/wp-json\/wp\/v2\/comments?post=297960"}],"version-history":[{"count":18,"href":"https:\/\/contibelt.com\/de\/wp-json\/wp\/v2\/pages\/297960\/revisions"}],"predecessor-version":[{"id":298475,"href":"https:\/\/contibelt.com\/de\/wp-json\/wp\/v2\/pages\/297960\/revisions\/298475"}],"wp:featuredmedia":[{"embeddable":true,"href":"https:\/\/contibelt.com\/de\/wp-json\/wp\/v2\/media\/3510"}],"wp:attachment":[{"href":"https:\/\/contibelt.com\/de\/wp-json\/wp\/v2\/media?parent=297960"}],"curies":[{"name":"wp","href":"https:\/\/api.w.org\/{rel}","templated":true}]}}