{"id":297938,"date":"2025-10-16T13:18:19","date_gmt":"2025-10-16T11:18:19","guid":{"rendered":"https:\/\/contibelt.baldneu.at\/reifenpruefung\/"},"modified":"2025-10-16T14:18:55","modified_gmt":"2025-10-16T12:18:55","slug":"reifentest","status":"publish","type":"page","link":"https:\/\/contibelt.com\/de\/reifentest\/","title":{"rendered":"Tire Testing"},"content":{"rendered":"<div id='av_section_1'  class='avia-section av-g5i5ds-1c8b1e33e458944d6bedeafbaf74b402 main_color avia-section-default avia-no-shadow  avia-builder-el-0  avia-builder-el-no-sibling  avia-bg-style-scroll container_wrap fullsize'  ><div class='container av-section-cont-open' ><main  role=\"main\" itemprop=\"mainContentOfPage\"  class='template-page content  av-content-full alpha units'><div class='post-entry post-entry-type-page post-entry-297938'><div class='entry-content-wrapper clearfix'>\n<div  class='flex_column av-e990lc-e40250af3f2a05919bf4666ef16a1574 av_one_half  avia-builder-el-1  el_before_av_one_half  avia-builder-el-first  first flex_column_div  '     ><style type=\"text\/css\" data-created_by=\"avia_inline_auto\" id=\"style-css-av-mgs42pv2-a82a871441d63aca19072d44b0477b65\">\n.avia-image-container.av-mgs42pv2-a82a871441d63aca19072d44b0477b65 img.avia_image{\nbox-shadow:none;\n}\n.avia-image-container.av-mgs42pv2-a82a871441d63aca19072d44b0477b65 .av-image-caption-overlay-center{\ncolor:#ffffff;\n}\n<\/style>\n<div  class='avia-image-container av-mgs42pv2-a82a871441d63aca19072d44b0477b65 av-styling- avia_animated_image av-animated-when-visible-95 left-to-right avia-align-right  avia-builder-el-2  avia-builder-el-no-sibling '   itemprop=\"image\" itemscope=\"itemscope\" itemtype=\"https:\/\/schema.org\/ImageObject\" ><div class=\"avia-image-container-inner\"><div class=\"avia-image-overlay-wrap\"><img decoding=\"async\" fetchpriority=\"high\" class='wp-image- avia-img-lazy-loading-not- avia_image ' src=\"https:\/\/contibelt.com\/wp-content\/uploads\/2015\/09\/iStock_000018109922XXXLarge_Reifentest_1200_800_versuch2-1024x683.jpg\" alt='' title=''   itemprop=\"thumbnailUrl\"  \/><\/div><\/div><\/div><\/div><div  class='flex_column av-c4ktb4-c09bf3704f37773d42c212a997a681d3 av_one_half  avia-builder-el-3  el_after_av_one_half  el_before_av_hr  flex_column_div  '     ><section  class='av_textblock_section av-mgs41lpo-2f507adfe89d86f662a08b80935e4033 '   itemscope=\"itemscope\" itemtype=\"https:\/\/schema.org\/CreativeWork\" ><div class='avia_textblock'  itemprop=\"text\" ><h1>Tire Testing<\/h1>\n<\/div><\/section><br \/>\n<div  class='hr av-bh1c1s-f9d5a6bae5592473a835af8581a6dee5 hr-short  avia-builder-el-5  el_after_av_textblock  el_before_av_textblock  hr-left'><span class='hr-inner '><span class=\"hr-inner-style\"><\/span><\/span><\/div><br \/>\n<section  class='av_textblock_section av-mgs41u3i-77e79391bc0a030119facfcce844dcf0 '   itemscope=\"itemscope\" itemtype=\"https:\/\/schema.org\/CreativeWork\" ><div class='avia_textblock'  itemprop=\"text\" ><p>Geschwindigkeit und Reibung zwischen Stra\u00dfenbelag und Reifen \u2013 bei Reifentests ist es wichtig, die Gegebenheiten der Stra\u00dfe so gut wie m\u00f6glich zu simulieren. Reifentestanlagen bestehen meist aus kurzen, extrem stabilen Prozessb\u00e4ndern aus geh\u00e4rteten Edelst\u00e4hlen, die sich mit H\u00f6chstgeschwindigkeiten drehen m\u00fcssen. Auf diese wird der Reifen aufgesetzt und getestet. B\u00e4nder in Reifentestanlagen m\u00fcssen extremen Kr\u00e4ften und Geschwindigkeiten bis zu 300 km\/h standhalten. Hier finden Sie die genauen Angaben zu diesem Produkt: <strong><a href=\"http:\/\/www.contibelt.com\/wp-content\/uploads\/2015\/11\/application-tire-testing.pdf\" target=\"_blank\" rel=\"noopener\">Tire Testing<\/a><\/strong><\/p>\n<\/div><\/section><br \/>\n<div  class='hr av-96ksrk-000d198825504e792af00cc84964d3f7 hr-short  avia-builder-el-7  el_after_av_textblock  el_before_av_textblock  hr-left'><span class='hr-inner '><span class=\"hr-inner-style\"><\/span><\/span><\/div><br \/>\n<section  class='av_textblock_section av-mgs42f9n-948066ef9ed6e06e7bc87422672f2c6e '   itemscope=\"itemscope\" itemtype=\"https:\/\/schema.org\/CreativeWork\" ><div class='avia_textblock'  itemprop=\"text\" ><h3>Weiterf\u00fchrende Dokumente:<\/h3>\n<p><a href=\"\/wp-content\/uploads\/2015\/11\/Material-Data-Sheet-CB-630-SGM.pdf\" target=\"_blank\" rel=\"noopener\">Material Data Sheet: CB 630 SGM<\/a><\/p>\n<\/div><\/section><\/p><\/div><div  class='hr av-6xg25s-d677621d9e73c14e505cbc535901ca70 hr-full  avia-builder-el-9  el_after_av_one_half  el_before_av_textblock  hr-no-shadow'><span class='hr-inner '><span class=\"hr-inner-style\"><\/span><\/span><\/div>\n<section  class='av_textblock_section av-5i5cog-c02464d645875854cded5391e52e463b '   itemscope=\"itemscope\" itemtype=\"https:\/\/schema.org\/CreativeWork\" ><div class='avia_textblock'  itemprop=\"text\" ><h2 style=\"text-align: center;\">Das k\u00f6nnte Sie auch interessieren:<\/h2>\n<\/div><\/section>\n<div  class='avia-content-slider-element-container av-mgs44sx9-e46993effeb82cfa7343a927b143c35f avia-content-slider-element-slider avia-content-slider avia-smallarrow-slider avia-content-slider-active avia-content-slider-odd  avia-builder-el-11  el_after_av_textblock  avia-builder-el-last  av-slideshow-ui av-control-default av-nav-arrows-visible av-nav-dots-visible av-no-slider-navigation av-slideshow-manual av-loop-once av-loop-manual-endless avia-content-slider1' data-slideshow-options=\"{&quot;animation&quot;:&quot;slide&quot;,&quot;autoplay&quot;:false,&quot;loop_autoplay&quot;:&quot;once&quot;,&quot;interval&quot;:5,&quot;loop_manual&quot;:&quot;manual-endless&quot;,&quot;autoplay_stopper&quot;:false,&quot;noNavigation&quot;:false,&quot;bg_slider&quot;:false,&quot;keep_padding&quot;:&quot;&quot;,&quot;hoverpause&quot;:false,&quot;show_slide_delay&quot;:30}\"><div class='avia-smallarrow-slider-heading  no-content-slider-heading '><div class='new-special-heading'>&nbsp;<\/div><\/div><div class=\"avia-content-slider-inner\"><div class=\"slide-entry-wrap\"><section class='slide-entry av-3ooyfk-6a15af21fa9dccf979d6ade335da5786 flex_column av_one_third post-entry slide-entry-overview slide-loop-1 slide-parity-odd  first'  itemscope=\"itemscope\" itemtype=\"https:\/\/schema.org\/CreativeWork\" ><h3 class='slide-entry-title entry-title '  itemprop=\"headline\" ><a href='https:\/\/contibelt.com\/de\/keilriemen\/'  title='Keilriemen'>Keilriemen<\/a><\/h3><div class='slide-entry-excerpt entry-content'  itemprop=\"text\" ><p><a href=\"https:\/\/contibelt.com\/de\/keilriemen\/\"><img loading=\"lazy\" decoding=\"async\" class=\"size-medium wp-image-3536\" src=\"https:\/\/contibelt.com\/wp-content\/uploads\/2015\/09\/Fotolia_57793458_L_Keilriemen_1200_800_versuch3-300x200.jpg\" alt=\"\" width=\"300\" height=\"200\" srcset=\"https:\/\/contibelt.com\/wp-content\/uploads\/2015\/09\/Fotolia_57793458_L_Keilriemen_1200_800_versuch3-300x200.jpg 300w, https:\/\/contibelt.com\/wp-content\/uploads\/2015\/09\/Fotolia_57793458_L_Keilriemen_1200_800_versuch3-1024x683.jpg 1024w, https:\/\/contibelt.com\/wp-content\/uploads\/2015\/09\/Fotolia_57793458_L_Keilriemen_1200_800_versuch3-500x333.jpg 500w, https:\/\/contibelt.com\/wp-content\/uploads\/2015\/09\/Fotolia_57793458_L_Keilriemen_1200_800_versuch3.jpg 1200w\" sizes=\"auto, (max-width: 300px) 100vw, 300px\" \/><\/a><\/p>\n<\/div><\/section><section class='slide-entry av-23scfk-b9fa3c99a030f699ce9fe943502ff1c4 flex_column av_one_third post-entry slide-entry-overview slide-loop-2 slide-parity-even  '  itemscope=\"itemscope\" itemtype=\"https:\/\/schema.org\/CreativeWork\" ><h3 class='slide-entry-title entry-title '  itemprop=\"headline\" ><a href='https:\/\/contibelt.com\/de\/gummidichtungen\/'  title='Gummidichtungen'>Gummidichtungen<\/a><\/h3><div class='slide-entry-excerpt entry-content'  itemprop=\"text\" ><p><a href=\"https:\/\/contibelt.com\/de\/gummidichtungen\/\"><img loading=\"lazy\" decoding=\"async\" class=\"size-medium wp-image-3516\" src=\"https:\/\/contibelt.com\/wp-content\/uploads\/2015\/09\/iStock_000031959226XLarge_-Dichtungen_800_versuch-300x146.jpg\" alt=\"\" width=\"300\" height=\"146\" srcset=\"https:\/\/contibelt.com\/wp-content\/uploads\/2015\/09\/iStock_000031959226XLarge_-Dichtungen_800_versuch-300x146.jpg 300w, https:\/\/contibelt.com\/wp-content\/uploads\/2015\/09\/iStock_000031959226XLarge_-Dichtungen_800_versuch-1024x500.jpg 1024w, https:\/\/contibelt.com\/wp-content\/uploads\/2015\/09\/iStock_000031959226XLarge_-Dichtungen_800_versuch.jpg 1650w\" sizes=\"auto, (max-width: 300px) 100vw, 300px\" \/><\/a><\/p>\n<\/div><\/section><section class='slide-entry av-mgs44raf-dbd12b920fb04a548bd71478e169078e flex_column av_one_third post-entry slide-entry-overview slide-loop-3 slide-parity-odd  post-entry-last  '  itemscope=\"itemscope\" itemtype=\"https:\/\/schema.org\/CreativeWork\" ><h3 class='slide-entry-title entry-title '  itemprop=\"headline\" ><a href='https:\/\/contibelt.com\/de\/bodenbelaege\/'  title='Bodenbel\u00e4ge'>Bodenbel\u00e4ge<\/a><\/h3><div class='slide-entry-excerpt entry-content'  itemprop=\"text\" ><p><a href=\"https:\/\/contibelt.com\/de\/bodenbelaege\/\"><img loading=\"lazy\" decoding=\"async\" class=\"size-medium wp-image-3520\" src=\"https:\/\/contibelt.com\/wp-content\/uploads\/2015\/09\/iStock_000028530502_1200_800_Gummibelag_versuch-300x200.jpg\" alt=\"\" width=\"300\" height=\"200\" srcset=\"https:\/\/contibelt.com\/wp-content\/uploads\/2015\/09\/iStock_000028530502_1200_800_Gummibelag_versuch-300x200.jpg 300w, https:\/\/contibelt.com\/wp-content\/uploads\/2015\/09\/iStock_000028530502_1200_800_Gummibelag_versuch-1024x683.jpg 1024w, https:\/\/contibelt.com\/wp-content\/uploads\/2015\/09\/iStock_000028530502_1200_800_Gummibelag_versuch-500x333.jpg 500w, https:\/\/contibelt.com\/wp-content\/uploads\/2015\/09\/iStock_000028530502_1200_800_Gummibelag_versuch.jpg 1200w\" sizes=\"auto, (max-width: 300px) 100vw, 300px\" \/><\/a><\/p>\n<\/div><\/section><\/div><\/div><\/div>\n\n","protected":false},"excerpt":{"rendered":"","protected":false},"author":2,"featured_media":0,"parent":0,"menu_order":0,"comment_status":"open","ping_status":"open","template":"","meta":{"footnotes":""},"class_list":["post-297938","page","type-page","status-publish","hentry"],"_links":{"self":[{"href":"https:\/\/contibelt.com\/de\/wp-json\/wp\/v2\/pages\/297938","targetHints":{"allow":["GET"]}}],"collection":[{"href":"https:\/\/contibelt.com\/de\/wp-json\/wp\/v2\/pages"}],"about":[{"href":"https:\/\/contibelt.com\/de\/wp-json\/wp\/v2\/types\/page"}],"author":[{"embeddable":true,"href":"https:\/\/contibelt.com\/de\/wp-json\/wp\/v2\/users\/2"}],"replies":[{"embeddable":true,"href":"https:\/\/contibelt.com\/de\/wp-json\/wp\/v2\/comments?post=297938"}],"version-history":[{"count":21,"href":"https:\/\/contibelt.com\/de\/wp-json\/wp\/v2\/pages\/297938\/revisions"}],"predecessor-version":[{"id":298583,"href":"https:\/\/contibelt.com\/de\/wp-json\/wp\/v2\/pages\/297938\/revisions\/298583"}],"wp:attachment":[{"href":"https:\/\/contibelt.com\/de\/wp-json\/wp\/v2\/media?parent=297938"}],"curies":[{"name":"wp","href":"https:\/\/api.w.org\/{rel}","templated":true}]}}