{"id":297898,"date":"2025-10-16T12:21:07","date_gmt":"2025-10-16T10:21:07","guid":{"rendered":"https:\/\/contibelt.baldneu.at\/service-2\/"},"modified":"2025-10-20T09:30:39","modified_gmt":"2025-10-20T07:30:39","slug":"service","status":"publish","type":"page","link":"https:\/\/contibelt.com\/de\/service\/","title":{"rendered":"Service"},"content":{"rendered":"<div id='av_section_1'  class='avia-section av-fzglci-d3e27b8eb1a55aad4c2649e463724c6e main_color avia-section-default avia-no-shadow  avia-builder-el-0  avia-builder-el-no-sibling  avia-bg-style-scroll container_wrap fullsize'  ><div class='container av-section-cont-open' ><main  role=\"main\" itemprop=\"mainContentOfPage\"  class='template-page content  av-content-full alpha units'><div class='post-entry post-entry-type-page post-entry-297898'><div class='entry-content-wrapper clearfix'>\n\n<style type=\"text\/css\" data-created_by=\"avia_inline_auto\" id=\"style-css-av-dvv6o2-f58c49a970e09aadac6eeb90e61f30a1\">\n.flex_column.av-dvv6o2-f58c49a970e09aadac6eeb90e61f30a1{\npadding:0 0 40px 0;\n}\n<\/style>\n<div  class='flex_column av-dvv6o2-f58c49a970e09aadac6eeb90e61f30a1 av_one_half  avia-builder-el-1  el_before_av_one_half  avia-builder-el-first  first flex_column_div  '     ><style type=\"text\/css\" data-created_by=\"avia_inline_auto\" id=\"style-css-av-mgs3mdbo-19336af5e2141e96a3d01d3544542578\">\n.avia-image-container.av-mgs3mdbo-19336af5e2141e96a3d01d3544542578 img.avia_image{\nbox-shadow:none;\n}\n.avia-image-container.av-mgs3mdbo-19336af5e2141e96a3d01d3544542578 .av-image-caption-overlay-center{\ncolor:#ffffff;\n}\n<\/style>\n<div  class='avia-image-container av-mgs3mdbo-19336af5e2141e96a3d01d3544542578 av-styling- avia_animated_image av-animated-when-visible-95 left-to-right avia-align-right  avia-builder-el-2  avia-builder-el-no-sibling '   itemprop=\"image\" itemscope=\"itemscope\" itemtype=\"https:\/\/schema.org\/ImageObject\" ><div class=\"avia-image-container-inner\"><div class=\"avia-image-overlay-wrap\"><img decoding=\"async\" fetchpriority=\"high\" class='wp-image-2770 avia-img-lazy-loading-not-2770 avia_image ' src=\"https:\/\/contibelt.com\/wp-content\/uploads\/2015\/07\/6_service.jpg\" alt='' title='6_service'  height=\"800\" width=\"1200\"  itemprop=\"thumbnailUrl\"  \/><\/div><\/div><\/div><\/div><div  class='flex_column av-c9yzsy-82c82199157e5b7aadff132065cd24b4 av_one_half  avia-builder-el-3  el_after_av_one_half  el_before_av_hr  flex_column_div  '     ><section  class='av_textblock_section av-mgs3ml3c-19026b39e72ae284a5d93738eb756359 '   itemscope=\"itemscope\" itemtype=\"https:\/\/schema.org\/CreativeWork\" ><div class='avia_textblock'  itemprop=\"text\" ><h1>Service<\/h1>\n<\/div><\/section><br \/>\n<div  class='hr av-alousy-cc76ea3626143e7991efdd0476579d9e hr-short  avia-builder-el-5  el_after_av_textblock  el_before_av_textblock  hr-left'><span class='hr-inner '><span class=\"hr-inner-style\"><\/span><\/span><\/div><br \/>\n<section  class='av_textblock_section av-mgs3mrnr-ec7004685efebb5ed582efb9d564f69e '   itemscope=\"itemscope\" itemtype=\"https:\/\/schema.org\/CreativeWork\" ><div class='avia_textblock'  itemprop=\"text\" ><p>Unabh\u00e4ngig davon, ob Sie Ihr Transport- oder Prozessband bei uns erworben haben oder nicht, bieten wir Ihnen Wartung, Reparatur und Instandhaltung von Stahlb\u00e4ndern an. Unsere Serviceleistungen umfassen das Verschwei\u00dfen von Rissen, Einsetzen von Patches oder ganzer Sektionen, Beheben von Bandlaufproblemen, Reparieren oder Ersetzen von Spurleisten sowie Kugelstrahlen zur Behebung von Deformationen. Neben diesen Arbeiten, die unser gut geschultes Service-Personal gerne f\u00fcr Sie erledigt, bieten wir auch unterschiedliche Ersatzteile und Anlagenkomponenten an wie zum Beispiel: Umlenkr\u00e4der, Umlenktrommeln, Unterst\u00fctzungsrollen, Gleitleisten und \u00e4hnliches. Wir beraten Sie gerne, wenn Sie Ihre bestehende Anlage erneuern wollen, oder eine Neuanschaffung oder Neuentwicklung der kompletten Anlage anstreben. Mit unserer Expertise finden Sie den richtigen Hersteller f\u00fcr Ihren Stahlbandanlagenbau.<\/p>\n<\/div><\/section><\/p><\/div><div  class='hr av-920tqq-17ec6d1657f55d513abccfb7f2d24cbd hr-short  avia-builder-el-7  el_after_av_one_half  el_before_av_textblock  hr-right'><span class='hr-inner '><span class=\"hr-inner-style\"><\/span><\/span><\/div>\n\n<style type=\"text\/css\" data-created_by=\"avia_inline_auto\" id=\"style-css-av-mgs3o2qi-5f3df599a4029c1373c61a560f0f4dea\">\n.av_textblock_section.av-mgs3o2qi-5f3df599a4029c1373c61a560f0f4dea{\nbackground-color:#ae2856;\n}\n#top .av_textblock_section.av-mgs3o2qi-5f3df599a4029c1373c61a560f0f4dea .avia_textblock{\npadding:30px 30px 30px 30px;\ncolor:#ffffff;\n}\n<\/style>\n<section  class='av_textblock_section av-mgs3o2qi-5f3df599a4029c1373c61a560f0f4dea '   itemscope=\"itemscope\" itemtype=\"https:\/\/schema.org\/CreativeWork\" ><div class='avia_textblock av_inherit_color'  itemprop=\"text\" ><p>In dringenden F\u00e4llen k\u00f6nnen Sie uns eine E-Mail an <a href=\"m&#97;&#x69;&#x6c;&#x74;o&#58;&#x73;&#x65;&#x72;v&#105;&#x63;&#x65;&#x40;c&#111;&#x6e;&#x74;&#x69;b&#101;&#x6c;&#x74;&#x2e;c&#111;&#x6d;\" target=\"_blank\" rel=\"noopener\">&#115;e&#x72;v&#x69;&#99;&#x65;&#64;&#x63;&#111;n&#x74;i&#x62;&#101;&#x6c;&#116;&#x2e;&#99;&#x6f;&#109;<\/a> schicken.\u00a0Sie k\u00f6nnen aber auch direkt bei uns oder einem unserer Vertreter anrufen. Wir werden uns umgehend um Ihr Anliegen k\u00fcmmern.<\/p>\n<\/div><\/section>\n<div  class='hr av-7jj0qq-49d045526c626f816fb07a2b8a2c6122 hr-full  avia-builder-el-9  el_after_av_textblock  el_before_av_textblock  hr-no-shadow'><span class='hr-inner '><span class=\"hr-inner-style\"><\/span><\/span><\/div>\n<section  class='av_textblock_section av-5oxoqa-65ba8a6836178d6d117668386134f7a1 '   itemscope=\"itemscope\" itemtype=\"https:\/\/schema.org\/CreativeWork\" ><div class='avia_textblock'  itemprop=\"text\" ><h2 style=\"text-align: center;\">Das k\u00f6nnte Sie auch interessieren:<\/h2>\n<\/div><\/section>\n<div  class='avia-content-slider-element-container av-mgs3pixd-0a0874708aef646728f90b98bdf64e11 avia-content-slider-element-slider avia-content-slider avia-smallarrow-slider avia-content-slider-active avia-content-slider-odd  avia-builder-el-11  el_after_av_textblock  avia-builder-el-last  av-slideshow-ui av-control-default av-nav-arrows-visible av-nav-dots-visible av-no-slider-navigation av-slideshow-manual av-loop-once av-loop-manual-endless avia-content-slider1' data-slideshow-options=\"{&quot;animation&quot;:&quot;slide&quot;,&quot;autoplay&quot;:false,&quot;loop_autoplay&quot;:&quot;once&quot;,&quot;interval&quot;:5,&quot;loop_manual&quot;:&quot;manual-endless&quot;,&quot;autoplay_stopper&quot;:false,&quot;noNavigation&quot;:false,&quot;bg_slider&quot;:false,&quot;keep_padding&quot;:&quot;&quot;,&quot;hoverpause&quot;:false,&quot;show_slide_delay&quot;:30}\"><div class='avia-smallarrow-slider-heading  no-content-slider-heading '><div class='new-special-heading'>&nbsp;<\/div><\/div><div class=\"avia-content-slider-inner\"><div class=\"slide-entry-wrap\"><section class='slide-entry av-4o0t82-750778d18a627053e54370d05e21e899 flex_column av_one_third post-entry slide-entry-overview slide-loop-1 slide-parity-odd  first'  itemscope=\"itemscope\" itemtype=\"https:\/\/schema.org\/CreativeWork\" ><h3 class='slide-entry-title entry-title '  itemprop=\"headline\" ><a href='https:\/\/contibelt.com\/de\/ueber-uns\/'  title='\u00dcber uns'>\u00dcber uns<\/a><\/h3><div class='slide-entry-excerpt entry-content'  itemprop=\"text\" ><p><a href=\"https:\/\/contibelt.com\/de\/ueber-uns\/\"><img loading=\"lazy\" decoding=\"async\" class=\"alignnone size-full wp-image-2758\" src=\"https:\/\/contibelt.com\/wp-content\/uploads\/2015\/07\/2_about_us.jpg\" alt=\"\" width=\"1200\" height=\"800\" \/><\/a><\/p>\n<\/div><\/section><section class='slide-entry av-mgs3phdb-a5c3461b7c8d57314cfc52060013f0fc flex_column av_one_third post-entry slide-entry-overview slide-loop-2 slide-parity-even  '  itemscope=\"itemscope\" itemtype=\"https:\/\/schema.org\/CreativeWork\" ><h3 class='slide-entry-title entry-title '  itemprop=\"headline\" ><a href='https:\/\/contibelt.com\/de\/kontakt\/'  title='Kontakt'>Kontakt<\/a><\/h3><div class='slide-entry-excerpt entry-content'  itemprop=\"text\" ><p><a href=\"https:\/\/contibelt.com\/de\/kontakt\/\"><img loading=\"lazy\" decoding=\"async\" class=\"alignnone size-medium wp-image-3556\" src=\"https:\/\/contibelt.com\/wp-content\/uploads\/2015\/09\/Fotolia_84420315_L_Kontakt_1200_800_versuch-300x200.jpg\" alt=\"\" width=\"300\" height=\"200\" srcset=\"https:\/\/contibelt.com\/wp-content\/uploads\/2015\/09\/Fotolia_84420315_L_Kontakt_1200_800_versuch-300x200.jpg 300w, https:\/\/contibelt.com\/wp-content\/uploads\/2015\/09\/Fotolia_84420315_L_Kontakt_1200_800_versuch-1024x683.jpg 1024w, https:\/\/contibelt.com\/wp-content\/uploads\/2015\/09\/Fotolia_84420315_L_Kontakt_1200_800_versuch-500x333.jpg 500w, https:\/\/contibelt.com\/wp-content\/uploads\/2015\/09\/Fotolia_84420315_L_Kontakt_1200_800_versuch.jpg 1200w\" sizes=\"auto, (max-width: 300px) 100vw, 300px\" \/><\/a><\/p>\n<\/div><\/section><section class='slide-entry av-2bobya-709a1095e2cf874043dd740cbd8abcd1 flex_column av_one_third post-entry slide-entry-overview slide-loop-3 slide-parity-odd  post-entry-last  '  itemscope=\"itemscope\" itemtype=\"https:\/\/schema.org\/CreativeWork\" ><h3 class='slide-entry-title entry-title '  itemprop=\"headline\" ><a href='https:\/\/contibelt.com\/de\/downloads\/'  title='Downloads'>Downloads<\/a><\/h3><div class='slide-entry-excerpt entry-content'  itemprop=\"text\" ><p><a href=\"https:\/\/contibelt.com\/de\/downloads\/\"><img loading=\"lazy\" decoding=\"async\" class=\"alignnone size-full wp-image-3965\" src=\"https:\/\/contibelt.com\/wp-content\/uploads\/2015\/07\/4_downloads.jpg\" alt=\"\" width=\"1200\" height=\"800\" \/><\/a><\/p>\n<\/div><\/section><\/div><\/div><\/div>\n\n","protected":false},"excerpt":{"rendered":"","protected":false},"author":2,"featured_media":2770,"parent":0,"menu_order":0,"comment_status":"open","ping_status":"open","template":"","meta":{"footnotes":""},"class_list":["post-297898","page","type-page","status-publish","has-post-thumbnail","hentry"],"_links":{"self":[{"href":"https:\/\/contibelt.com\/de\/wp-json\/wp\/v2\/pages\/297898","targetHints":{"allow":["GET"]}}],"collection":[{"href":"https:\/\/contibelt.com\/de\/wp-json\/wp\/v2\/pages"}],"about":[{"href":"https:\/\/contibelt.com\/de\/wp-json\/wp\/v2\/types\/page"}],"author":[{"embeddable":true,"href":"https:\/\/contibelt.com\/de\/wp-json\/wp\/v2\/users\/2"}],"replies":[{"embeddable":true,"href":"https:\/\/contibelt.com\/de\/wp-json\/wp\/v2\/comments?post=297898"}],"version-history":[{"count":21,"href":"https:\/\/contibelt.com\/de\/wp-json\/wp\/v2\/pages\/297898\/revisions"}],"predecessor-version":[{"id":298876,"href":"https:\/\/contibelt.com\/de\/wp-json\/wp\/v2\/pages\/297898\/revisions\/298876"}],"wp:featuredmedia":[{"embeddable":true,"href":"https:\/\/contibelt.com\/de\/wp-json\/wp\/v2\/media\/2770"}],"wp:attachment":[{"href":"https:\/\/contibelt.com\/de\/wp-json\/wp\/v2\/media?parent=297898"}],"curies":[{"name":"wp","href":"https:\/\/api.w.org\/{rel}","templated":true}]}}