{"id":297716,"date":"2025-10-16T11:40:01","date_gmt":"2025-10-16T09:40:01","guid":{"rendered":"https:\/\/contibelt.baldneu.at\/membranen-2\/"},"modified":"2025-10-16T14:17:01","modified_gmt":"2025-10-16T12:17:01","slug":"membranen","status":"publish","type":"page","link":"https:\/\/contibelt.com\/de\/membranen\/","title":{"rendered":"Membranen"},"content":{"rendered":"<div id='av_section_1'  class='avia-section av-fraj61-d2e5c9c7cb3c0e21ab4e8f29b6b1708c main_color avia-section-default avia-no-shadow  avia-builder-el-0  avia-builder-el-no-sibling  avia-bg-style-scroll container_wrap fullsize'  ><div class='container av-section-cont-open' ><main  role=\"main\" itemprop=\"mainContentOfPage\"  class='template-page content  av-content-full alpha units'><div class='post-entry post-entry-type-page post-entry-297716'><div class='entry-content-wrapper clearfix'>\n<div  class='flex_column av-e9dqc9-59bf3feb431b59f8fb45a9d0dc55200d av_one_half  avia-builder-el-1  el_before_av_one_half  avia-builder-el-first  first flex_column_div  '     ><style type=\"text\/css\" data-created_by=\"avia_inline_auto\" id=\"style-css-av-mgs22153-ccacf66b1f535d8bd26ec1a79399c40c\">\n.avia-image-container.av-mgs22153-ccacf66b1f535d8bd26ec1a79399c40c img.avia_image{\nbox-shadow:none;\n}\n.avia-image-container.av-mgs22153-ccacf66b1f535d8bd26ec1a79399c40c .av-image-caption-overlay-center{\ncolor:#ffffff;\n}\n<\/style>\n<div  class='avia-image-container av-mgs22153-ccacf66b1f535d8bd26ec1a79399c40c av-styling- avia_animated_image av-animated-when-visible-95 left-to-right avia-align-right  avia-builder-el-2  avia-builder-el-no-sibling '   itemprop=\"image\" itemscope=\"itemscope\" itemtype=\"https:\/\/schema.org\/ImageObject\" ><div class=\"avia-image-container-inner\"><div class=\"avia-image-overlay-wrap\"><img decoding=\"async\" fetchpriority=\"high\" class='wp-image-3153 avia-img-lazy-loading-not-3153 avia_image ' src=\"https:\/\/contibelt.com\/wp-content\/uploads\/2015\/08\/nasenspray-versuch-drei-ganz-wei\u00df-_1200_800-1024x683.jpg\" alt='' title='nasenspray versuch drei ganz wei\u00df _1200_800'  height=\"683\" width=\"1024\"  itemprop=\"thumbnailUrl\" srcset=\"https:\/\/contibelt.com\/wp-content\/uploads\/2015\/08\/nasenspray-versuch-drei-ganz-wei\u00df-_1200_800-1024x683.jpg 1024w, https:\/\/contibelt.com\/wp-content\/uploads\/2015\/08\/nasenspray-versuch-drei-ganz-wei\u00df-_1200_800-300x200.jpg 300w, https:\/\/contibelt.com\/wp-content\/uploads\/2015\/08\/nasenspray-versuch-drei-ganz-wei\u00df-_1200_800-500x333.jpg 500w, https:\/\/contibelt.com\/wp-content\/uploads\/2015\/08\/nasenspray-versuch-drei-ganz-wei\u00df-_1200_800.jpg 1200w\" sizes=\"(max-width: 1024px) 100vw, 1024px\" \/><\/div><\/div><\/div><\/div><div  class='flex_column av-c3jy55-c20f5764b42fca395118974ab1b97ab6 av_one_half  avia-builder-el-3  el_after_av_one_half  el_before_av_hr  flex_column_div  '     ><section  class='av_textblock_section av-mgs216ue-a5337ac04448802829723399337f4090 '   itemscope=\"itemscope\" itemtype=\"https:\/\/schema.org\/CreativeWork\" ><div class='avia_textblock'  itemprop=\"text\" ><h1>Membranen<\/h1>\n<\/div><\/section><br \/>\n<div  class='hr av-ahz489-e56ee7d604ca8b5f9ec6c9e71af79c96 hr-short  avia-builder-el-5  el_after_av_textblock  el_before_av_textblock  hr-left'><span class='hr-inner '><span class=\"hr-inner-style\"><\/span><\/span><\/div><br \/>\n<section  class='av_textblock_section av-mgs21kpg-92d343bd7e9ae7d9104bdc3d58ee9faf '   itemscope=\"itemscope\" itemtype=\"https:\/\/schema.org\/CreativeWork\" ><div class='avia_textblock'  itemprop=\"text\" ><p>Pr\u00e4zise und kontinuierliche Vulkanisationsprozesse sind ein integraler Bestandteil in der Fertigung von Gummi-Breitwaren und Gummi-F\u00f6rdeb\u00e4ndern. In Rotations-Vulkanisierpressen werden diese Produkte auf B\u00e4ndern aus hochfesten Edelst\u00e4hlen produziert. Hitzebest\u00e4ndigkeit, pr\u00e4zise Oberfl\u00e4che und Temperatur\u00fcbertragung sind Hauptmerkmale dieser Edelstahlb\u00e4nder um gleichzeitig hohen Druck sowie Temperatur zu \u00fcbertragen und glatte Gummioberfl\u00e4chen zu schaffen. Hier finden Sie die genauen Angaben zu diesem Produkt: <a href=\"http:\/\/www.contibelt.com\/wp-content\/uploads\/2015\/11\/application-rotocure.pdf\" target=\"_blank\" rel=\"noopener noreferrer\">Membranen<\/a><\/p>\n<\/div><\/section><br \/>\n<div  class='hr av-90kj9l-d6e339ea1caea4172e1d47ddd7236556 hr-short  avia-builder-el-7  el_after_av_textblock  el_before_av_textblock  hr-left'><span class='hr-inner '><span class=\"hr-inner-style\"><\/span><\/span><\/div><br \/>\n<section  class='av_textblock_section av-mgs23cs6-427f1e72a2ec7068b083268e086e29c7 '   itemscope=\"itemscope\" itemtype=\"https:\/\/schema.org\/CreativeWork\" ><div class='avia_textblock'  itemprop=\"text\" ><h3>Weiterf\u00fchrende Dokumente:<\/h3>\n<p><a href=\"\/wp-content\/uploads\/2015\/11\/Material-Data-Sheet-CB-31-SGM.pd\" target=\"_blank\" rel=\"noopener\">Werkstoff CB 31 SGM<\/a><\/p>\n<\/div><\/section><\/p><\/div><div  class='hr av-7yuant-4220d0c417ee7fda41cd070a370d1923 hr-full  avia-builder-el-9  el_after_av_one_half  el_before_av_textblock  hr-no-shadow'><span class='hr-inner '><span class=\"hr-inner-style\"><\/span><\/span><\/div>\n<section  class='av_textblock_section av-5o3wft-4ddf50fadaf89403a843ebc60d1cd052 '   itemscope=\"itemscope\" itemtype=\"https:\/\/schema.org\/CreativeWork\" ><div class='avia_textblock'  itemprop=\"text\" ><h2 style=\"text-align: center;\">Das k\u00f6nnte Sie auch interessieren:<\/h2>\n<\/div><\/section>\n<div  class='avia-content-slider-element-container av-mgs26arf-bdd0d3c45677f82ca09b93a5b395f1d5 avia-content-slider-element-slider avia-content-slider avia-smallarrow-slider avia-content-slider-active avia-content-slider-odd  avia-builder-el-11  el_after_av_textblock  avia-builder-el-last  av-slideshow-ui av-control-default av-nav-arrows-visible av-nav-dots-visible av-no-slider-navigation av-slideshow-manual av-loop-once av-loop-manual-endless avia-content-slider1' data-slideshow-options=\"{&quot;animation&quot;:&quot;slide&quot;,&quot;autoplay&quot;:false,&quot;loop_autoplay&quot;:&quot;once&quot;,&quot;interval&quot;:5,&quot;loop_manual&quot;:&quot;manual-endless&quot;,&quot;autoplay_stopper&quot;:false,&quot;noNavigation&quot;:false,&quot;bg_slider&quot;:false,&quot;keep_padding&quot;:&quot;&quot;,&quot;hoverpause&quot;:false,&quot;show_slide_delay&quot;:30}\"><div class='avia-smallarrow-slider-heading  no-content-slider-heading '><div class='new-special-heading'>&nbsp;<\/div><\/div><div class=\"avia-content-slider-inner\"><div class=\"slide-entry-wrap\"><section class='slide-entry av-41n4u1-0810b129260b81f3af106e960149e959 flex_column av_one_third post-entry slide-entry-overview slide-loop-1 slide-parity-odd  first'  itemscope=\"itemscope\" itemtype=\"https:\/\/schema.org\/CreativeWork\" ><h3 class='slide-entry-title entry-title '  itemprop=\"headline\" ><a href='https:\/\/contibelt.com\/de\/gummidichtungen\/'  title='Gummiplatten'>Gummiplatten<\/a><\/h3><div class='slide-entry-excerpt entry-content'  itemprop=\"text\" ><p><a href=\"https:\/\/contibelt.com\/de\/gummidichtungen\/\"><img loading=\"lazy\" decoding=\"async\" class=\"size-medium wp-image-3516\" src=\"https:\/\/contibelt.com\/wp-content\/uploads\/2015\/09\/iStock_000031959226XLarge_-Dichtungen_800_versuch-300x146.jpg\" alt=\"\" width=\"300\" height=\"146\" srcset=\"https:\/\/contibelt.com\/wp-content\/uploads\/2015\/09\/iStock_000031959226XLarge_-Dichtungen_800_versuch-300x146.jpg 300w, https:\/\/contibelt.com\/wp-content\/uploads\/2015\/09\/iStock_000031959226XLarge_-Dichtungen_800_versuch-1024x500.jpg 1024w, https:\/\/contibelt.com\/wp-content\/uploads\/2015\/09\/iStock_000031959226XLarge_-Dichtungen_800_versuch.jpg 1650w\" sizes=\"auto, (max-width: 300px) 100vw, 300px\" \/><\/a><\/p>\n<\/div><\/section><section class='slide-entry av-mgs26333-9ae95ec3107d334b74f57c39a2dcb3aa flex_column av_one_third post-entry slide-entry-overview slide-loop-2 slide-parity-even  '  itemscope=\"itemscope\" itemtype=\"https:\/\/schema.org\/CreativeWork\" ><h3 class='slide-entry-title entry-title '  itemprop=\"headline\" ><a href='https:\/\/contibelt.com\/de\/bodenbelaege\/'  title='Bodenbel\u00e4ge'>Bodenbel\u00e4ge<\/a><\/h3><div class='slide-entry-excerpt entry-content'  itemprop=\"text\" ><p><a href=\"https:\/\/contibelt.com\/de\/bodenbelaege\/\"><img loading=\"lazy\" decoding=\"async\" class=\"size-medium wp-image-3520\" src=\"https:\/\/contibelt.com\/wp-content\/uploads\/2015\/09\/iStock_000028530502_1200_800_Gummibelag_versuch-300x200.jpg\" alt=\"\" width=\"300\" height=\"200\" srcset=\"https:\/\/contibelt.com\/wp-content\/uploads\/2015\/09\/iStock_000028530502_1200_800_Gummibelag_versuch-300x200.jpg 300w, https:\/\/contibelt.com\/wp-content\/uploads\/2015\/09\/iStock_000028530502_1200_800_Gummibelag_versuch-1024x683.jpg 1024w, https:\/\/contibelt.com\/wp-content\/uploads\/2015\/09\/iStock_000028530502_1200_800_Gummibelag_versuch-500x333.jpg 500w, https:\/\/contibelt.com\/wp-content\/uploads\/2015\/09\/iStock_000028530502_1200_800_Gummibelag_versuch.jpg 1200w\" sizes=\"auto, (max-width: 300px) 100vw, 300px\" \/><\/a><\/p>\n<\/div><\/section><section class='slide-entry av-30wwix-0087d9a46ec73e7cd0271b55c5aee171 flex_column av_one_third post-entry slide-entry-overview slide-loop-3 slide-parity-odd  post-entry-last  '  itemscope=\"itemscope\" itemtype=\"https:\/\/schema.org\/CreativeWork\" ><h3 class='slide-entry-title entry-title '  itemprop=\"headline\" ><a href='https:\/\/contibelt.com\/de\/keilriemen\/'  title='Keilriemen'>Keilriemen<\/a><\/h3><div class='slide-entry-excerpt entry-content'  itemprop=\"text\" ><p><a href=\"https:\/\/contibelt.com\/de\/keilriemen\/\"><img loading=\"lazy\" decoding=\"async\" class=\"size-medium wp-image-3536\" src=\"https:\/\/contibelt.com\/wp-content\/uploads\/2015\/09\/Fotolia_57793458_L_Keilriemen_1200_800_versuch3-300x200.jpg\" alt=\"\" width=\"300\" height=\"200\" srcset=\"https:\/\/contibelt.com\/wp-content\/uploads\/2015\/09\/Fotolia_57793458_L_Keilriemen_1200_800_versuch3-300x200.jpg 300w, https:\/\/contibelt.com\/wp-content\/uploads\/2015\/09\/Fotolia_57793458_L_Keilriemen_1200_800_versuch3-1024x683.jpg 1024w, https:\/\/contibelt.com\/wp-content\/uploads\/2015\/09\/Fotolia_57793458_L_Keilriemen_1200_800_versuch3-500x333.jpg 500w, https:\/\/contibelt.com\/wp-content\/uploads\/2015\/09\/Fotolia_57793458_L_Keilriemen_1200_800_versuch3.jpg 1200w\" sizes=\"auto, (max-width: 300px) 100vw, 300px\" \/><\/a><\/p>\n<\/div><\/section><\/div><\/div><\/div>\n\n","protected":false},"excerpt":{"rendered":"","protected":false},"author":2,"featured_media":3474,"parent":0,"menu_order":0,"comment_status":"open","ping_status":"open","template":"","meta":{"footnotes":""},"class_list":["post-297716","page","type-page","status-publish","has-post-thumbnail","hentry"],"_links":{"self":[{"href":"https:\/\/contibelt.com\/de\/wp-json\/wp\/v2\/pages\/297716","targetHints":{"allow":["GET"]}}],"collection":[{"href":"https:\/\/contibelt.com\/de\/wp-json\/wp\/v2\/pages"}],"about":[{"href":"https:\/\/contibelt.com\/de\/wp-json\/wp\/v2\/types\/page"}],"author":[{"embeddable":true,"href":"https:\/\/contibelt.com\/de\/wp-json\/wp\/v2\/users\/2"}],"replies":[{"embeddable":true,"href":"https:\/\/contibelt.com\/de\/wp-json\/wp\/v2\/comments?post=297716"}],"version-history":[{"count":25,"href":"https:\/\/contibelt.com\/de\/wp-json\/wp\/v2\/pages\/297716\/revisions"}],"predecessor-version":[{"id":298563,"href":"https:\/\/contibelt.com\/de\/wp-json\/wp\/v2\/pages\/297716\/revisions\/298563"}],"wp:featuredmedia":[{"embeddable":true,"href":"https:\/\/contibelt.com\/de\/wp-json\/wp\/v2\/media\/3474"}],"wp:attachment":[{"href":"https:\/\/contibelt.com\/de\/wp-json\/wp\/v2\/media?parent=297716"}],"curies":[{"name":"wp","href":"https:\/\/api.w.org\/{rel}","templated":true}]}}