{"id":297698,"date":"2025-10-16T11:36:48","date_gmt":"2025-10-16T09:36:48","guid":{"rendered":"https:\/\/contibelt.baldneu.at\/fleischverarbeitung-2\/"},"modified":"2025-10-16T14:35:35","modified_gmt":"2025-10-16T12:35:35","slug":"fleischverarbeitung","status":"publish","type":"page","link":"https:\/\/contibelt.com\/de\/fleischverarbeitung\/","title":{"rendered":"Fleischverarbeitung"},"content":{"rendered":"<div id='av_section_1'  class='avia-section av-jexw87-ff0c744ba0c588fc067b3aec2c0fec12 main_color avia-section-default avia-no-shadow  avia-builder-el-0  avia-builder-el-no-sibling  avia-bg-style-scroll container_wrap fullsize'  ><div class='container av-section-cont-open' ><main  role=\"main\" itemprop=\"mainContentOfPage\"  class='template-page content  av-content-full alpha units'><div class='post-entry post-entry-type-page post-entry-297698'><div class='entry-content-wrapper clearfix'>\n<div  class='flex_column av-h9gr9z-2b56c20776bb4816e724aaea05cb9b74 av_one_half  avia-builder-el-1  el_before_av_one_half  avia-builder-el-first  first flex_column_div  '     ><style type=\"text\/css\" data-created_by=\"avia_inline_auto\" id=\"style-css-av-mgs1xz5e-b74654441f744d8064ceb4bd57c76f43\">\n.avia-image-container.av-mgs1xz5e-b74654441f744d8064ceb4bd57c76f43 img.avia_image{\nbox-shadow:none;\n}\n.avia-image-container.av-mgs1xz5e-b74654441f744d8064ceb4bd57c76f43 .av-image-caption-overlay-center{\ncolor:#ffffff;\n}\n<\/style>\n<div  class='avia-image-container av-mgs1xz5e-b74654441f744d8064ceb4bd57c76f43 av-styling- avia_animated_image av-animated-when-visible-95 left-to-right avia-align-right  avia-builder-el-2  avia-builder-el-no-sibling '   itemprop=\"image\" itemscope=\"itemscope\" itemtype=\"https:\/\/schema.org\/ImageObject\" ><div class=\"avia-image-container-inner\"><div class=\"avia-image-overlay-wrap\"><img decoding=\"async\" fetchpriority=\"high\" class='wp-image-2803 avia-img-lazy-loading-not-2803 avia_image ' src=\"https:\/\/contibelt.com\/wp-content\/uploads\/2015\/07\/24_Fleisch.jpg\" alt='' title='Fleisch'  height=\"800\" width=\"1200\"  itemprop=\"thumbnailUrl\"  \/><\/div><\/div><\/div><\/div><div  class='flex_column av-fopagn-601638ebcf20aaa6f3fec9f63bdb9880 av_one_half  avia-builder-el-3  el_after_av_one_half  el_before_av_hr  flex_column_div  '     ><section  class='av_textblock_section av-mgs1x9sj-49772c04f1b382fd85ab7da7dde97e9e '   itemscope=\"itemscope\" itemtype=\"https:\/\/schema.org\/CreativeWork\" ><div class='avia_textblock'  itemprop=\"text\" ><h1>Fleischverarbeitung<\/h1>\n<\/div><\/section><br \/>\n<div  class='hr av-dtxqon-2693ea4ff5b7e73e5d70cd4eabd82ded hr-short  avia-builder-el-5  el_after_av_textblock  el_before_av_textblock  hr-left'><span class='hr-inner '><span class=\"hr-inner-style\"><\/span><\/span><\/div><br \/>\n<section  class='av_textblock_section av-mgs1xm5u-59c9ac971c02736e07979f8f8fc9af6f '   itemscope=\"itemscope\" itemtype=\"https:\/\/schema.org\/CreativeWork\" ><div class='avia_textblock'  itemprop=\"text\" ><p>Hygiene ist ein Grundthema bei der Lebensmittelverarbeitung! Unser Produkt ist deshalb eine sinnvolle und langlebige Alternative zu herk\u00f6mmlichen Transportb\u00e4ndern aus Kunststoffen. Unsere Edelstahlb\u00e4nder sind sehr gut mit Wasser und Dampf zu reinigen. Sie erlauben den verl\u00e4sslichen Transport innerhalb der Fertigung von einer Anwendung zur n\u00e4chsten, und sie eignen sich hervorragen f\u00fcr den Einsatz in Zerlegestrassen. Damit erh\u00f6hen sie langfristig die Wirtschaftlichkeit Ihrer Fertigung. Hier finden Sie die genauen Angaben zu diesem Produkt: <a href=\"http:\/\/www.contibelt.com\/wp-content\/uploads\/2015\/11\/application-food.pdf\" target=\"_blank\" rel=\"noopener\">Fleischverarbeitung<\/a><\/p>\n<\/div><\/section><br \/>\n<div  class='hr av-cakuuv-f9abf668658a42399521683d0e414570 hr-short  avia-builder-el-7  el_after_av_textblock  el_before_av_textblock  hr-left'><span class='hr-inner '><span class=\"hr-inner-style\"><\/span><\/span><\/div><br \/>\n<section  class='av_textblock_section av-bbp2iv-0d315400296516d04caf0151f1f7f383 '   itemscope=\"itemscope\" itemtype=\"https:\/\/schema.org\/CreativeWork\" ><div class='avia_textblock'  itemprop=\"text\" ><h3>Weiterf\u00fchrende Dokumente:<\/h3>\n<p><a href=\"http:\/\/www.contibelt.com\/wp-content\/uploads\/2015\/11\/Material-Data-Sheet-CB-301-SGA.pdf\" target=\"_blank\" rel=\"noopener\">Werkstoff CB 301 SGA<\/a><\/p>\n<p><a href=\"http:\/\/www.contibelt.com\/wp-content\/uploads\/2015\/11\/Material-Data-Sheet-CB-316-SGA.pdf\" target=\"_blank\" rel=\"noopener\">Werkstoff CB 316 SGA<\/a><\/p>\n<p><a href=\"http:\/\/www.contibelt.com\/wp-content\/uploads\/2015\/11\/Material-Data-Sheet-CB-31-SGM.pdf\" target=\"_blank\" rel=\"noopener\">Werkstoff CB 31 SGM<\/a><\/p>\n<\/div><\/section><\/p><\/div><div  class='hr av-9cm4lz-aa584146e6025838b80600d3cb6c2031 hr-full  avia-builder-el-9  el_after_av_one_half  el_before_av_textblock  hr-no-shadow'><span class='hr-inner '><span class=\"hr-inner-style\"><\/span><\/span><\/div>\n<section  class='av_textblock_section av-7bcyc7-d38755ccaed5cb156512384e31395911 '   itemscope=\"itemscope\" itemtype=\"https:\/\/schema.org\/CreativeWork\" ><div class='avia_textblock'  itemprop=\"text\" ><h2 style=\"text-align: center\">Das k\u00f6nnte Sie auch interessieren:<\/h2>\n<\/div><\/section>\n<div  class='avia-content-slider-element-container av-mgs1zo3i-1169c1594492d7ba9e32c35724b7906c avia-content-slider-element-slider avia-content-slider avia-smallarrow-slider avia-content-slider-active avia-content-slider-odd  avia-builder-el-11  el_after_av_textblock  avia-builder-el-last  av-slideshow-ui av-control-default av-nav-arrows-visible av-nav-dots-visible av-no-slider-navigation av-slideshow-manual av-loop-once av-loop-manual-endless avia-content-slider1' data-slideshow-options=\"{&quot;animation&quot;:&quot;slide&quot;,&quot;autoplay&quot;:false,&quot;loop_autoplay&quot;:&quot;once&quot;,&quot;interval&quot;:5,&quot;loop_manual&quot;:&quot;manual-endless&quot;,&quot;autoplay_stopper&quot;:false,&quot;noNavigation&quot;:false,&quot;bg_slider&quot;:false,&quot;keep_padding&quot;:&quot;&quot;,&quot;hoverpause&quot;:false,&quot;show_slide_delay&quot;:30}\"><div class='avia-smallarrow-slider-heading  no-content-slider-heading '><div class='new-special-heading'>&nbsp;<\/div><\/div><div class=\"avia-content-slider-inner\"><div class=\"slide-entry-wrap\"><section class='slide-entry av-5s0hxz-9f20a04e6973aebf9884577eb64a1ca6 flex_column av_one_third post-entry slide-entry-overview slide-loop-1 slide-parity-odd  first'  itemscope=\"itemscope\" itemtype=\"https:\/\/schema.org\/CreativeWork\" ><h3 class='slide-entry-title entry-title '  itemprop=\"headline\" ><a href='https:\/\/contibelt.com\/de\/surimi\/'  title='Surimi'>Surimi<\/a><\/h3><div class='slide-entry-excerpt entry-content'  itemprop=\"text\" ><p><a href=\"https:\/\/contibelt.com\/de\/surimi\/\"><img loading=\"lazy\" decoding=\"async\" class=\"size-medium wp-image-3452\" src=\"https:\/\/contibelt.com\/wp-content\/uploads\/2015\/09\/iStock_000020951202Large_Surimi-1200_800-versuch-300x200.jpg\" alt=\"\" width=\"300\" height=\"200\" srcset=\"https:\/\/contibelt.com\/wp-content\/uploads\/2015\/09\/iStock_000020951202Large_Surimi-1200_800-versuch-300x200.jpg 300w, https:\/\/contibelt.com\/wp-content\/uploads\/2015\/09\/iStock_000020951202Large_Surimi-1200_800-versuch-1024x683.jpg 1024w, https:\/\/contibelt.com\/wp-content\/uploads\/2015\/09\/iStock_000020951202Large_Surimi-1200_800-versuch-500x333.jpg 500w, https:\/\/contibelt.com\/wp-content\/uploads\/2015\/09\/iStock_000020951202Large_Surimi-1200_800-versuch.jpg 1200w\" sizes=\"auto, (max-width: 300px) 100vw, 300px\" \/><\/a><\/p>\n<\/div><\/section><section class='slide-entry av-3y4vuv-c945ed2eafb92fd3d11b4900bf278e05 flex_column av_one_third post-entry slide-entry-overview slide-loop-2 slide-parity-even  '  itemscope=\"itemscope\" itemtype=\"https:\/\/schema.org\/CreativeWork\" ><h3 class='slide-entry-title entry-title '  itemprop=\"headline\" ><a href='https:\/\/contibelt.com\/de\/tiefkuehlkost\/'  title='Tiefk\u00fchlkost'>Tiefk\u00fchlkost<\/a><\/h3><div class='slide-entry-excerpt entry-content'  itemprop=\"text\" ><p><a href=\"https:\/\/contibelt.com\/de\/tiefkuehlkost\/\"><img loading=\"lazy\" decoding=\"async\" class=\"size-medium wp-image-3448\" src=\"https:\/\/contibelt.com\/wp-content\/uploads\/2015\/09\/iStock_000047232570XLarge_-Tiefk%C3%BChlfr%C3%BCchte_nachbearbeitet_1200_800_versuch-300x200.jpg\" alt=\"\" width=\"300\" height=\"200\"\/><\/a><\/p>\n<\/div><\/section><section class='slide-entry av-2ekhyv-24919ab416786f9d82ba7df091c12eab flex_column av_one_third post-entry slide-entry-overview slide-loop-3 slide-parity-odd  post-entry-last  '  itemscope=\"itemscope\" itemtype=\"https:\/\/schema.org\/CreativeWork\" ><h3 class='slide-entry-title entry-title '  itemprop=\"headline\" ><a href='https:\/\/contibelt.com\/de\/tiernahrung\/'  title='Tierfutter'>Tierfutter<\/a><\/h3><div class='slide-entry-excerpt entry-content'  itemprop=\"text\" ><p><a href=\"https:\/\/contibelt.com\/de\/tiernahrung\/\"><img loading=\"lazy\" decoding=\"async\" class=\"size-medium wp-image-3440\" src=\"https:\/\/contibelt.com\/wp-content\/uploads\/2015\/09\/iStock_000057557724_1200_800_-Hundefutter-versuch-1-300x200.jpg\" alt=\"\" width=\"300\" height=\"200\" srcset=\"https:\/\/contibelt.com\/wp-content\/uploads\/2015\/09\/iStock_000057557724_1200_800_-Hundefutter-versuch-1-300x200.jpg 300w, https:\/\/contibelt.com\/wp-content\/uploads\/2015\/09\/iStock_000057557724_1200_800_-Hundefutter-versuch-1-1024x683.jpg 1024w, https:\/\/contibelt.com\/wp-content\/uploads\/2015\/09\/iStock_000057557724_1200_800_-Hundefutter-versuch-1-500x333.jpg 500w, https:\/\/contibelt.com\/wp-content\/uploads\/2015\/09\/iStock_000057557724_1200_800_-Hundefutter-versuch-1.jpg 1200w\" sizes=\"auto, (max-width: 300px) 100vw, 300px\" \/><\/a><\/p>\n<\/div><\/section><\/div><\/div><\/div>\n\n","protected":false},"excerpt":{"rendered":"","protected":false},"author":2,"featured_media":3442,"parent":0,"menu_order":0,"comment_status":"open","ping_status":"open","template":"","meta":{"footnotes":""},"class_list":["post-297698","page","type-page","status-publish","has-post-thumbnail","hentry"],"_links":{"self":[{"href":"https:\/\/contibelt.com\/de\/wp-json\/wp\/v2\/pages\/297698","targetHints":{"allow":["GET"]}}],"collection":[{"href":"https:\/\/contibelt.com\/de\/wp-json\/wp\/v2\/pages"}],"about":[{"href":"https:\/\/contibelt.com\/de\/wp-json\/wp\/v2\/types\/page"}],"author":[{"embeddable":true,"href":"https:\/\/contibelt.com\/de\/wp-json\/wp\/v2\/users\/2"}],"replies":[{"embeddable":true,"href":"https:\/\/contibelt.com\/de\/wp-json\/wp\/v2\/comments?post=297698"}],"version-history":[{"count":18,"href":"https:\/\/contibelt.com\/de\/wp-json\/wp\/v2\/pages\/297698\/revisions"}],"predecessor-version":[{"id":298619,"href":"https:\/\/contibelt.com\/de\/wp-json\/wp\/v2\/pages\/297698\/revisions\/298619"}],"wp:featuredmedia":[{"embeddable":true,"href":"https:\/\/contibelt.com\/de\/wp-json\/wp\/v2\/media\/3442"}],"wp:attachment":[{"href":"https:\/\/contibelt.com\/de\/wp-json\/wp\/v2\/media?parent=297698"}],"curies":[{"name":"wp","href":"https:\/\/api.w.org\/{rel}","templated":true}]}}