{"id":297682,"date":"2025-10-16T11:35:28","date_gmt":"2025-10-16T09:35:28","guid":{"rendered":"https:\/\/contibelt.baldneu.at\/history\/"},"modified":"2025-10-20T09:15:36","modified_gmt":"2025-10-20T07:15:36","slug":"geschichte","status":"publish","type":"page","link":"https:\/\/contibelt.com\/de\/geschichte\/","title":{"rendered":"Geschichte"},"content":{"rendered":"<div id='av_section_1'  class='avia-section av-j7f6u8-6b2997f521cbb2e212f89b8d471a7e5c main_color avia-section-default avia-no-shadow  avia-builder-el-0  avia-builder-el-no-sibling  avia-bg-style-scroll container_wrap fullsize'  ><div class='container av-section-cont-open' ><main  role=\"main\" itemprop=\"mainContentOfPage\"  class='template-page content  av-content-full alpha units'><div class='post-entry post-entry-type-page post-entry-297682'><div class='entry-content-wrapper clearfix'>\n<div  class='flex_column av-hcaco0-88793efc4d591e5bdc48fed1bcdf1def av_one_half  avia-builder-el-1  el_before_av_one_half  avia-builder-el-first  first flex_column_div  '     ><style type=\"text\/css\" data-created_by=\"avia_inline_auto\" id=\"style-css-av-mgs1niz2-c9e9ebb91038dde4a603c19794383401\">\n.avia-image-container.av-mgs1niz2-c9e9ebb91038dde4a603c19794383401 img.avia_image{\nbox-shadow:none;\n}\n.avia-image-container.av-mgs1niz2-c9e9ebb91038dde4a603c19794383401 .av-image-caption-overlay-center{\ncolor:#ffffff;\n}\n<\/style>\n<div  class='avia-image-container av-mgs1niz2-c9e9ebb91038dde4a603c19794383401 av-styling- avia_animated_image av-animated-when-visible-95 left-to-right avia-align-right  avia-builder-el-2  avia-builder-el-no-sibling '   itemprop=\"image\" itemscope=\"itemscope\" itemtype=\"https:\/\/schema.org\/ImageObject\" ><div class=\"avia-image-container-inner\"><div class=\"avia-image-overlay-wrap\"><img decoding=\"async\" fetchpriority=\"high\" class='wp-image-3570 avia-img-lazy-loading-not-3570 avia_image ' src=\"https:\/\/contibelt.com\/wp-content\/uploads\/2015\/08\/Geschichte_1200_800_versuch_groesser-1024x683.jpg\" alt='' title='Geschichte_1200_800_versuch_groesser'  height=\"683\" width=\"1024\"  itemprop=\"thumbnailUrl\" srcset=\"https:\/\/contibelt.com\/wp-content\/uploads\/2015\/08\/Geschichte_1200_800_versuch_groesser-1024x683.jpg 1024w, https:\/\/contibelt.com\/wp-content\/uploads\/2015\/08\/Geschichte_1200_800_versuch_groesser-300x200.jpg 300w, https:\/\/contibelt.com\/wp-content\/uploads\/2015\/08\/Geschichte_1200_800_versuch_groesser-500x333.jpg 500w, https:\/\/contibelt.com\/wp-content\/uploads\/2015\/08\/Geschichte_1200_800_versuch_groesser.jpg 1200w\" sizes=\"(max-width: 1024px) 100vw, 1024px\" \/><\/div><\/div><\/div><\/div><div  class='flex_column av-ggd37k-3e27c5ca6ea4a191dcc8f8df905cd9a7 av_one_half  avia-builder-el-3  el_after_av_one_half  el_before_av_hr  flex_column_div  '     ><section  class='av_textblock_section av-mgs1nr5e-f9151bfbcb3ea00ca40e9846136c1489 '   itemscope=\"itemscope\" itemtype=\"https:\/\/schema.org\/CreativeWork\" ><div class='avia_textblock'  itemprop=\"text\" ><h1>Geschichte<\/h1>\n<\/div><\/section><br \/>\n<div  class='hr av-dt5vkw-0a223981d2380439ad7eb043c2fb8fcf hr-short  avia-builder-el-5  el_after_av_textblock  el_before_av_textblock  hr-left'><span class='hr-inner '><span class=\"hr-inner-style\"><\/span><\/span><\/div><br \/>\n<section  class='av_textblock_section av-mgs1obij-d18c4cbf00285289023cc38cb1d35113 '   itemscope=\"itemscope\" itemtype=\"https:\/\/schema.org\/CreativeWork\" ><div class='avia_textblock'  itemprop=\"text\" ><p>Contibelt schreibt seit \u00fcber zwanzig Jahren an seiner eigenen Zukunft, genau wie Churchill es f\u00fcr sich selbst prognostiziert hat. Von einem kleinen drei Mann Unternehmen entwickelte sich Contibelt zu einem der f\u00fchrenden Lieferanten von Transport- und Prozessb\u00e4nder f\u00fcr industrielle Anwendungen. Jedes Jahr wachsen wir an den Herausforderungen und Anforderungen, die dieses Gesch\u00e4ft mit sich bringt \u2013 und wir wachsen auch physisch.<\/p>\n<p>In den 1883 gegr\u00fcndeten Heid-Werken von Nikolaus Heid stehen nun die Fertigungshallen von Contibelt. Dieser Ort atmet Geschichte \u2013 seit Jahrzehnten ist hier der Sitz der Firma Heid, die Saatgutaufbereitungsanlagen f\u00fcr die Landwirtschaft aber auch Werkzeugmaschinen f\u00fcr die Industrie hergestellt hat und noch immer herstellt. Es wurde hier schon immer Tradition mit Technik zusammengef\u00fchrt, um das beste Produkt f\u00fcr die Bed\u00fcrfnisse der Kunden zu schaffen. 1970 haben in der Maschinenfabrik Heid AG 1103 Menschen gearbeitet, eine Bereicherung f\u00fcr das Land. Dort kn\u00fcpft Contibelt an die Geschichte an \u2013 wir machen ein solides Produkt, als Verbesserung der Produktion unserer Kunden. Wir schaffen Arbeitspl\u00e4tze und bereiten den Boden f\u00fcr neue Ideen auf. Wir entwickeln und stehen nicht still \u2013 Wir schreiben Geschichte.<\/p>\n<\/div><\/section><br \/>\n<div  class='hr av-c6y41s-f9a59f0dced581bc0b798c3dd0c62cf6 hr-short  avia-builder-el-7  el_after_av_textblock  el_before_av_testimonials  hr-left'><span class='hr-inner '><span class=\"hr-inner-style\"><\/span><\/span><\/div><br \/>\n<div  class='avia-testimonial-wrapper av-mgs1ryu3-62a98d64c4ce07d57fb68d934f54c0e8 avia-slider-testimonials avia-slider-1-testimonials avia_animate_when_almost_visible av-slideshow-ui av-control-default av-no-slider-navigation av-slider-hover-pause av-slideshow-autoplay av-loop-endless av-loop-manual-endless' data-slideshow-options=\"{&quot;animation&quot;:&quot;fade&quot;,&quot;autoplay&quot;:true,&quot;loop_autoplay&quot;:&quot;endless&quot;,&quot;interval&quot;:5,&quot;loop_manual&quot;:&quot;manual-endless&quot;,&quot;autoplay_stopper&quot;:false,&quot;noNavigation&quot;:false,&quot;bg_slider&quot;:false,&quot;keep_padding&quot;:&quot;&quot;,&quot;hoverpause&quot;:true,&quot;show_slide_delay&quot;:0}\">\n<section class=\"avia-testimonial-row\"><div class='avia-testimonial av-mgs1rx6x-fa953f5ec371c7d5ad23c92c6ff55eb8 avia-testimonial-row-1 avia-first-testimonial flex_column no_margin av_one_full'><div class='avia-testimonial_inner'  itemscope=\"itemscope\" itemtype=\"https:\/\/schema.org\/CreativeWork\" ><div class='avia-testimonial-content '><div class='avia-testimonial-markup-entry-content'  itemprop=\"text\" ><p>History will be kind to me for I intend to write it!<\/p>\n<\/div><\/div><div class=\"avia-testimonial-meta\"><div class=\"avia-testimonial-arrow-wrap\"><div class=\"avia-arrow\"><\/div><\/div><div class='avia-testimonial-meta-mini'  itemprop=\"author\" itemscope=\"itemscope\" itemtype=\"https:\/\/schema.org\/Person\" ><strong  class='avia-testimonial-name'  itemprop=\"name\" >Winston Churchill<\/strong><\/div><\/div><\/div><\/div>\n<\/section><div class='avia-slideshow-arrows avia-slideshow-controls' ><a href='#prev' class='prev-slide  avia-svg-icon avia-font-svg_entypo-fontello' data-av_svg_icon='left-open-big' data-av_iconset='svg_entypo-fontello' tabindex='-1' title=\"Zur\u00fcck\"><svg version=\"1.1\" xmlns=\"http:\/\/www.w3.org\/2000\/svg\" width=\"15\" height=\"32\" viewBox=\"0 0 15 32\" preserveAspectRatio=\"xMidYMid meet\" aria-labelledby='av-svg-title-1' aria-describedby='av-svg-desc-1' role=\"graphics-symbol\" aria-hidden=\"true\">\n<title id='av-svg-title-1'>Zur\u00fcck<\/title>\n<desc id='av-svg-desc-1'>Zur\u00fcck<\/desc>\n<path d=\"M14.464 27.84q0.832 0.832 0 1.536-0.832 0.832-1.536 0l-12.544-12.608q-0.768-0.768 0-1.6l12.544-12.608q0.704-0.832 1.536 0 0.832 0.704 0 1.536l-11.456 11.904z\"><\/path>\n<\/svg><span class='avia_hidden_link_text'>Zur\u00fcck<\/span><\/a><a href='#next' class='next-slide  avia-svg-icon avia-font-svg_entypo-fontello' data-av_svg_icon='right-open-big' data-av_iconset='svg_entypo-fontello' tabindex='-1' title=\"Weiter\"><svg version=\"1.1\" xmlns=\"http:\/\/www.w3.org\/2000\/svg\" width=\"15\" height=\"32\" viewBox=\"0 0 15 32\" preserveAspectRatio=\"xMidYMid meet\" aria-labelledby='av-svg-title-2' aria-describedby='av-svg-desc-2' role=\"graphics-symbol\" aria-hidden=\"true\">\n<title id='av-svg-title-2'>Weiter<\/title>\n<desc id='av-svg-desc-2'>Weiter<\/desc>\n<path d=\"M0.416 27.84l11.456-11.84-11.456-11.904q-0.832-0.832 0-1.536 0.832-0.832 1.536 0l12.544 12.608q0.768 0.832 0 1.6l-12.544 12.608q-0.704 0.832-1.536 0-0.832-0.704 0-1.536z\"><\/path>\n<\/svg><span class='avia_hidden_link_text'>Weiter<\/span><\/a><\/div><\/div><\/p><\/div><div  class='hr av-al4phs-525bc09df8bb4f17c956727b2187edef hr-full  avia-builder-el-9  el_after_av_one_half  el_before_av_textblock  hr-no-shadow'><span class='hr-inner '><span class=\"hr-inner-style\"><\/span><\/span><\/div>\n<section  class='av_textblock_section av-9tywvk-f63ea591491b3b2094e2b173ae295c00 '   itemscope=\"itemscope\" itemtype=\"https:\/\/schema.org\/CreativeWork\" ><div class='avia_textblock'  itemprop=\"text\" ><h2 style=\"text-align: center;\">Das k\u00f6nnte Sie auch interessieren:<\/h2>\n<\/div><\/section>\n<div  class='avia-content-slider-element-container av-7y5fcw-4873a2044e9a687d16bc5bd059fc5bd5 avia-content-slider-element-slider avia-content-slider avia-smallarrow-slider avia-content-slider-active avia-content-slider-odd  avia-builder-el-11  el_after_av_textblock  avia-builder-el-last  av-slideshow-ui av-control-default av-nav-arrows-visible av-nav-dots-visible av-no-slider-navigation av-slideshow-manual av-loop-once av-loop-manual-endless avia-content-slider1' data-slideshow-options=\"{&quot;animation&quot;:&quot;slide&quot;,&quot;autoplay&quot;:false,&quot;loop_autoplay&quot;:&quot;once&quot;,&quot;interval&quot;:5,&quot;loop_manual&quot;:&quot;manual-endless&quot;,&quot;autoplay_stopper&quot;:false,&quot;noNavigation&quot;:false,&quot;bg_slider&quot;:false,&quot;keep_padding&quot;:&quot;&quot;,&quot;hoverpause&quot;:false,&quot;show_slide_delay&quot;:30}\"><div class='avia-smallarrow-slider-heading  no-content-slider-heading '><div class='new-special-heading'>&nbsp;<\/div><\/div><div class=\"avia-content-slider-inner\"><div class=\"slide-entry-wrap\"><section class='slide-entry av-5qbeuo-e2028346a0a298f93d6630139b122c1f flex_column av_one_third post-entry slide-entry-overview slide-loop-1 slide-parity-odd  first'  itemscope=\"itemscope\" itemtype=\"https:\/\/schema.org\/CreativeWork\" ><h3 class='slide-entry-title entry-title '  itemprop=\"headline\" ><a href='https:\/\/contibelt.com\/de\/ueber-uns\/'  title='\u00dcber uns'>\u00dcber uns<\/a><\/h3><div class='slide-entry-excerpt entry-content'  itemprop=\"text\" ><p><a href=\"https:\/\/contibelt.com\/de\/ueber-uns\/\"><img loading=\"lazy\" decoding=\"async\" class=\"alignnone size-full wp-image-2758\" src=\"https:\/\/contibelt.com\/wp-content\/uploads\/2015\/07\/2_about_us.jpg\" alt=\"\" width=\"1200\" height=\"800\" \/><\/a><\/p>\n<\/div><\/section><section class='slide-entry av-438zxc-f7ea7d422e3257dde394a116875e07d7 flex_column av_one_third post-entry slide-entry-overview slide-loop-2 slide-parity-even  '  itemscope=\"itemscope\" itemtype=\"https:\/\/schema.org\/CreativeWork\" ><h3 class='slide-entry-title entry-title '  itemprop=\"headline\" ><a href='https:\/\/contibelt.com\/de\/service\/'  title='Service'>Service<\/a><\/h3><div class='slide-entry-excerpt entry-content'  itemprop=\"text\" ><p><a href=\"https:\/\/contibelt.com\/de\/service\/\"><img loading=\"lazy\" decoding=\"async\" class=\"alignnone size-full wp-image-2771\" src=\"https:\/\/contibelt.com\/wp-content\/uploads\/2015\/07\/6_service.jpg\" alt=\"\" width=\"1200\" height=\"800\" \/><\/a><\/p>\n<\/div><\/section><section class='slide-entry av-36ty1c-96638f1d2b823d82a809fc5031cc4acf flex_column av_one_third post-entry slide-entry-overview slide-loop-3 slide-parity-odd  post-entry-last  '  itemscope=\"itemscope\" itemtype=\"https:\/\/schema.org\/CreativeWork\" ><h3 class='slide-entry-title entry-title '  itemprop=\"headline\" ><a href='https:\/\/contibelt.com\/de\/downloads\/'  title='Downloads'>Downloads<\/a><\/h3><div class='slide-entry-excerpt entry-content'  itemprop=\"text\" ><p><a href=\"https:\/\/contibelt.com\/de\/downloads\/\"><img loading=\"lazy\" decoding=\"async\" class=\"alignnone size-full wp-image-3965\" src=\"https:\/\/contibelt.com\/wp-content\/uploads\/2015\/07\/4_downloads.jpg\" alt=\"\" width=\"1200\" height=\"800\" \/><\/a><\/p>\n<\/div><\/section><\/div><\/div><\/div>\n\n","protected":false},"excerpt":{"rendered":"","protected":false},"author":2,"featured_media":3570,"parent":0,"menu_order":0,"comment_status":"open","ping_status":"open","template":"","meta":{"footnotes":""},"class_list":["post-297682","page","type-page","status-publish","has-post-thumbnail","hentry"],"_links":{"self":[{"href":"https:\/\/contibelt.com\/de\/wp-json\/wp\/v2\/pages\/297682","targetHints":{"allow":["GET"]}}],"collection":[{"href":"https:\/\/contibelt.com\/de\/wp-json\/wp\/v2\/pages"}],"about":[{"href":"https:\/\/contibelt.com\/de\/wp-json\/wp\/v2\/types\/page"}],"author":[{"embeddable":true,"href":"https:\/\/contibelt.com\/de\/wp-json\/wp\/v2\/users\/2"}],"replies":[{"embeddable":true,"href":"https:\/\/contibelt.com\/de\/wp-json\/wp\/v2\/comments?post=297682"}],"version-history":[{"count":22,"href":"https:\/\/contibelt.com\/de\/wp-json\/wp\/v2\/pages\/297682\/revisions"}],"predecessor-version":[{"id":298859,"href":"https:\/\/contibelt.com\/de\/wp-json\/wp\/v2\/pages\/297682\/revisions\/298859"}],"wp:featuredmedia":[{"embeddable":true,"href":"https:\/\/contibelt.com\/de\/wp-json\/wp\/v2\/media\/3570"}],"wp:attachment":[{"href":"https:\/\/contibelt.com\/de\/wp-json\/wp\/v2\/media?parent=297682"}],"curies":[{"name":"wp","href":"https:\/\/api.w.org\/{rel}","templated":true}]}}