{"id":297571,"date":"2025-10-16T11:15:01","date_gmt":"2025-10-16T09:15:01","guid":{"rendered":"https:\/\/contibelt.baldneu.at\/essbare-folien\/"},"modified":"2025-10-16T14:13:48","modified_gmt":"2025-10-16T12:13:48","slug":"essbarefolien","status":"publish","type":"page","link":"https:\/\/contibelt.com\/de\/essbarefolien\/","title":{"rendered":"Essbare Folien"},"content":{"rendered":"<div id='av_section_1'  class='avia-section av-gtvmut-4317a0fb81b151b8eb4dc950404712ae main_color avia-section-default avia-no-shadow  avia-builder-el-0  avia-builder-el-no-sibling  avia-bg-style-scroll container_wrap fullsize'  ><div class='container av-section-cont-open' ><main  role=\"main\" itemprop=\"mainContentOfPage\"  class='template-page content  av-content-full alpha units'><div class='post-entry post-entry-type-page post-entry-297571'><div class='entry-content-wrapper clearfix'>\n<div  class='flex_column av-fy5nqt-c3fd307fc1c8600a39de93653405e15f av_one_half  avia-builder-el-1  el_before_av_one_half  avia-builder-el-first  first flex_column_div  '     ><style type=\"text\/css\" data-created_by=\"avia_inline_auto\" id=\"style-css-av-mgs0gsjy-0a56bc3f261923b2195833cbe2d77de0\">\n.avia-image-container.av-mgs0gsjy-0a56bc3f261923b2195833cbe2d77de0 img.avia_image{\nbox-shadow:none;\n}\n.avia-image-container.av-mgs0gsjy-0a56bc3f261923b2195833cbe2d77de0 .av-image-caption-overlay-center{\ncolor:#ffffff;\n}\n<\/style>\n<div  class='avia-image-container av-mgs0gsjy-0a56bc3f261923b2195833cbe2d77de0 av-styling- avia_animated_image av-animated-when-visible-95 left-to-right avia-align-right  avia-builder-el-2  avia-builder-el-no-sibling '   itemprop=\"image\" itemscope=\"itemscope\" itemtype=\"https:\/\/schema.org\/ImageObject\" ><div class=\"avia-image-container-inner\"><div class=\"avia-image-overlay-wrap\"><img decoding=\"async\" fetchpriority=\"high\" class='wp-image-3478 avia-img-lazy-loading-not-3478 avia_image ' src=\"https:\/\/contibelt.com\/wp-content\/uploads\/2015\/09\/DSC_0350_oraldissolvingfilm_1200_800_nachbearbeitet_versuch-1024x683.jpg\" alt='' title='DSC_0350_oraldissolvingfilm_1200_800_nachbearbeitet_versuch'  height=\"683\" width=\"1024\"  itemprop=\"thumbnailUrl\" srcset=\"https:\/\/contibelt.com\/wp-content\/uploads\/2015\/09\/DSC_0350_oraldissolvingfilm_1200_800_nachbearbeitet_versuch-1024x683.jpg 1024w, https:\/\/contibelt.com\/wp-content\/uploads\/2015\/09\/DSC_0350_oraldissolvingfilm_1200_800_nachbearbeitet_versuch-300x200.jpg 300w, https:\/\/contibelt.com\/wp-content\/uploads\/2015\/09\/DSC_0350_oraldissolvingfilm_1200_800_nachbearbeitet_versuch-500x333.jpg 500w, https:\/\/contibelt.com\/wp-content\/uploads\/2015\/09\/DSC_0350_oraldissolvingfilm_1200_800_nachbearbeitet_versuch.jpg 1200w\" sizes=\"(max-width: 1024px) 100vw, 1024px\" \/><\/div><\/div><\/div><\/div><div  class='flex_column av-dpx2jp-d1ab0f04e2cd8bce0bb6322f882e01ae av_one_half  avia-builder-el-3  el_after_av_one_half  el_before_av_hr  flex_column_div  '     ><section  class='av_textblock_section av-mgs0ez6f-5a39d2bc5554108394d0fbd6a49ade6d '   itemscope=\"itemscope\" itemtype=\"https:\/\/schema.org\/CreativeWork\" ><div class='avia_textblock'  itemprop=\"text\" ><h1>Essbare Folien<\/h1>\n<\/div><\/section><br \/>\n<div  class='hr av-cysznp-a84fd3ca78967cdd38cbfd7d6abfca0d hr-short  avia-builder-el-5  el_after_av_textblock  el_before_av_textblock  hr-left'><span class='hr-inner '><span class=\"hr-inner-style\"><\/span><\/span><\/div><br \/>\n<section  class='av_textblock_section av-mgs0fako-d1f664db2d4186b853e88be7266bd282 '   itemscope=\"itemscope\" itemtype=\"https:\/\/schema.org\/CreativeWork\" ><div class='avia_textblock'  itemprop=\"text\" ><p>Hauchd\u00fcnne, pr\u00e4zise Filme sind in der Pharma- und Lebensmittelindustrie ein gro\u00dfes Thema. \u201eFilmgie\u00dfen\u201c ist eine Anwendung, bei der ein fl\u00fcssiger Stoff in einen festen gewandelt wird. Dazu muss der Untergrund Temperatur gut auf das Produkt \u00fcbertragen k\u00f6nnen, hygienisch sein, hervorragende Reinigungseigenschaften besitzen und eine genau spezifizierte Oberfl\u00e4chenbeschaffenheit haben \u2013 das alles bietet Ihnen ein Prozessband von Contibelt. Hier finden Sie die genauen Angaben zu diesem Produkt: <a href=\"http:\/\/www.contibelt.com\/wp-content\/uploads\/2015\/11\/application-chemicals.pdf\" target=\"_blank\" rel=\"noopener\">Essbare Folien<\/a><\/p>\n<\/div><\/section><br \/>\n<div  class='hr av-abamsl-617ee15c6517aca79ec91610d13fc2c9 hr-short  avia-builder-el-7  el_after_av_textblock  el_before_av_textblock  hr-left'><span class='hr-inner '><span class=\"hr-inner-style\"><\/span><\/span><\/div><br \/>\n<section  class='av_textblock_section av-mgs0g3wj-9764d94f88971e93ec6cb51fdd0adb54 '   itemscope=\"itemscope\" itemtype=\"https:\/\/schema.org\/CreativeWork\" ><div class='avia_textblock'  itemprop=\"text\" ><h3>Weiterf\u00fchrende Dokumente:<\/h3>\n<p><a href=\"http:\/\/www.contibelt.com\/wp-content\/uploads\/2015\/11\/Material-Data-Sheet-CB-301-SGA.pdf\" target=\"_blank\" rel=\"noopener\">Werkstoff CB 301 SGA<\/a><br \/>\n<a href=\"http:\/\/www.contibelt.com\/wp-content\/uploads\/2015\/11\/Material-Data-Sheet-CB-316-SGA.pdf\" target=\"_blank\" rel=\"noopener\">Werkstoff CB 316 SGA<\/a><br \/>\n<a href=\"http:\/\/www.contibelt.com\/wp-content\/uploads\/2015\/11\/Material-Data-Sheet-CB-630-SGM.pdf\" target=\"_blank\" rel=\"noopener\">Material Data Sheet: CB 630 SGM<\/a><\/p>\n<\/div><\/section><\/p><\/div><div  class='hr av-9js6xh-23184f5530a0b8049ace8293c7ef00a4 hr-full  avia-builder-el-9  el_after_av_one_half  el_before_av_textblock  hr-no-shadow'><span class='hr-inner '><span class=\"hr-inner-style\"><\/span><\/span><\/div>\n<section  class='av_textblock_section av-revhx-8d82ba7e7f94c94aa0c2ba5056996bc7 '   itemscope=\"itemscope\" itemtype=\"https:\/\/schema.org\/CreativeWork\" ><div class='avia_textblock'  itemprop=\"text\" ><h2 style=\"text-align: center;\">Das k\u00f6nnte Sie auch interessieren:<\/h2>\n<\/div><\/section>\n<div  class='avia-content-slider-element-container av-mgs0i0jp-1e73cd91a3003cde0ed494e45f42afff avia-content-slider-element-slider avia-content-slider avia-smallarrow-slider avia-content-slider-active avia-content-slider-odd  avia-builder-el-11  el_after_av_textblock  avia-builder-el-last  av-slideshow-ui av-control-default av-nav-arrows-visible av-nav-dots-visible av-no-slider-navigation av-slideshow-manual av-loop-once av-loop-manual-endless avia-content-slider1' data-slideshow-options=\"{&quot;animation&quot;:&quot;slide&quot;,&quot;autoplay&quot;:false,&quot;loop_autoplay&quot;:&quot;once&quot;,&quot;interval&quot;:5,&quot;loop_manual&quot;:&quot;manual-endless&quot;,&quot;autoplay_stopper&quot;:false,&quot;noNavigation&quot;:false,&quot;bg_slider&quot;:false,&quot;keep_padding&quot;:&quot;&quot;,&quot;hoverpause&quot;:false,&quot;show_slide_delay&quot;:30}\"><div class='avia-smallarrow-slider-heading  no-content-slider-heading '><div class='new-special-heading'>&nbsp;<\/div><\/div><div class=\"avia-content-slider-inner\"><div class=\"slide-entry-wrap\"><section class='slide-entry av-kaqth-b56bd0696531fc315259fdff3cd43d50 flex_column av_one_third post-entry slide-entry-overview slide-loop-1 slide-parity-odd  first'  itemscope=\"itemscope\" itemtype=\"https:\/\/schema.org\/CreativeWork\" ><h3 class='slide-entry-title entry-title '  itemprop=\"headline\" ><a href='https:\/\/contibelt.com\/de\/pastillen\/'  title='Pastillen'>Pastillen<\/a><\/h3><div class='slide-entry-excerpt entry-content'  itemprop=\"text\" ><p><a href=\"https:\/\/contibelt.com\/de\/pastillen\/\"><img loading=\"lazy\" decoding=\"async\" class=\"alignleft wp-image-2964 size-medium\" src=\"https:\/\/contibelt.com\/wp-content\/uploads\/2015\/08\/bienenwachs-gelb_1200_800-300x200.jpg\" alt=\"\" width=\"300\" height=\"200\" srcset=\"https:\/\/contibelt.com\/wp-content\/uploads\/2015\/08\/bienenwachs-gelb_1200_800-300x200.jpg 300w, https:\/\/contibelt.com\/wp-content\/uploads\/2015\/08\/bienenwachs-gelb_1200_800-1024x683.jpg 1024w, https:\/\/contibelt.com\/wp-content\/uploads\/2015\/08\/bienenwachs-gelb_1200_800-500x333.jpg 500w, https:\/\/contibelt.com\/wp-content\/uploads\/2015\/08\/bienenwachs-gelb_1200_800.jpg 1200w\" sizes=\"auto, (max-width: 300px) 100vw, 300px\" \/><\/a><\/p>\n<\/div><\/section><section class='slide-entry av-epwvp-91b47ca75e83752b275f71fdb02fed1c flex_column av_one_third post-entry slide-entry-overview slide-loop-2 slide-parity-even  '  itemscope=\"itemscope\" itemtype=\"https:\/\/schema.org\/CreativeWork\" ><h3 class='slide-entry-title entry-title '  itemprop=\"headline\" ><a href='https:\/\/contibelt.com\/de\/tabakverarbeitung\/'  title='Tabakproduktion'>Tabakproduktion<\/a><\/h3><div class='slide-entry-excerpt entry-content'  itemprop=\"text\" ><p><a href=\"https:\/\/contibelt.com\/de\/tabakverarbeitung\/\"><img loading=\"lazy\" decoding=\"async\" class=\"size-medium wp-image-3512\" src=\"https:\/\/contibelt.com\/wp-content\/uploads\/2015\/09\/iStock_000019206862XXLarge_Tabak_1200_800_versuch-300x200.jpg\" alt=\"\" width=\"300\" height=\"200\" srcset=\"https:\/\/contibelt.com\/wp-content\/uploads\/2015\/09\/iStock_000019206862XXLarge_Tabak_1200_800_versuch-300x200.jpg 300w, https:\/\/contibelt.com\/wp-content\/uploads\/2015\/09\/iStock_000019206862XXLarge_Tabak_1200_800_versuch-1024x683.jpg 1024w, https:\/\/contibelt.com\/wp-content\/uploads\/2015\/09\/iStock_000019206862XXLarge_Tabak_1200_800_versuch-500x333.jpg 500w, https:\/\/contibelt.com\/wp-content\/uploads\/2015\/09\/iStock_000019206862XXLarge_Tabak_1200_800_versuch.jpg 1200w\" sizes=\"auto, (max-width: 300px) 100vw, 300px\" \/><\/a><\/p>\n<\/div><\/section><section class='slide-entry av-bue11-ab8ac905ef6cc454a3062393755ac30b flex_column av_one_third post-entry slide-entry-overview slide-loop-3 slide-parity-odd  post-entry-last  '  itemscope=\"itemscope\" itemtype=\"https:\/\/schema.org\/CreativeWork\" ><h3 class='slide-entry-title entry-title '  itemprop=\"headline\" ><a href='https:\/\/contibelt.com\/de\/membranen\/'  title='Membranen'>Membranen<\/a><\/h3><div class='slide-entry-excerpt entry-content'  itemprop=\"text\" ><p><a href=\"https:\/\/contibelt.com\/de\/membranen\/\"><img loading=\"lazy\" decoding=\"async\" class=\"alignnone size-medium wp-image-3476\" src=\"https:\/\/contibelt.com\/wp-content\/uploads\/2015\/09\/nasenspray-versuch-drei-ganz-wei%C3%9F-_1200_800_versuch-300x200.jpg\" alt=\"\" width=\"300\" height=\"200\"\/><\/a><\/p>\n<\/div><\/section><\/div><\/div><\/div>\n\n","protected":false},"excerpt":{"rendered":"","protected":false},"author":2,"featured_media":3478,"parent":0,"menu_order":0,"comment_status":"open","ping_status":"open","template":"","meta":{"footnotes":""},"class_list":["post-297571","page","type-page","status-publish","has-post-thumbnail","hentry"],"_links":{"self":[{"href":"https:\/\/contibelt.com\/de\/wp-json\/wp\/v2\/pages\/297571","targetHints":{"allow":["GET"]}}],"collection":[{"href":"https:\/\/contibelt.com\/de\/wp-json\/wp\/v2\/pages"}],"about":[{"href":"https:\/\/contibelt.com\/de\/wp-json\/wp\/v2\/types\/page"}],"author":[{"embeddable":true,"href":"https:\/\/contibelt.com\/de\/wp-json\/wp\/v2\/users\/2"}],"replies":[{"embeddable":true,"href":"https:\/\/contibelt.com\/de\/wp-json\/wp\/v2\/comments?post=297571"}],"version-history":[{"count":22,"href":"https:\/\/contibelt.com\/de\/wp-json\/wp\/v2\/pages\/297571\/revisions"}],"predecessor-version":[{"id":298539,"href":"https:\/\/contibelt.com\/de\/wp-json\/wp\/v2\/pages\/297571\/revisions\/298539"}],"wp:featuredmedia":[{"embeddable":true,"href":"https:\/\/contibelt.com\/de\/wp-json\/wp\/v2\/media\/3478"}],"wp:attachment":[{"href":"https:\/\/contibelt.com\/de\/wp-json\/wp\/v2\/media?parent=297571"}],"curies":[{"name":"wp","href":"https:\/\/api.w.org\/{rel}","templated":true}]}}