{"id":297533,"date":"2025-10-16T11:08:24","date_gmt":"2025-10-16T09:08:24","guid":{"rendered":"https:\/\/contibelt.baldneu.at\/kakaomasse-2\/"},"modified":"2025-10-16T14:13:19","modified_gmt":"2025-10-16T12:13:19","slug":"kakaomasse","status":"publish","type":"page","link":"https:\/\/contibelt.com\/de\/kakaomasse\/","title":{"rendered":"Kakaomasse"},"content":{"rendered":"<div id='av_section_1'  class='avia-section av-hndve4-76fe0ce2d1115b083e9a8ec680ac51cd main_color avia-section-default avia-no-shadow  avia-builder-el-0  avia-builder-el-no-sibling  avia-bg-style-scroll container_wrap fullsize'  ><div class='container av-section-cont-open' ><main  role=\"main\" itemprop=\"mainContentOfPage\"  class='template-page content  av-content-full alpha units'><div class='post-entry post-entry-type-page post-entry-297533'><div class='entry-content-wrapper clearfix'>\n<div  class='flex_column av-g9tja4-2d6d23c56a76cd9051997f08078d13fc av_one_half  avia-builder-el-1  el_before_av_one_half  avia-builder-el-first  first flex_column_div  '     ><style type=\"text\/css\" data-created_by=\"avia_inline_auto\" id=\"style-css-av-mgrzi99c-77099e880e7250c33898354f5f0d3b1e\">\n.avia-image-container.av-mgrzi99c-77099e880e7250c33898354f5f0d3b1e img.avia_image{\nbox-shadow:none;\n}\n.avia-image-container.av-mgrzi99c-77099e880e7250c33898354f5f0d3b1e .av-image-caption-overlay-center{\ncolor:#ffffff;\n}\n<\/style>\n<div  class='avia-image-container av-mgrzi99c-77099e880e7250c33898354f5f0d3b1e av-styling- avia_animated_image av-animated-when-visible-95 left-to-right avia-align-right  avia-builder-el-2  avia-builder-el-no-sibling '   itemprop=\"image\" itemscope=\"itemscope\" itemtype=\"https:\/\/schema.org\/ImageObject\" ><div class=\"avia-image-container-inner\"><div class=\"avia-image-overlay-wrap\"><img decoding=\"async\" fetchpriority=\"high\" class='wp-image-2792 avia-img-lazy-loading-not-2792 avia_image ' src=\"https:\/\/contibelt.com\/wp-content\/uploads\/2015\/07\/19_Kakaomasse.jpg\" alt='' title='Kakaomasse'  height=\"800\" width=\"1200\"  itemprop=\"thumbnailUrl\"  \/><\/div><\/div><\/div><\/div><div  class='flex_column av-dhphws-43de6934d5f279f2c97da4d77efc5edb av_one_half  avia-builder-el-3  el_after_av_one_half  el_before_av_hr  flex_column_div  '     ><section  class='av_textblock_section av-mgrzis1s-3665e7b061e13863167442c1f55adc65 '   itemscope=\"itemscope\" itemtype=\"https:\/\/schema.org\/CreativeWork\" ><div class='avia_textblock'  itemprop=\"text\" ><h1>Kakaomasse<\/h1>\n<\/div><\/section><br \/>\n<div  class='hr av-d2pdgs-14d0708c644b3fd02b1981b14945e723 hr-short  avia-builder-el-5  el_after_av_textblock  el_before_av_textblock  hr-left'><span class='hr-inner '><span class=\"hr-inner-style\"><\/span><\/span><\/div><br \/>\n<section  class='av_textblock_section av-mgrziky7-4ee3415974d24b3b10929b516814677b '   itemscope=\"itemscope\" itemtype=\"https:\/\/schema.org\/CreativeWork\" ><div class='avia_textblock'  itemprop=\"text\" ><p>Bei der Herstellung von Schokolade wird Kakaomasse haupts\u00e4chlich auf B\u00e4ndern aus Spezialst\u00e4hlen transportiert. Eine Innovation in diesem Gebiet war der von Contibelt eingef\u00fchrte Werkstoff aus mikrostrukturiertem, ferritischen Spezialstahl CB 105 SGF. Leicht schwei\u00df- und reparierbar macht er Endlosverbindungen wie Nieten \u00fcberfl\u00fcssig, und reduziert so den Wartungsaufwand der B\u00e4nder. Hygienische Reinigung, Widerstandsf\u00e4higkeit und einfache Wartung macht ein Stahlband von Contibelt in dieser Anwendung unschlagbar. Hier finden Sie die genauen Angaben zu diesem Produkt: <strong><a href=\"http:\/\/www.contibelt.com\/wp-content\/uploads\/2015\/11\/application-chocolate.pdf\" target=\"_blank\" rel=\"noopener\">Kakaomasse<\/a><\/strong><\/p>\n<\/div><\/section><br \/>\n<div  class='hr av-bgp3zw-a6e64ea68dc09e2165bac68e5e21e94f hr-short  avia-builder-el-7  el_after_av_textblock  el_before_av_textblock  hr-left'><span class='hr-inner '><span class=\"hr-inner-style\"><\/span><\/span><\/div><br \/>\n<section  class='av_textblock_section av-mgrzjjsp-3adc74d3871d2563d4f3dce0d244193d '   itemscope=\"itemscope\" itemtype=\"https:\/\/schema.org\/CreativeWork\" ><div class='avia_textblock'  itemprop=\"text\" ><h3>Weiterf\u00fchrende Dokumente:<\/h3>\n<p><a href=\"\/wp-content\/uploads\/2015\/11\/Material-Data-Sheet-CB-105-SGF.pdf\" target=\"_blank\" rel=\"noopener\">Werkstoff CB 105 SGF<\/a><\/p>\n<\/div><\/section><\/p><\/div><div  class='hr av-9nod0s-5c789efe94ce091ca8f511c001e315f7 hr-full  avia-builder-el-9  el_after_av_one_half  el_before_av_textblock  hr-no-shadow'><span class='hr-inner '><span class=\"hr-inner-style\"><\/span><\/span><\/div>\n<section  class='av_textblock_section av-7vl1r0-bf80636777fc3c586cc4508e7024a653 '   itemscope=\"itemscope\" itemtype=\"https:\/\/schema.org\/CreativeWork\" ><div class='avia_textblock'  itemprop=\"text\" ><h2 style=\"text-align: center;\">Das k\u00f6nnte Sie auch interessieren:<\/h2>\n<\/div><\/section>\n<div  class='avia-content-slider-element-container av-mgrzmlgh-1283975b557bd1743650642f659e4407 avia-content-slider-element-slider avia-content-slider avia-smallarrow-slider avia-content-slider-active avia-content-slider-odd  avia-builder-el-11  el_after_av_textblock  avia-builder-el-last  av-slideshow-ui av-control-default av-nav-arrows-visible av-nav-dots-visible av-no-slider-navigation av-slideshow-manual av-loop-once av-loop-manual-endless avia-content-slider1' data-slideshow-options=\"{&quot;animation&quot;:&quot;slide&quot;,&quot;autoplay&quot;:false,&quot;loop_autoplay&quot;:&quot;once&quot;,&quot;interval&quot;:5,&quot;loop_manual&quot;:&quot;manual-endless&quot;,&quot;autoplay_stopper&quot;:false,&quot;noNavigation&quot;:false,&quot;bg_slider&quot;:false,&quot;keep_padding&quot;:&quot;&quot;,&quot;hoverpause&quot;:false,&quot;show_slide_delay&quot;:30}\"><div class='avia-smallarrow-slider-heading  no-content-slider-heading '><div class='new-special-heading'>&nbsp;<\/div><\/div><div class=\"avia-content-slider-inner\"><div class=\"slide-entry-wrap\"><section class='slide-entry av-5rt7l8-2af28e5453d0b62fa6db6de1836c811d flex_column av_one_third post-entry slide-entry-overview slide-loop-1 slide-parity-odd  first'  itemscope=\"itemscope\" itemtype=\"https:\/\/schema.org\/CreativeWork\" ><h3 class='slide-entry-title entry-title '  itemprop=\"headline\" ><a href='https:\/\/contibelt.com\/de\/tiefkuehlkost\/'  title='Tiefk\u00fchlkost'>Tiefk\u00fchlkost<\/a><\/h3><div class='slide-entry-excerpt entry-content'  itemprop=\"text\" ><p><a href=\"https:\/\/contibelt.com\/de\/tiefkuehlkost\/\"><img loading=\"lazy\" decoding=\"async\" class=\"size-medium wp-image-3448\" src=\"https:\/\/contibelt.com\/wp-content\/uploads\/2015\/09\/iStock_000047232570XLarge_-Tiefk%C3%BChlfr%C3%BCchte_nachbearbeitet_1200_800_versuch-300x200.jpg\" alt=\"\" width=\"300\" height=\"200\"\/><\/a><\/p>\n<\/div><\/section><section class='slide-entry av-4k34x8-3ff68af1d43180028cfdadbec2dfb01a flex_column av_one_third post-entry slide-entry-overview slide-loop-2 slide-parity-even  '  itemscope=\"itemscope\" itemtype=\"https:\/\/schema.org\/CreativeWork\" ><h3 class='slide-entry-title entry-title '  itemprop=\"headline\" ><a href='https:\/\/contibelt.com\/de\/schokodrops\/'  title='Schokoladenst\u00fcckchen'>Schokoladenst\u00fcckchen<\/a><\/h3><div class='slide-entry-excerpt entry-content'  itemprop=\"text\" ><p><a href=\"https:\/\/contibelt.com\/de\/schokodrops\/\"><img loading=\"lazy\" decoding=\"async\" class=\"size-medium wp-image-3468\" src=\"https:\/\/contibelt.com\/wp-content\/uploads\/2015\/09\/Fotolia_78247535_1200_800_Schokodrops_versuch-300x200.jpg\" alt=\"\" width=\"300\" height=\"200\" srcset=\"https:\/\/contibelt.com\/wp-content\/uploads\/2015\/09\/Fotolia_78247535_1200_800_Schokodrops_versuch-300x200.jpg 300w, https:\/\/contibelt.com\/wp-content\/uploads\/2015\/09\/Fotolia_78247535_1200_800_Schokodrops_versuch-1024x683.jpg 1024w, https:\/\/contibelt.com\/wp-content\/uploads\/2015\/09\/Fotolia_78247535_1200_800_Schokodrops_versuch-500x333.jpg 500w, https:\/\/contibelt.com\/wp-content\/uploads\/2015\/09\/Fotolia_78247535_1200_800_Schokodrops_versuch.jpg 1200w\" sizes=\"auto, (max-width: 300px) 100vw, 300px\" \/><\/a><\/p>\n<\/div><\/section><section class='slide-entry av-28ib0s-47f9789b0b334306e0ab997c22503bdb flex_column av_one_third post-entry slide-entry-overview slide-loop-3 slide-parity-odd  post-entry-last  '  itemscope=\"itemscope\" itemtype=\"https:\/\/schema.org\/CreativeWork\" ><h3 class='slide-entry-title entry-title '  itemprop=\"headline\" ><a href='https:\/\/contibelt.com\/de\/zuckermasse\/'  title='Hartbonbons'>Hartbonbons<\/a><\/h3><div class='slide-entry-excerpt entry-content'  itemprop=\"text\" ><p><a href=\"https:\/\/contibelt.com\/de\/zuckermasse\/\"><img loading=\"lazy\" decoding=\"async\" class=\"size-medium wp-image-3464\" src=\"https:\/\/contibelt.com\/wp-content\/uploads\/2015\/09\/Fotolia_10831803_1200_800_-Zuckerl_versuch-300x200.jpg\" alt=\"\" width=\"300\" height=\"200\" srcset=\"https:\/\/contibelt.com\/wp-content\/uploads\/2015\/09\/Fotolia_10831803_1200_800_-Zuckerl_versuch-300x200.jpg 300w, https:\/\/contibelt.com\/wp-content\/uploads\/2015\/09\/Fotolia_10831803_1200_800_-Zuckerl_versuch-1024x683.jpg 1024w, https:\/\/contibelt.com\/wp-content\/uploads\/2015\/09\/Fotolia_10831803_1200_800_-Zuckerl_versuch-500x333.jpg 500w, https:\/\/contibelt.com\/wp-content\/uploads\/2015\/09\/Fotolia_10831803_1200_800_-Zuckerl_versuch.jpg 1200w\" sizes=\"auto, (max-width: 300px) 100vw, 300px\" \/><\/a><\/p>\n<\/div><\/section><\/div><\/div><\/div>\n\n","protected":false},"excerpt":{"rendered":"","protected":false},"author":2,"featured_media":3470,"parent":0,"menu_order":0,"comment_status":"open","ping_status":"open","template":"","meta":{"footnotes":""},"class_list":["post-297533","page","type-page","status-publish","has-post-thumbnail","hentry"],"_links":{"self":[{"href":"https:\/\/contibelt.com\/de\/wp-json\/wp\/v2\/pages\/297533","targetHints":{"allow":["GET"]}}],"collection":[{"href":"https:\/\/contibelt.com\/de\/wp-json\/wp\/v2\/pages"}],"about":[{"href":"https:\/\/contibelt.com\/de\/wp-json\/wp\/v2\/types\/page"}],"author":[{"embeddable":true,"href":"https:\/\/contibelt.com\/de\/wp-json\/wp\/v2\/users\/2"}],"replies":[{"embeddable":true,"href":"https:\/\/contibelt.com\/de\/wp-json\/wp\/v2\/comments?post=297533"}],"version-history":[{"count":19,"href":"https:\/\/contibelt.com\/de\/wp-json\/wp\/v2\/pages\/297533\/revisions"}],"predecessor-version":[{"id":298535,"href":"https:\/\/contibelt.com\/de\/wp-json\/wp\/v2\/pages\/297533\/revisions\/298535"}],"wp:featuredmedia":[{"embeddable":true,"href":"https:\/\/contibelt.com\/de\/wp-json\/wp\/v2\/media\/3470"}],"wp:attachment":[{"href":"https:\/\/contibelt.com\/de\/wp-json\/wp\/v2\/media?parent=297533"}],"curies":[{"name":"wp","href":"https:\/\/api.w.org\/{rel}","templated":true}]}}