{"id":297467,"date":"2025-10-16T09:51:49","date_gmt":"2025-10-16T07:51:49","guid":{"rendered":"https:\/\/contibelt.baldneu.at\/schokoladenstueckchen\/"},"modified":"2025-10-16T14:13:01","modified_gmt":"2025-10-16T12:13:01","slug":"schokodrops","status":"publish","type":"page","link":"https:\/\/contibelt.com\/de\/schokodrops\/","title":{"rendered":"Schokodrops"},"content":{"rendered":"<div id='av_section_1'  class='avia-section av-gs6bv4-d1b24c15fe814a63e470de821600fa19 main_color avia-section-default avia-no-shadow  avia-builder-el-0  avia-builder-el-no-sibling  avia-bg-style-scroll container_wrap fullsize'  ><div class='container av-section-cont-open' ><main  role=\"main\" itemprop=\"mainContentOfPage\"  class='template-page content  av-content-full alpha units'><div class='post-entry post-entry-type-page post-entry-297467'><div class='entry-content-wrapper clearfix'>\n<div  class='flex_column av-fjdglc-753ff1540f0bddb5ffcac3511f546355 av_one_half  avia-builder-el-1  el_before_av_one_half  avia-builder-el-first  first flex_column_div  '     ><style type=\"text\/css\" data-created_by=\"avia_inline_auto\" id=\"style-css-av-mgrz60cy-82268644bb18c5f768627986bba6f729\">\n.avia-image-container.av-mgrz60cy-82268644bb18c5f768627986bba6f729 img.avia_image{\nbox-shadow:none;\n}\n.avia-image-container.av-mgrz60cy-82268644bb18c5f768627986bba6f729 .av-image-caption-overlay-center{\ncolor:#ffffff;\n}\n<\/style>\n<div  class='avia-image-container av-mgrz60cy-82268644bb18c5f768627986bba6f729 av-styling- avia_animated_image av-animated-when-visible-95 left-to-right avia-align-right  avia-builder-el-2  avia-builder-el-no-sibling '   itemprop=\"image\" itemscope=\"itemscope\" itemtype=\"https:\/\/schema.org\/ImageObject\" ><div class=\"avia-image-container-inner\"><div class=\"avia-image-overlay-wrap\"><img decoding=\"async\" fetchpriority=\"high\" class='wp-image-2954 avia-img-lazy-loading-not-2954 avia_image ' src=\"https:\/\/contibelt.com\/wp-content\/uploads\/2015\/08\/Fotolia_78247535_1200_800_Schokodrops-1024x683.jpg\" alt='' title='chocolate drops isolated on white'  height=\"683\" width=\"1024\"  itemprop=\"thumbnailUrl\" srcset=\"https:\/\/contibelt.com\/wp-content\/uploads\/2015\/08\/Fotolia_78247535_1200_800_Schokodrops-1024x683.jpg 1024w, https:\/\/contibelt.com\/wp-content\/uploads\/2015\/08\/Fotolia_78247535_1200_800_Schokodrops-300x200.jpg 300w, https:\/\/contibelt.com\/wp-content\/uploads\/2015\/08\/Fotolia_78247535_1200_800_Schokodrops-500x333.jpg 500w, https:\/\/contibelt.com\/wp-content\/uploads\/2015\/08\/Fotolia_78247535_1200_800_Schokodrops.jpg 1200w\" sizes=\"(max-width: 1024px) 100vw, 1024px\" \/><\/div><\/div><\/div><\/div><div  class='flex_column av-ekmlq8-5c7fb6de62a37b0e1021633e9d75f6f2 av_one_half  avia-builder-el-3  el_after_av_one_half  el_before_av_hr  flex_column_div  '     ><section  class='av_textblock_section av-mgrz69ff-0d58054827361d69797d4bf14696ccc0 '   itemscope=\"itemscope\" itemtype=\"https:\/\/schema.org\/CreativeWork\" ><div class='avia_textblock'  itemprop=\"text\" ><h1>Schokodrops<\/h1>\n<\/div><\/section><br \/>\n<div  class='hr av-cp0ek0-14063d086cf319ce5572af67da7f1f42 hr-short  avia-builder-el-5  el_after_av_textblock  el_before_av_textblock  hr-left'><span class='hr-inner '><span class=\"hr-inner-style\"><\/span><\/span><\/div><br \/>\n<section  class='av_textblock_section av-mgrz6lcs-1410f152a2eac0de4df9cbee9bf023ae '   itemscope=\"itemscope\" itemtype=\"https:\/\/schema.org\/CreativeWork\" ><div class='avia_textblock'  itemprop=\"text\" ><p>Schokolade gibt es in unterschiedlichsten Formen. F\u00fcr die Weiterverwendung in Backwaren wie z.B. Chocolate Chip Cookies oder Muffins wird sie auch in Pastillen- oder Drops-Form gebracht. Dies geschieht mit einem Pastillator, der die hei\u00dfe Schokolade punktf\u00f6rmig und gleichm\u00e4\u00dfig auf ein Stahlband aufbringt, auf welchem diese kontrolliert abgek\u00fchlt werden. In diesem Bereich bietet Contibelt Ihnen ein Prozessband mit einer ebenen Oberfl\u00e4che, das Temperatur zuverl\u00e4ssig \u00fcbertr\u00e4gt und gleichzeitig leicht zu reinigen ist. F\u00fchrungsleisten von Contibelt unterst\u00fctzen das Band nicht nur gegen Verlauf in der Anlage sondern halten selbst bei h\u00e4ufigem Temperaturwechsel einwandfrei. Hier finden Sie die genauen Angaben zu diesem Produkt: <a href=\"http:\/\/www.contibelt.com\/wp-content\/uploads\/2015\/11\/application-chocolate.pdf\" target=\"_blank\" rel=\"noopener noreferrer\"><strong>Schokodrops<\/strong><\/a><\/p>\n<\/div><\/section><br \/>\n<div  class='hr av-a37rww-6954fd408c5e8f3297e047a05ca92c6a hr-short  avia-builder-el-7  el_after_av_textblock  el_before_av_textblock  hr-left'><span class='hr-inner '><span class=\"hr-inner-style\"><\/span><\/span><\/div><br \/>\n<section  class='av_textblock_section av-mgrz8obq-36d200752e0bd59f25aa90bfaf4852fd '   itemscope=\"itemscope\" itemtype=\"https:\/\/schema.org\/CreativeWork\" ><div class='avia_textblock'  itemprop=\"text\" ><h3>Weiterf\u00fchrende Dokumente:<\/h3>\n<p><a href=\"\/wp-content\/uploads\/2015\/11\/Material-Data-Sheet-CB-301-SGA.pdf\" target=\"_blank\" rel=\"noopener noreferrer\">Werkstoff CB 301 SGA<\/a><br \/>\n<a href=\"\/wp-content\/uploads\/2015\/11\/Material-Data-Sheet-CB-316-SGA.pdf\" target=\"_blank\" rel=\"noopener noreferrer\">Werkstoff CB 316 SGA<\/a><br \/>\n<a href=\"\/wp-content\/uploads\/2015\/11\/Material-Data-Sheet-CB-31-SGM.pdf\" target=\"_blank\" rel=\"noopener noreferrer\">Werkstoff CB 31 SGM<\/a><\/p>\n<\/div><\/section><\/p><\/div><div  class='hr av-xrzr4-f00792aa60e2ffc045855c87142554a9 hr-full  avia-builder-el-9  el_after_av_one_half  el_before_av_textblock  hr-no-shadow'><span class='hr-inner '><span class=\"hr-inner-style\"><\/span><\/span><\/div>\n<section  class='av_textblock_section av-6uf668-6780da0fd115c468dc6a326dcf3fbaff '   itemscope=\"itemscope\" itemtype=\"https:\/\/schema.org\/CreativeWork\" ><div class='avia_textblock'  itemprop=\"text\" ><h2 style=\"text-align: center;\">Das k\u00f6nnte Sie auch interessieren:<\/h2>\n<\/div><\/section>\n<div  class='avia-content-slider-element-container av-mgrza8cv-8b2f18b16d0b8487c6e338df28e36afa avia-content-slider-element-slider avia-content-slider avia-smallarrow-slider avia-content-slider-active avia-content-slider-odd  avia-builder-el-11  el_after_av_textblock  avia-builder-el-last  av-slideshow-ui av-control-default av-nav-arrows-visible av-nav-dots-visible av-no-slider-navigation av-slideshow-manual av-loop-once av-loop-manual-endless avia-content-slider1' data-slideshow-options=\"{&quot;animation&quot;:&quot;slide&quot;,&quot;autoplay&quot;:false,&quot;loop_autoplay&quot;:&quot;once&quot;,&quot;interval&quot;:5,&quot;loop_manual&quot;:&quot;manual-endless&quot;,&quot;autoplay_stopper&quot;:false,&quot;noNavigation&quot;:false,&quot;bg_slider&quot;:false,&quot;keep_padding&quot;:&quot;&quot;,&quot;hoverpause&quot;:false,&quot;show_slide_delay&quot;:30}\"><div class='avia-smallarrow-slider-heading  no-content-slider-heading '><div class='new-special-heading'>&nbsp;<\/div><\/div><div class=\"avia-content-slider-inner\"><div class=\"slide-entry-wrap\"><section class='slide-entry av-58aeo0-0f26f0d2eecdabc614f2a29a36590e9c flex_column av_one_third post-entry slide-entry-overview slide-loop-1 slide-parity-odd  first'  itemscope=\"itemscope\" itemtype=\"https:\/\/schema.org\/CreativeWork\" ><h3 class='slide-entry-title entry-title '  itemprop=\"headline\" ><a href='https:\/\/contibelt.com\/de\/tiefkuehlkost\/'  title='Tiefk\u00fchlkost'>Tiefk\u00fchlkost<\/a><\/h3><div class='slide-entry-excerpt entry-content'  itemprop=\"text\" ><p><a href=\"https:\/\/contibelt.com\/de\/tiefkuehlkost\/\"><img loading=\"lazy\" decoding=\"async\" class=\"size-medium wp-image-3448\" src=\"https:\/\/contibelt.com\/wp-content\/uploads\/2015\/09\/iStock_000047232570XLarge_-Tiefk%C3%BChlfr%C3%BCchte_nachbearbeitet_1200_800_versuch-300x200.jpg\" alt=\"\" width=\"300\" height=\"200\"\/><\/a><\/p>\n<\/div><\/section><section class='slide-entry av-4qe480-e472c5eac312bda516f7f1b61464fdbe flex_column av_one_third post-entry slide-entry-overview slide-loop-2 slide-parity-even  '  itemscope=\"itemscope\" itemtype=\"https:\/\/schema.org\/CreativeWork\" ><h3 class='slide-entry-title entry-title '  itemprop=\"headline\" ><a href='https:\/\/contibelt.com\/de\/kakaomasse\/'  title='Kakaomasse'>Kakaomasse<\/a><\/h3><div class='slide-entry-excerpt entry-content'  itemprop=\"text\" ><p><a href=\"https:\/\/contibelt.com\/de\/kakaomasse\/\"><img loading=\"lazy\" decoding=\"async\" class=\"alignnone size-medium wp-image-3472\" src=\"https:\/\/contibelt.com\/wp-content\/uploads\/2015\/09\/Fotolia_56483574_L_Kakaomasse_1200_800_versuch-300x200.jpg\" alt=\"\" width=\"300\" height=\"200\" srcset=\"https:\/\/contibelt.com\/wp-content\/uploads\/2015\/09\/Fotolia_56483574_L_Kakaomasse_1200_800_versuch-300x200.jpg 300w, https:\/\/contibelt.com\/wp-content\/uploads\/2015\/09\/Fotolia_56483574_L_Kakaomasse_1200_800_versuch-1024x683.jpg 1024w, https:\/\/contibelt.com\/wp-content\/uploads\/2015\/09\/Fotolia_56483574_L_Kakaomasse_1200_800_versuch-500x333.jpg 500w, https:\/\/contibelt.com\/wp-content\/uploads\/2015\/09\/Fotolia_56483574_L_Kakaomasse_1200_800_versuch.jpg 1200w\" sizes=\"auto, (max-width: 300px) 100vw, 300px\" \/><\/a><\/p>\n<\/div><\/section><section class='slide-entry av-7p7gg-96f4e14d548e85fdec9fec38d31ac416 flex_column av_one_third post-entry slide-entry-overview slide-loop-3 slide-parity-odd  post-entry-last  '  itemscope=\"itemscope\" itemtype=\"https:\/\/schema.org\/CreativeWork\" ><h3 class='slide-entry-title entry-title '  itemprop=\"headline\" ><a href='https:\/\/contibelt.com\/de\/zuckermasse\/'  title='Hartbonbons'>Hartbonbons<\/a><\/h3><div class='slide-entry-excerpt entry-content'  itemprop=\"text\" ><p><a href=\"https:\/\/contibelt.com\/de\/zuckermasse\/\"><img loading=\"lazy\" decoding=\"async\" class=\"size-medium wp-image-3464\" src=\"https:\/\/contibelt.com\/wp-content\/uploads\/2015\/09\/Fotolia_10831803_1200_800_-Zuckerl_versuch-300x200.jpg\" alt=\"\" width=\"300\" height=\"200\" srcset=\"https:\/\/contibelt.com\/wp-content\/uploads\/2015\/09\/Fotolia_10831803_1200_800_-Zuckerl_versuch-300x200.jpg 300w, https:\/\/contibelt.com\/wp-content\/uploads\/2015\/09\/Fotolia_10831803_1200_800_-Zuckerl_versuch-1024x683.jpg 1024w, https:\/\/contibelt.com\/wp-content\/uploads\/2015\/09\/Fotolia_10831803_1200_800_-Zuckerl_versuch-500x333.jpg 500w, https:\/\/contibelt.com\/wp-content\/uploads\/2015\/09\/Fotolia_10831803_1200_800_-Zuckerl_versuch.jpg 1200w\" sizes=\"auto, (max-width: 300px) 100vw, 300px\" \/><\/a><\/p>\n<\/div><\/section><\/div><\/div><\/div>\n\n","protected":false},"excerpt":{"rendered":"","protected":false},"author":2,"featured_media":0,"parent":0,"menu_order":0,"comment_status":"open","ping_status":"open","template":"","meta":{"footnotes":""},"class_list":["post-297467","page","type-page","status-publish","hentry"],"_links":{"self":[{"href":"https:\/\/contibelt.com\/de\/wp-json\/wp\/v2\/pages\/297467","targetHints":{"allow":["GET"]}}],"collection":[{"href":"https:\/\/contibelt.com\/de\/wp-json\/wp\/v2\/pages"}],"about":[{"href":"https:\/\/contibelt.com\/de\/wp-json\/wp\/v2\/types\/page"}],"author":[{"embeddable":true,"href":"https:\/\/contibelt.com\/de\/wp-json\/wp\/v2\/users\/2"}],"replies":[{"embeddable":true,"href":"https:\/\/contibelt.com\/de\/wp-json\/wp\/v2\/comments?post=297467"}],"version-history":[{"count":25,"href":"https:\/\/contibelt.com\/de\/wp-json\/wp\/v2\/pages\/297467\/revisions"}],"predecessor-version":[{"id":298531,"href":"https:\/\/contibelt.com\/de\/wp-json\/wp\/v2\/pages\/297467\/revisions\/298531"}],"wp:attachment":[{"href":"https:\/\/contibelt.com\/de\/wp-json\/wp\/v2\/media?parent=297467"}],"curies":[{"name":"wp","href":"https:\/\/api.w.org\/{rel}","templated":true}]}}