{"id":297441,"date":"2025-10-16T09:35:16","date_gmt":"2025-10-16T07:35:16","guid":{"rendered":"https:\/\/contibelt.baldneu.at\/kunstmarmor-2\/"},"modified":"2025-10-16T14:12:23","modified_gmt":"2025-10-16T12:12:23","slug":"kunstmarmor","status":"publish","type":"page","link":"https:\/\/contibelt.com\/de\/kunstmarmor\/","title":{"rendered":"Kunstmarmor"},"content":{"rendered":"<div id='av_section_1'  class='avia-section av-7sgqrq-66e3e610d4a55e43964c36ecf692476f main_color avia-section-default avia-no-shadow  avia-builder-el-0  avia-builder-el-no-sibling  avia-bg-style-scroll container_wrap fullsize'  ><div class='container av-section-cont-open' ><main  role=\"main\" itemprop=\"mainContentOfPage\"  class='template-page content  av-content-full alpha units'><div class='post-entry post-entry-type-page post-entry-297441'><div class='entry-content-wrapper clearfix'>\n<div  class='flex_column av-25o1i-966a19a0452e21ba81cfb4e0458d1edb av_one_half  avia-builder-el-1  el_before_av_one_half  avia-builder-el-first  first flex_column_div  '     ><style type=\"text\/css\" data-created_by=\"avia_inline_auto\" id=\"style-css-av-mgry9hu1-b652ac6911ba406972dec50805255478\">\n.avia-image-container.av-mgry9hu1-b652ac6911ba406972dec50805255478 img.avia_image{\nbox-shadow:none;\n}\n.avia-image-container.av-mgry9hu1-b652ac6911ba406972dec50805255478 .av-image-caption-overlay-center{\ncolor:#ffffff;\n}\n<\/style>\n<div  class='avia-image-container av-mgry9hu1-b652ac6911ba406972dec50805255478 av-styling- avia_animated_image av-animated-when-visible-95 left-to-right avia-align-right  avia-builder-el-2  avia-builder-el-no-sibling '   itemprop=\"image\" itemscope=\"itemscope\" itemtype=\"https:\/\/schema.org\/ImageObject\" ><div class=\"avia-image-container-inner\"><div class=\"avia-image-overlay-wrap\"><img decoding=\"async\" fetchpriority=\"high\" class='wp-image-3538 avia-img-lazy-loading-not-3538 avia_image ' src=\"https:\/\/contibelt.com\/wp-content\/uploads\/2015\/09\/iStock_000018211684_1200_800_Pressmarmor_versuch11-1024x683.jpg\" alt='' title='Color Stone Samples on white background'  height=\"683\" width=\"1024\"  itemprop=\"thumbnailUrl\" srcset=\"https:\/\/contibelt.com\/wp-content\/uploads\/2015\/09\/iStock_000018211684_1200_800_Pressmarmor_versuch11-1024x683.jpg 1024w, https:\/\/contibelt.com\/wp-content\/uploads\/2015\/09\/iStock_000018211684_1200_800_Pressmarmor_versuch11-300x200.jpg 300w, https:\/\/contibelt.com\/wp-content\/uploads\/2015\/09\/iStock_000018211684_1200_800_Pressmarmor_versuch11-500x333.jpg 500w, https:\/\/contibelt.com\/wp-content\/uploads\/2015\/09\/iStock_000018211684_1200_800_Pressmarmor_versuch11.jpg 1200w\" sizes=\"(max-width: 1024px) 100vw, 1024px\" \/><\/div><\/div><\/div><\/div><div  class='flex_column av-3uccye-ca9a9b6962302c932f66683618dd0908 av_one_half  avia-builder-el-3  el_after_av_one_half  el_before_av_hr  flex_column_div  '     ><section  class='av_textblock_section av-mgry9x1f-8b470eab444d05f25dc81abcb73bfb08 '   itemscope=\"itemscope\" itemtype=\"https:\/\/schema.org\/CreativeWork\" ><div class='avia_textblock'  itemprop=\"text\" ><h1>Kunstmarmor<\/h1>\n<\/div><\/section><br \/>\n<div  class='hr av-am0ty-b10ba9be0538dea2e1177150fa3748f1 hr-short  avia-builder-el-5  el_after_av_textblock  el_before_av_textblock  hr-left'><span class='hr-inner '><span class=\"hr-inner-style\"><\/span><\/span><\/div><br \/>\n<section  class='av_textblock_section av-mgryag41-a0a01e0479744a99153bf047d17545ee '   itemscope=\"itemscope\" itemtype=\"https:\/\/schema.org\/CreativeWork\" ><div class='avia_textblock'  itemprop=\"text\" ><p>Pr\u00e4zise Oberfl\u00e4chen erfordern oft Hitze und Druck w\u00e4hrend ihrer Herstellung; Das sind auch die Anforderung f\u00fcr die Produktion von Platten und B\u00f6den aus chemischen Stoffen. Contibelt Edelstahlb\u00e4nder transferieren Temperatur hervorragend auf die Platte, und halten Druck gut stand. Mit kontinuierlichen Stahlbandanlagen wird der Produktionsvorgang des Pressens von Platten effizienter gemacht, und ihr Produkt erh\u00e4lt seine glatte Oberfl\u00e4che durch unser Band. Hier finden Sie weiterf\u00fchrende Literatur zu dieser Anwendung: <a href=\"http:\/\/www.contibelt.com\/wp-content\/uploads\/2015\/11\/application-chemicals.pdf\" target=\"_blank\" rel=\"noopener\"><strong>Kunstmarmor<\/strong><\/a><\/p>\n<\/div><\/section><br \/>\n<div  class='hr av-mgrymsh5-2be234764b75616a52c8b62ee87fc22a hr-short  avia-builder-el-7  el_after_av_textblock  el_before_av_textblock  hr-left'><span class='hr-inner '><span class=\"hr-inner-style\"><\/span><\/span><\/div><br \/>\n<section  class='av_textblock_section av-mgryk8fa-674418f165201ad15eaefd034906ed0a '   itemscope=\"itemscope\" itemtype=\"https:\/\/schema.org\/CreativeWork\" ><div class='avia_textblock'  itemprop=\"text\" ><h3>Weiterf\u00fchrende Dokumente:<\/h3>\n<p><a href=\"http:\/\/www.contibelt.com\/wp-content\/uploads\/2015\/11\/Material-Data-Sheet-CB-301-SGA.pdf\" target=\"_blank\" rel=\"noopener\">Werkstoff CB 301 SGA<\/a><\/p>\n<p><a href=\"http:\/\/www.contibelt.com\/wp-content\/uploads\/2015\/11\/Material-Data-Sheet-CB-316-SGA.pdf\" target=\"_blank\" rel=\"noopener\">Werkstoff CB 316 SGA<\/a><\/p>\n<p><a href=\"http:\/\/www.contibelt.com\/wp-content\/uploads\/2015\/11\/Material-Data-Sheet-CB-31-SGM.pdf\" target=\"_blank\" rel=\"noopener\">Werkstoff CB 31 SGM<\/a><\/p>\n<\/div><\/section><\/p><\/div><div  class='hr av-mgryzivt-56b3dcc26cb2fd42a9d330ecd3013904 hr-full  avia-builder-el-9  el_after_av_one_half  el_before_av_textblock  hr-no-shadow'><span class='hr-inner '><span class=\"hr-inner-style\"><\/span><\/span><\/div>\n<section  class='av_textblock_section av-mgryl002-4b1050792ef6c242596480e87a91edf2 '   itemscope=\"itemscope\" itemtype=\"https:\/\/schema.org\/CreativeWork\" ><div class='avia_textblock'  itemprop=\"text\" ><h2 style=\"text-align: center;\">Das k\u00f6nnte Sie auch interessieren:<\/h2>\n<\/div><\/section>\n<div  class='avia-content-slider-element-container av-mgrym5wn-d2af91e1acf1b1c7deb407ef4d3c3fc2 avia-content-slider-element-slider avia-content-slider avia-smallarrow-slider avia-content-slider-active avia-content-slider-odd  avia-builder-el-11  el_after_av_textblock  avia-builder-el-last  av-slideshow-ui av-control-default av-nav-arrows-visible av-nav-dots-visible av-no-slider-navigation av-slideshow-manual av-loop-once av-loop-manual-endless avia-content-slider1' data-slideshow-options=\"{&quot;animation&quot;:&quot;slide&quot;,&quot;autoplay&quot;:false,&quot;loop_autoplay&quot;:&quot;once&quot;,&quot;interval&quot;:5,&quot;loop_manual&quot;:&quot;manual-endless&quot;,&quot;autoplay_stopper&quot;:false,&quot;noNavigation&quot;:false,&quot;bg_slider&quot;:false,&quot;keep_padding&quot;:&quot;&quot;,&quot;hoverpause&quot;:false,&quot;show_slide_delay&quot;:30}\"><div class='avia-smallarrow-slider-heading  no-content-slider-heading '><div class='new-special-heading'>&nbsp;<\/div><\/div><div class=\"avia-content-slider-inner\"><div class=\"slide-entry-wrap\"><section class='slide-entry av-5qvs46-d1d472b7ec4ae5d5dc675f180e2a60e7 flex_column av_one_third post-entry slide-entry-overview slide-loop-1 slide-parity-odd  first'  itemscope=\"itemscope\" itemtype=\"https:\/\/schema.org\/CreativeWork\" ><h3 class='slide-entry-title entry-title '  itemprop=\"headline\" ><a href='https:\/\/contibelt.com\/de\/pastillen\/'  title='Pastillen'>Pastillen<\/a><\/h3><div class='slide-entry-excerpt entry-content'  itemprop=\"text\" ><p><a href=\"https:\/\/contibelt.com\/de\/pastillen\/\"><img loading=\"lazy\" decoding=\"async\" class=\"alignleft wp-image-2964 size-medium\" src=\"https:\/\/contibelt.com\/wp-content\/uploads\/2015\/08\/bienenwachs-gelb_1200_800-300x200.jpg\" alt=\"\" width=\"300\" height=\"200\" srcset=\"https:\/\/contibelt.com\/wp-content\/uploads\/2015\/08\/bienenwachs-gelb_1200_800-300x200.jpg 300w, https:\/\/contibelt.com\/wp-content\/uploads\/2015\/08\/bienenwachs-gelb_1200_800-1024x683.jpg 1024w, https:\/\/contibelt.com\/wp-content\/uploads\/2015\/08\/bienenwachs-gelb_1200_800-500x333.jpg 500w, https:\/\/contibelt.com\/wp-content\/uploads\/2015\/08\/bienenwachs-gelb_1200_800.jpg 1200w\" sizes=\"auto, (max-width: 300px) 100vw, 300px\" \/><\/a><\/p>\n<\/div><\/section><section class='slide-entry av-4gvm7a-19836efcacc4840123d84efbffa222f0 flex_column av_one_third post-entry slide-entry-overview slide-loop-2 slide-parity-even  '  itemscope=\"itemscope\" itemtype=\"https:\/\/schema.org\/CreativeWork\" ><h3 class='slide-entry-title entry-title '  itemprop=\"headline\" ><a href='https:\/\/contibelt.com\/de\/holzwerkstoffplatten\/'  title='Holzfaserplatten'>Holzfaserplatten<\/a><\/h3><div class='slide-entry-excerpt entry-content'  itemprop=\"text\" ><p><a href=\"https:\/\/contibelt.com\/de\/holzwerkstoffplatten\/\"><img loading=\"lazy\" decoding=\"async\" class=\"size-medium wp-image-2952 alignleft\" src=\"https:\/\/contibelt.com\/wp-content\/uploads\/2015\/08\/Fotolia_54658185_1200_800_MDF-Platte-300x200.jpg\" alt=\"\" width=\"300\" height=\"200\" srcset=\"https:\/\/contibelt.com\/wp-content\/uploads\/2015\/08\/Fotolia_54658185_1200_800_MDF-Platte-300x200.jpg 300w, https:\/\/contibelt.com\/wp-content\/uploads\/2015\/08\/Fotolia_54658185_1200_800_MDF-Platte-1024x683.jpg 1024w, https:\/\/contibelt.com\/wp-content\/uploads\/2015\/08\/Fotolia_54658185_1200_800_MDF-Platte-500x333.jpg 500w, https:\/\/contibelt.com\/wp-content\/uploads\/2015\/08\/Fotolia_54658185_1200_800_MDF-Platte.jpg 1200w\" sizes=\"auto, (max-width: 300px) 100vw, 300px\" \/><\/a><\/p>\n<\/div><\/section><section class='slide-entry av-23arpi-77216c716157159508081fbf3d5c3723 flex_column av_one_third post-entry slide-entry-overview slide-loop-3 slide-parity-odd  post-entry-last  '  itemscope=\"itemscope\" itemtype=\"https:\/\/schema.org\/CreativeWork\" ><h3 class='slide-entry-title entry-title '  itemprop=\"headline\" ><a href='https:\/\/contibelt.com\/de\/pulverlacke\/'  title='Pulverlack'>Pulverlack<\/a><\/h3><div class='slide-entry-excerpt entry-content'  itemprop=\"text\" ><p><a href=\"https:\/\/contibelt.com\/de\/pulverlacke\/\"><img loading=\"lazy\" decoding=\"async\" class=\"alignnone size-medium wp-image-3508\" src=\"https:\/\/contibelt.com\/wp-content\/uploads\/2015\/09\/farbpulver-1200_800_-versuch-300x200.jpg\" alt=\"\" width=\"300\" height=\"200\" srcset=\"https:\/\/contibelt.com\/wp-content\/uploads\/2015\/09\/farbpulver-1200_800_-versuch-300x200.jpg 300w, https:\/\/contibelt.com\/wp-content\/uploads\/2015\/09\/farbpulver-1200_800_-versuch-1024x683.jpg 1024w, https:\/\/contibelt.com\/wp-content\/uploads\/2015\/09\/farbpulver-1200_800_-versuch-500x333.jpg 500w, https:\/\/contibelt.com\/wp-content\/uploads\/2015\/09\/farbpulver-1200_800_-versuch.jpg 1200w\" sizes=\"auto, (max-width: 300px) 100vw, 300px\" \/><\/a><\/p>\n<\/div><\/section><\/div><\/div><\/div>\n\n","protected":false},"excerpt":{"rendered":"","protected":false},"author":2,"featured_media":0,"parent":0,"menu_order":0,"comment_status":"open","ping_status":"open","template":"","meta":{"footnotes":""},"class_list":["post-297441","page","type-page","status-publish","hentry"],"_links":{"self":[{"href":"https:\/\/contibelt.com\/de\/wp-json\/wp\/v2\/pages\/297441","targetHints":{"allow":["GET"]}}],"collection":[{"href":"https:\/\/contibelt.com\/de\/wp-json\/wp\/v2\/pages"}],"about":[{"href":"https:\/\/contibelt.com\/de\/wp-json\/wp\/v2\/types\/page"}],"author":[{"embeddable":true,"href":"https:\/\/contibelt.com\/de\/wp-json\/wp\/v2\/users\/2"}],"replies":[{"embeddable":true,"href":"https:\/\/contibelt.com\/de\/wp-json\/wp\/v2\/comments?post=297441"}],"version-history":[{"count":24,"href":"https:\/\/contibelt.com\/de\/wp-json\/wp\/v2\/pages\/297441\/revisions"}],"predecessor-version":[{"id":298523,"href":"https:\/\/contibelt.com\/de\/wp-json\/wp\/v2\/pages\/297441\/revisions\/298523"}],"wp:attachment":[{"href":"https:\/\/contibelt.com\/de\/wp-json\/wp\/v2\/media?parent=297441"}],"curies":[{"name":"wp","href":"https:\/\/api.w.org\/{rel}","templated":true}]}}