{"id":297292,"date":"2025-10-15T14:02:58","date_gmt":"2025-10-15T12:02:58","guid":{"rendered":"https:\/\/contibelt.baldneu.at\/ueber-uns-2\/"},"modified":"2025-10-20T09:08:09","modified_gmt":"2025-10-20T07:08:09","slug":"ueber-uns","status":"publish","type":"page","link":"https:\/\/contibelt.com\/de\/ueber-uns\/","title":{"rendered":"\u00dcber uns"},"content":{"rendered":"<div id='av_section_1'  class='avia-section av-9khwnc-6a885beebb1e05cc0c536418f6fa4169 main_color avia-section-default avia-no-shadow  avia-builder-el-0  avia-builder-el-no-sibling  avia-bg-style-scroll container_wrap fullsize'  ><div class='container av-section-cont-open' ><main  role=\"main\" itemprop=\"mainContentOfPage\"  class='template-page content  av-content-full alpha units'><div class='post-entry post-entry-type-page post-entry-297292'><div class='entry-content-wrapper clearfix'>\n<div  class='flex_column av-7d0ytk-65fd3b46bc5ae90feff8617f2d00d315 av_one_half  avia-builder-el-1  el_before_av_one_half  avia-builder-el-first  first flex_column_div av-animated-generic left-to-right  '     ><style type=\"text\/css\" data-created_by=\"avia_inline_auto\" id=\"style-css-av-mgrx7ujt-1b7dc1075ea3b0b23700b3d468d5190a\">\n.avia-image-container.av-mgrx7ujt-1b7dc1075ea3b0b23700b3d468d5190a img.avia_image{\nbox-shadow:none;\n}\n.avia-image-container.av-mgrx7ujt-1b7dc1075ea3b0b23700b3d468d5190a .av-image-caption-overlay-center{\ncolor:#ffffff;\n}\n<\/style>\n<div  class='avia-image-container av-mgrx7ujt-1b7dc1075ea3b0b23700b3d468d5190a av-styling- avia-align-center  avia-builder-el-2  avia-builder-el-no-sibling '   itemprop=\"image\" itemscope=\"itemscope\" itemtype=\"https:\/\/schema.org\/ImageObject\" ><div class=\"avia-image-container-inner\"><div class=\"avia-image-overlay-wrap\"><img decoding=\"async\" fetchpriority=\"high\" class='wp-image-2757 avia-img-lazy-loading-not-2757 avia_image ' src=\"https:\/\/contibelt.com\/wp-content\/uploads\/2015\/07\/2_about_us.jpg\" alt='' title='2_about_us'  height=\"800\" width=\"1200\"  itemprop=\"thumbnailUrl\"  \/><\/div><\/div><\/div><\/div><div  class='flex_column av-58i4fs-5991e14972adb7b74393efc8e0018971 av_one_half  avia-builder-el-3  el_after_av_one_half  el_before_av_hr  flex_column_div  '     ><section  class='av_textblock_section av-mgrwz3ki-f126788f97b1e222ad9fd85f5633b15e '   itemscope=\"itemscope\" itemtype=\"https:\/\/schema.org\/CreativeWork\" ><div class='avia_textblock'  itemprop=\"text\" ><h1>\u00dcber uns<\/h1>\n<\/div><\/section><br \/>\n<div  class='hr av-4agzi0-c49024f5f841f9d854b8c6b60c3af19c hr-short  avia-builder-el-5  el_after_av_textblock  el_before_av_textblock  hr-left'><span class='hr-inner '><span class=\"hr-inner-style\"><\/span><\/span><\/div><br \/>\n<section  class='av_textblock_section av-mgrwyml8-9c7fc4d01227856eb0c9456b260b8ae3 '   itemscope=\"itemscope\" itemtype=\"https:\/\/schema.org\/CreativeWork\" ><div class='avia_textblock'  itemprop=\"text\" ><p>Qualit\u00e4t, das ist f\u00fcr uns ein best\u00e4ndiger Wille zur Innovation und Verbesserung unseres Produktes. Seit \u00fcber zwanzig Jahren arbeiten wir als verl\u00e4sslicher Partner im Sektor B2B mit Kunden aus verschiedensten Herstellungsbranchen zusammen \u2013 mit namhaften gro\u00dfen Konzernen aber auch mit aufstrebenden Mittel- und Kleinbetrieben.<\/p>\n<p>Seit \u00fcber zwanzig Jahren liefern wir das Spezialwissen \u00fcber Produktionsprozesse, damit unsere Kunden noch effizienter an die Arbeit gehen k\u00f6nnen. Forschung und Innovation spielen dabei eine gro\u00dfe Rolle, weshalb wir immer wieder mit anerkannten Forschungseinrichtungen zusammen arbeiten, um f\u00fcr unsere Kunden noch bessere Ergebnisse zu erzielen. Contibelt steht f\u00fcr hochwertige Transport- und Prozessb\u00e4nder aus verschiedenen St\u00e4hlen, aber auch f\u00fcr top-geschultes, junges, dynamisches Personal, und Innovation mit Blick in die Zukunft.<\/p>\n<p><strong>Contibelt \u2013 we keep you moving<\/strong><\/p>\n<\/div><\/section><\/p><\/div><div  class='hr av-mgrxomze-db9727fe32bf238867d8d9ad789b79cc hr-full  avia-builder-el-7  el_after_av_one_half  el_before_av_textblock  hr-no-shadow'><span class='hr-inner '><span class=\"hr-inner-style\"><\/span><\/span><\/div>\n<section  class='av_textblock_section av-mgrxoa46-af40eaffc2efb068e379910d5e262a62 '   itemscope=\"itemscope\" itemtype=\"https:\/\/schema.org\/CreativeWork\" ><div class='avia_textblock'  itemprop=\"text\" ><h2 style=\"text-align: center;\">Das k\u00f6nnte Sie auch interessieren:<\/h2>\n<\/div><\/section>\n<div  class='avia-content-slider-element-container av-7ot4vs-cabeb2da3d0546be4f602742482bd7cd avia-content-slider-element-slider avia-content-slider avia-smallarrow-slider avia-content-slider-active avia-content-slider-odd  avia-builder-el-9  el_after_av_textblock  avia-builder-el-last  av-slideshow-ui av-control-default av-nav-arrows-visible av-nav-dots-visible av-no-slider-navigation av-slideshow-manual av-loop-once av-loop-manual-endless avia-content-slider1' data-slideshow-options=\"{&quot;animation&quot;:&quot;slide&quot;,&quot;autoplay&quot;:false,&quot;loop_autoplay&quot;:&quot;once&quot;,&quot;interval&quot;:5,&quot;loop_manual&quot;:&quot;manual-endless&quot;,&quot;autoplay_stopper&quot;:false,&quot;noNavigation&quot;:false,&quot;bg_slider&quot;:false,&quot;keep_padding&quot;:&quot;&quot;,&quot;hoverpause&quot;:false,&quot;show_slide_delay&quot;:30}\"><div class='avia-smallarrow-slider-heading  no-content-slider-heading '><div class='new-special-heading'>&nbsp;<\/div><\/div><div class=\"avia-content-slider-inner\"><div class=\"slide-entry-wrap\"><section class='slide-entry av-ju8h4-5e366ca6703e8a28fa2219ea137c7360 flex_column av_one_third post-entry slide-entry-overview slide-loop-1 slide-parity-odd  first'  itemscope=\"itemscope\" itemtype=\"https:\/\/schema.org\/CreativeWork\" ><h3 class='slide-entry-title entry-title '  itemprop=\"headline\" ><a href='https:\/\/contibelt.com\/de\/geschichte\/'  title='History'>History<\/a><\/h3><div class='slide-entry-excerpt entry-content'  itemprop=\"text\" ><p><a href=\"https:\/\/contibelt.com\/de\/geschichte\/\"><img loading=\"lazy\" decoding=\"async\" class=\"alignnone size-medium wp-image-3572\" src=\"https:\/\/contibelt.com\/wp-content\/uploads\/2015\/08\/Geschichte_1200_800_versuch_groesser-300x200.jpg\" alt=\"\" width=\"300\" height=\"200\" srcset=\"https:\/\/contibelt.com\/wp-content\/uploads\/2015\/08\/Geschichte_1200_800_versuch_groesser-300x200.jpg 300w, https:\/\/contibelt.com\/wp-content\/uploads\/2015\/08\/Geschichte_1200_800_versuch_groesser-1024x683.jpg 1024w, https:\/\/contibelt.com\/wp-content\/uploads\/2015\/08\/Geschichte_1200_800_versuch_groesser-500x333.jpg 500w, https:\/\/contibelt.com\/wp-content\/uploads\/2015\/08\/Geschichte_1200_800_versuch_groesser.jpg 1200w\" sizes=\"auto, (max-width: 300px) 100vw, 300px\" \/><\/a><\/p>\n<\/div><\/section><section class='slide-entry av-43qcxk-c02337f1794c6838866607bed5f8f96a flex_column av_one_third post-entry slide-entry-overview slide-loop-2 slide-parity-even  '  itemscope=\"itemscope\" itemtype=\"https:\/\/schema.org\/CreativeWork\" ><h3 class='slide-entry-title entry-title '  itemprop=\"headline\" ><a href='https:\/\/contibelt.com\/de\/kontakt\/'  title='Kontakt'>Kontakt<\/a><\/h3><div class='slide-entry-excerpt entry-content'  itemprop=\"text\" ><p><a href=\"https:\/\/contibelt.com\/de\/kontakt\/\"><img loading=\"lazy\" decoding=\"async\" class=\"alignnone size-medium wp-image-3805\" src=\"https:\/\/contibelt.com\/wp-content\/uploads\/2015\/10\/Fotolia_84420315_L_Kontakt_1200_800_versuch-mit-rot-300x200.jpg\" alt=\"\" width=\"300\" height=\"200\" srcset=\"https:\/\/contibelt.com\/wp-content\/uploads\/2015\/10\/Fotolia_84420315_L_Kontakt_1200_800_versuch-mit-rot-300x200.jpg 300w, https:\/\/contibelt.com\/wp-content\/uploads\/2015\/10\/Fotolia_84420315_L_Kontakt_1200_800_versuch-mit-rot-1024x683.jpg 1024w, https:\/\/contibelt.com\/wp-content\/uploads\/2015\/10\/Fotolia_84420315_L_Kontakt_1200_800_versuch-mit-rot-500x333.jpg 500w, https:\/\/contibelt.com\/wp-content\/uploads\/2015\/10\/Fotolia_84420315_L_Kontakt_1200_800_versuch-mit-rot.jpg 1200w\" sizes=\"auto, (max-width: 300px) 100vw, 300px\" \/><\/a><\/p>\n<\/div><\/section><section class='slide-entry av-ajvfs-7abc8de9f2aa2a95361d15ee1d3000fc flex_column av_one_third post-entry slide-entry-overview slide-loop-3 slide-parity-odd  post-entry-last  '  itemscope=\"itemscope\" itemtype=\"https:\/\/schema.org\/CreativeWork\" ><h3 class='slide-entry-title entry-title '  itemprop=\"headline\" ><a href='https:\/\/contibelt.com\/de\/aktuelles\/'  title='Aktuelles'>Aktuelles<\/a><\/h3><div class='slide-entry-excerpt entry-content'  itemprop=\"text\" ><p><a href=\"https:\/\/contibelt.com\/de\/aktuelles\/\"><img loading=\"lazy\" decoding=\"async\" class=\"alignnone size-medium wp-image-3542\" src=\"https:\/\/contibelt.com\/wp-content\/uploads\/2015\/09\/Fotolia_82590029_1200_800_news_hell-300x200.jpg\" alt=\"\" width=\"300\" height=\"200\" srcset=\"https:\/\/contibelt.com\/wp-content\/uploads\/2015\/09\/Fotolia_82590029_1200_800_news_hell-300x200.jpg 300w, https:\/\/contibelt.com\/wp-content\/uploads\/2015\/09\/Fotolia_82590029_1200_800_news_hell-1024x683.jpg 1024w, https:\/\/contibelt.com\/wp-content\/uploads\/2015\/09\/Fotolia_82590029_1200_800_news_hell-500x333.jpg 500w, https:\/\/contibelt.com\/wp-content\/uploads\/2015\/09\/Fotolia_82590029_1200_800_news_hell.jpg 1200w\" sizes=\"auto, (max-width: 300px) 100vw, 300px\" \/><\/a><\/p>\n<\/div><\/section><\/div><\/div><\/div>\n\n","protected":false},"excerpt":{"rendered":"","protected":false},"author":2,"featured_media":0,"parent":0,"menu_order":0,"comment_status":"open","ping_status":"open","template":"","meta":{"footnotes":""},"class_list":["post-297292","page","type-page","status-publish","hentry"],"_links":{"self":[{"href":"https:\/\/contibelt.com\/de\/wp-json\/wp\/v2\/pages\/297292","targetHints":{"allow":["GET"]}}],"collection":[{"href":"https:\/\/contibelt.com\/de\/wp-json\/wp\/v2\/pages"}],"about":[{"href":"https:\/\/contibelt.com\/de\/wp-json\/wp\/v2\/types\/page"}],"author":[{"embeddable":true,"href":"https:\/\/contibelt.com\/de\/wp-json\/wp\/v2\/users\/2"}],"replies":[{"embeddable":true,"href":"https:\/\/contibelt.com\/de\/wp-json\/wp\/v2\/comments?post=297292"}],"version-history":[{"count":23,"href":"https:\/\/contibelt.com\/de\/wp-json\/wp\/v2\/pages\/297292\/revisions"}],"predecessor-version":[{"id":298846,"href":"https:\/\/contibelt.com\/de\/wp-json\/wp\/v2\/pages\/297292\/revisions\/298846"}],"wp:attachment":[{"href":"https:\/\/contibelt.com\/de\/wp-json\/wp\/v2\/media?parent=297292"}],"curies":[{"name":"wp","href":"https:\/\/api.w.org\/{rel}","templated":true}]}}